{"id":17942,"date":"2020-02-27T20:24:28","date_gmt":"2020-02-27T23:24:28","guid":{"rendered":"http:\/\/www.obispado-mdp.org.ar\/a\/?page_id=17942"},"modified":"2021-03-30T20:22:50","modified_gmt":"2021-03-30T20:22:50","slug":"pastoral-de-drogadependencia","status":"publish","type":"page","link":"https:\/\/www.obispado-mdp.org.ar\/a\/pastoral-de-drogadependencia\/","title":{"rendered":"Pastoral de Drogadependencia"},"content":{"rendered":"<p>[et_pb_section fb_built=\u00bb1&#8243; inner_shadow=\u00bbon\u00bb _builder_version=\u00bb3.22&#8243; background_color=\u00bb#0196ae\u00bb background_image=\u00bbhttps:\/\/obispado-mdp.org.ar\/a\/wp-content\/uploads\/2020\/02\/servicios.jpg\u00bb mix_blend_mode=\u00bbmultiply\u00bb top_divider_flip=\u00bbvertical\u00bb bottom_divider_style=\u00bbcurve\u00bb bottom_divider_color=\u00bb#0196ae\u00bb bottom_divider_height=\u00bb11px\u00bb bottom_divider_arrangement=\u00bbabove_content\u00bb saved_tabs=\u00bball\u00bb][et_pb_row _builder_version=\u00bb3.25&#8243;][et_pb_column type=\u00bb4_4&#8243; _builder_version=\u00bb3.25&#8243; custom_padding=\u00bb|||\u00bb custom_padding__hover=\u00bb|||\u00bb][et_pb_text _builder_version=\u00bb3.27.4&#8243; header_font=\u00bb|600|||||||\u00bb header_text_color=\u00bb#ffffff\u00bb header_line_height=\u00bb0.9em\u00bb header_text_shadow_style=\u00bbpreset3&#8243;]<\/p>\n<h1 style=\"text-align: center;\">Servicio<\/h1>\n<p>[\/et_pb_text][\/et_pb_column][\/et_pb_row][\/et_pb_section][et_pb_section fb_built=\u00bb1&#8243; _builder_version=\u00bb3.22&#8243;][et_pb_row admin_label=\u00bbText\u00bb module_class=\u00bb et_pb_row_fullwidth\u00bb _builder_version=\u00bb3.25&#8243; width=\u00bb89%\u00bb width_tablet=\u00bb80%\u00bb width_last_edited=\u00bbon|desktop\u00bb max_width=\u00bb89%\u00bb max_width_tablet=\u00bb80%\u00bb max_width_last_edited=\u00bbon|desktop\u00bb custom_padding=\u00bb|||24px|false|false\u00bb border_color_bottom=\u00bb#0196ae\u00bb border_color_left=\u00bb#0196ae\u00bb make_fullwidth=\u00bbon\u00bb saved_tabs=\u00bball\u00bb column_structure=\u00bb3_4,1_4&#8243;][et_pb_column type=\u00bb3_4&#8243; _builder_version=\u00bb3.25&#8243; custom_padding=\u00bb|||\u00bb parallax__hover=\u00bboff\u00bb parallax_method__hover=\u00bbon\u00bb custom_padding__hover=\u00bb|||\u00bb][et_pb_text admin_label=\u00bbText\u00bb _builder_version=\u00bb3.27.4&#8243; header_font=\u00bb|700|||||||\u00bb header_text_color=\u00bb#0196ae\u00bb border_width_bottom=\u00bb1px\u00bb border_color_bottom=\u00bb#0196ae\u00bb]<\/p>\n<h1>Pastoral de Drogadependencia<\/h1>\n<p>[\/et_pb_text][et_pb_image src=\u00bbhttps:\/\/obispado-mdp.org.ar\/a\/wp-content\/uploads\/2020\/02\/30705930_1701750173237956_129798971156594688_n.png\u00bb align_tablet=\u00bbcenter\u00bb align_last_edited=\u00bbon|desktop\u00bb _builder_version=\u00bb3.23&#8243;][\/et_pb_image][et_pb_text _builder_version=\u00bb3.27.4&#8243; header_font=\u00bb||||||||\u00bb header_text_color=\u00bb#0196ae\u00bb header_2_font=\u00bb||||||||\u00bb header_2_text_color=\u00bb#0196ae\u00bb header_3_font=\u00bb||||||||\u00bb header_3_text_color=\u00bb#0196ae\u00bb]<\/p>\n<p><strong><\/strong><\/p>\n<p>La Pastoral de la Drogadependencia tiene como prop\u00f3sito integrar los esfuerzos y acciones de toda la Iglesia marplatense para dar respuestas concretas a este preocupante mal de nuestro tiempo<\/p>\n<p>Porque son nuestras comunidades, nuestros hermanos, en todos los \u00e1mbitos de la ciudad y el pa\u00eds, los que est\u00e1n expuestos a los da\u00f1os asociados al consumo de drogas<\/p>\n<p>En el centro del problema est\u00e1 el HOMBRE y la Iglesia, experta en humanidad, acude presurosa en busca de respuestas.<\/p>\n<p><span style=\"color: #0196ae;\"><strong>ESTAMOS PARA AYUDARTE\u2026. LLAMANOS<\/strong><\/span><\/p>\n<p><span><a href=\"https:\/\/serviciosacerdotal3.wixsite.com\/ssumdp\"><\/a><\/span><\/p>\n<p>[\/et_pb_text][et_pb_text _builder_version=\u00bb3.27.4&#8243; text_font=\u00bb||||||||\u00bb text_line_height=\u00bb1.5em\u00bb locked=\u00bboff\u00bb]<\/p>\n<h3>DATOS DE CONTACTO<\/h3>\n<p><span class=\"dashicons dashicons-admin-comments\"><\/span><a href=\"https:\/\/m.me\/pdrogadependencia?fbclid=IwAR1LpEKFBd3qa0uGBJEVBEbUfFZzamOCrgH3-QHlKAOXk_wZDxVutWXK55s\" target=\"_blank\" rel=\"noopener nofollow noreferrer\" data-lynx-mode=\"asynclazy\" id=\"u_fetchstream_2_9\" data-lynx-uri=\"https:\/\/l.facebook.com\/l.php?u=https%3A%2F%2Fm.me%2Fpdrogadependencia%3Ffbclid%3DIwAR1LpEKFBd3qa0uGBJEVBEbUfFZzamOCrgH3-QHlKAOXk_wZDxVutWXK55s&amp;h=AT0budqOPoRIVrsTqX_KsyRICFIBKGJ41sUj3d2MLmLc6ua7h5IYyMGXvI4kIaVaPqfMZYsbCbSF-EX5SNeAETIjTNDJHlN69TAd63sxLHFX7yhjFcua0aRZFYEa55yxwo0\"><span class=\"_2iem\">m.me\/pdrogadependencia<\/span><\/a><\/p>\n<p style=\"text-align: left;\"><span class=\"dashicons dashicons-email-alt\"><\/span> <a href=\"mailto:pdrogadependencia@gmail.com\">pdrogadependencia@gmail.com<\/a><\/p>\n<p style=\"text-align: left;\"><span class=\"dashicons dashicons-facebook\"><\/span> <span><a href=\"https:\/\/www.facebook.com\/pdrogadependencia\/\">pdrogadependencia<\/a><\/span><\/p>\n<p>&nbsp;[\/et_pb_text][et_pb_image src=\u00bbhttps:\/\/obispado-mdp.org.ar\/a\/wp-content\/uploads\/2020\/02\/drogadependencia.jpg\u00bb align_tablet=\u00bbcenter\u00bb align_last_edited=\u00bbon|desktop\u00bb _builder_version=\u00bb3.23&#8243;][\/et_pb_image][\/et_pb_column][et_pb_column type=\u00bb1_4&#8243; _builder_version=\u00bb3.25&#8243; custom_padding=\u00bb|||\u00bb parallax__hover=\u00bboff\u00bb parallax_method__hover=\u00bbon\u00bb custom_padding__hover=\u00bb|||\u00bb][et_pb_text _builder_version=\u00bb3.27.4&#8243; text_font=\u00bb||||||||\u00bb header_font=\u00bb||||||||\u00bb header_text_color=\u00bb#0196ae\u00bb header_4_font=\u00bb||||||||\u00bb header_4_text_color=\u00bb#ffffff\u00bb background_color=\u00bb#0196ae\u00bb custom_margin=\u00bb0px|0px|0px|0px\u00bb custom_padding=\u00bb10px|10px|0px|20px\u00bb]<\/p>\n<h4><strong>SERVICIOS<\/strong><\/h4>\n<p>[\/et_pb_text][dsm_menu title_bottom_gap=\u00bb8px\u00bb menu_id=\u00bb57&#8243; list_style_color=\u00bb#0196ae\u00bb _builder_version=\u00bb4.4.8&#8243; header_font=\u00bbGeorgia|700|||on|on||#0196ae|dotted\u00bb header_text_color=\u00bb#0196ae\u00bb background_color=\u00bbrgba(1,150,174,0.05)\u00bb custom_margin=\u00bb-10px|-10px|-10px|-10px\u00bb custom_padding=\u00bb20px|10px|10px|20px\u00bb custom_padding_last_edited=\u00bboff|desktop\u00bb hover_enabled=\u00bb0&#8243;][\/dsm_menu][\/et_pb_column][\/et_pb_row][\/et_pb_section]<\/p>\n","protected":false},"excerpt":{"rendered":"<p>[et_pb_section fb_built=\u00bb1&#8243; inner_shadow=\u00bbon\u00bb _builder_version=\u00bb3.22&#8243; background_color=\u00bb#0196ae\u00bb background_image=\u00bbhttps:\/\/obispado-mdp.org.ar\/a\/wp-content\/uploads\/2020\/02\/servicios.jpg\u00bb mix_blend_mode=\u00bbmultiply\u00bb top_divider_flip=\u00bbvertical\u00bb bottom_divider_style=\u00bbcurve\u00bb bottom_divider_color=\u00bb#0196ae\u00bb bottom_divider_height=\u00bb11px\u00bb bottom_divider_arrangement=\u00bbabove_content\u00bb saved_tabs=\u00bball\u00bb][et_pb_row _builder_version=\u00bb3.25&#8243;][et_pb_column type=\u00bb4_4&#8243; _builder_version=\u00bb3.25&#8243; custom_padding=\u00bb|||\u00bb custom_padding__hover=\u00bb|||\u00bb][et_pb_text _builder_version=\u00bb3.27.4&#8243; header_font=\u00bb|600|||||||\u00bb header_text_color=\u00bb#ffffff\u00bb header_line_height=\u00bb0.9em\u00bb header_text_shadow_style=\u00bbpreset3&#8243;] Servicio [\/et_pb_text][\/et_pb_column][\/et_pb_row][\/et_pb_section][et_pb_section fb_built=\u00bb1&#8243; _builder_version=\u00bb3.22&#8243;][et_pb_row admin_label=\u00bbText\u00bb module_class=\u00bb et_pb_row_fullwidth\u00bb _builder_version=\u00bb3.25&#8243; width=\u00bb89%\u00bb width_tablet=\u00bb80%\u00bb width_last_edited=\u00bbon|desktop\u00bb max_width=\u00bb89%\u00bb max_width_tablet=\u00bb80%\u00bb max_width_last_edited=\u00bbon|desktop\u00bb custom_padding=\u00bb|||24px|false|false\u00bb border_color_bottom=\u00bb#0196ae\u00bb border_color_left=\u00bb#0196ae\u00bb make_fullwidth=\u00bbon\u00bb saved_tabs=\u00bball\u00bb column_structure=\u00bb3_4,1_4&#8243;][et_pb_column type=\u00bb3_4&#8243; _builder_version=\u00bb3.25&#8243; custom_padding=\u00bb|||\u00bb parallax__hover=\u00bboff\u00bb parallax_method__hover=\u00bbon\u00bb custom_padding__hover=\u00bb|||\u00bb][et_pb_text admin_label=\u00bbText\u00bb _builder_version=\u00bb3.27.4&#8243; header_font=\u00bb|700|||||||\u00bb header_text_color=\u00bb#0196ae\u00bb border_width_bottom=\u00bb1px\u00bb border_color_bottom=\u00bb#0196ae\u00bb] [&hellip;]<\/p>\n","protected":false},"author":1,"featured_media":0,"parent":0,"menu_order":0,"comment_status":"closed","ping_status":"closed","template":"","meta":{"_et_pb_use_builder":"on","_et_pb_old_content":"","_et_gb_content_width":""},"aioseo_notices":[],"_links":{"self":[{"href":"https:\/\/www.obispado-mdp.org.ar\/a\/wp-json\/wp\/v2\/pages\/17942"}],"collection":[{"href":"https:\/\/www.obispado-mdp.org.ar\/a\/wp-json\/wp\/v2\/pages"}],"about":[{"href":"https:\/\/www.obispado-mdp.org.ar\/a\/wp-json\/wp\/v2\/types\/page"}],"author":[{"embeddable":true,"href":"https:\/\/www.obispado-mdp.org.ar\/a\/wp-json\/wp\/v2\/users\/1"}],"replies":[{"embeddable":true,"href":"https:\/\/www.obispado-mdp.org.ar\/a\/wp-json\/wp\/v2\/comments?post=17942"}],"version-history":[{"count":1,"href":"https:\/\/www.obispado-mdp.org.ar\/a\/wp-json\/wp\/v2\/pages\/17942\/revisions"}],"predecessor-version":[{"id":31511,"href":"https:\/\/www.obispado-mdp.org.ar\/a\/wp-json\/wp\/v2\/pages\/17942\/revisions\/31511"}],"wp:attachment":[{"href":"https:\/\/www.obispado-mdp.org.ar\/a\/wp-json\/wp\/v2\/media?parent=17942"}],"curies":[{"name":"wp","href":"https:\/\/api.w.org\/{rel}","templated":true}]}}