{"id":17959,"date":"2020-02-27T20:45:38","date_gmt":"2020-02-27T23:45:38","guid":{"rendered":"http:\/\/www.obispado-mdp.org.ar\/a\/?page_id=17959"},"modified":"2024-06-14T09:31:22","modified_gmt":"2024-06-14T12:31:22","slug":"consultora-de-familia","status":"publish","type":"page","link":"https:\/\/www.obispado-mdp.org.ar\/a\/consultora-de-familia\/","title":{"rendered":"Consultora de Familia"},"content":{"rendered":"<p>[et_pb_section fb_built=\u00bb1&#8243; inner_shadow=\u00bbon\u00bb _builder_version=\u00bb3.22&#8243; background_color=\u00bb#0196ae\u00bb background_image=\u00bbhttps:\/\/obispado-mdp.org.ar\/a\/wp-content\/uploads\/2020\/02\/servicios.jpg\u00bb mix_blend_mode=\u00bbmultiply\u00bb top_divider_flip=\u00bbvertical\u00bb bottom_divider_style=\u00bbcurve\u00bb bottom_divider_color=\u00bb#0196ae\u00bb bottom_divider_height=\u00bb11px\u00bb bottom_divider_arrangement=\u00bbabove_content\u00bb saved_tabs=\u00bball\u00bb][et_pb_row _builder_version=\u00bb3.25&#8243;][et_pb_column type=\u00bb4_4&#8243; _builder_version=\u00bb3.25&#8243; custom_padding=\u00bb|||\u00bb custom_padding__hover=\u00bb|||\u00bb][et_pb_text _builder_version=\u00bb3.27.4&#8243; header_font=\u00bb|600|||||||\u00bb header_text_color=\u00bb#ffffff\u00bb header_line_height=\u00bb0.9em\u00bb header_text_shadow_style=\u00bbpreset3&#8243;]<\/p>\n<h1 style=\"text-align: center;\">Servicio<\/h1>\n<p>[\/et_pb_text][\/et_pb_column][\/et_pb_row][\/et_pb_section][et_pb_section fb_built=\u00bb1&#8243; _builder_version=\u00bb3.22&#8243;][et_pb_row column_structure=\u00bb3_4,1_4&#8243; admin_label=\u00bbText\u00bb module_class=\u00bb et_pb_row_fullwidth\u00bb _builder_version=\u00bb3.25&#8243; width=\u00bb89%\u00bb width_tablet=\u00bb80%\u00bb width_phone=\u00bb\u00bb width_last_edited=\u00bbon|desktop\u00bb max_width=\u00bb89%\u00bb max_width_tablet=\u00bb80%\u00bb max_width_phone=\u00bb\u00bb max_width_last_edited=\u00bbon|desktop\u00bb custom_padding=\u00bb|||24px|false|false\u00bb border_color_bottom=\u00bb#0196ae\u00bb border_color_left=\u00bb#0196ae\u00bb make_fullwidth=\u00bbon\u00bb saved_tabs=\u00bball\u00bb][et_pb_column type=\u00bb3_4&#8243; _builder_version=\u00bb3.25&#8243; custom_padding=\u00bb|||\u00bb parallax__hover=\u00bboff\u00bb parallax_method__hover=\u00bbon\u00bb custom_padding__hover=\u00bb|||\u00bb][et_pb_text admin_label=\u00bbText\u00bb _builder_version=\u00bb4.4.8&#8243; header_font=\u00bb|700|||||||\u00bb header_text_color=\u00bb#0196ae\u00bb hover_enabled=\u00bb0&#8243; border_width_bottom=\u00bb1px\u00bb border_color_bottom=\u00bb#0196ae\u00bb]<\/p>\n<h1>Consultor\u00edas de familias para familias (CFF)<\/h1>\n<p>[\/et_pb_text][et_pb_text _builder_version=\u00bb4.4.8&#8243; header_font=\u00bb||||||||\u00bb header_text_color=\u00bb#0196ae\u00bb header_2_font=\u00bb||||||||\u00bb header_2_text_color=\u00bb#0196ae\u00bb header_3_font=\u00bb||||||||\u00bb header_3_text_color=\u00bb#0196ae\u00bb]<\/p>\n<p><img loading=\"lazy\" class=\"wp-image-17963 alignleft size-medium\" src=\"https:\/\/www.obispado-mdp.org.ar\/a\/wp-content\/uploads\/2021\/04\/descarga-1.jpg\" alt=\"\" width=\"145\" height=\"113\" \/><\/p>\n<p>Las CFF son un espacio de escucha, de orientaci\u00f3n y de acompa\u00f1amiento a las familias. Una propuesta concreta para enfrentar la problem\u00e1tica familiar actual con absoluta confidencialidad y apertura a todos aquellos que lo requieran. El esp\u00edritu que nos anima es: \u201cser familia\u201d. Es llevada adelante por matrimonios que reciben y acompa\u00f1an a quien se presenta con una problem\u00e1tica familiar.<\/p>\n<p>Es muy importante el trabajo en red que se realiza, si la derivaci\u00f3n fuera necesaria, se trabaja conjuntamente con servicios pastorales eclesiales (c\u00e1ritas, pastoral adicciones, Ain Karem, etc. y de organismos no gubernamentales y gubernamentales, nacionales, provinciales y municipales, (Juzgados de familia, Centros de protecci\u00f3n de la ni\u00f1ez y adolescencia, defensor\u00edas del pueblo, Comisar\u00eda de la mujer, Cafer, CAMM, etc.)<\/p>\n<p>El servicio es totalmente gratuito y confidencial y pueden acercarse todas las personas de cualquier credo o religi\u00f3n. Las familias que lo requieran, podr\u00e1n concurrir desde un grupo familiar completo hasta una \u00fanica persona.<\/p>\n<p>[\/et_pb_text][et_pb_text _builder_version=\u00bb4.0.6&#8243; text_font=\u00bb||||||||\u00bb text_line_height=\u00bb1.5em\u00bb locked=\u00bboff\u00bb]<\/p>\n<h3>DATOS DE CONTACTO<br \/>\n<span style=\"color: #ff0000;\"><strong><br \/>\nTELEFONO: 223 3062241<\/strong><\/span><\/h3>\n<p><strong>Contacto para solicitar entrevista:<\/strong><\/p>\n<p><strong>WhatsApp:\u00a0 223 306 2241<\/strong><\/p>\n<p><strong>Email: consultoriafamiliar.mdp@gmail.com<\/strong><\/p>\n<p><a href=\"m.me\/pastoralfamiliarmdp\">m.me\/pastoralfamiliarmdp<\/a><\/p>\n<p style=\"text-align: left;\"><a href=\"https:\/\/www.facebook.com\/pastoralfamiliarmdp\/\">pastoralfamiliarmdp<\/a><\/p>\n<p>[\/et_pb_text][et_pb_image src=\u00bbhttps:\/\/www.obispado-mdp.org.ar\/a\/wp-content\/uploads\/2021\/04\/pastoralccf.jpg\u00bb title_text=\u00bbpastoralccf\u00bb align_tablet=\u00bbcenter\u00bb align_phone=\u00bb\u00bb align_last_edited=\u00bbon|desktop\u00bb _builder_version=\u00bb4.4.8&#8243;][\/et_pb_image][et_pb_text admin_label=\u00bbText\u00bb module_id=\u00bbadultos\u00bb _builder_version=\u00bb4.4.8&#8243; header_font=\u00bb|700|||||||\u00bb header_text_color=\u00bb#0196ae\u00bb border_width_bottom=\u00bb1px\u00bb border_color_bottom=\u00bb#0196ae\u00bb]<\/p>\n<h1>Subcomisi\u00f3n Pastoral Adultos Mayores<\/h1>\n<p>[\/et_pb_text][et_pb_text _builder_version=\u00bb4.4.8&#8243; header_font=\u00bb||||||||\u00bb header_text_color=\u00bb#0196ae\u00bb header_2_font=\u00bb||||||||\u00bb header_2_text_color=\u00bb#0196ae\u00bb header_3_font=\u00bb||||||||\u00bb header_3_text_color=\u00bb#0196ae\u00bb]<\/p>\n<p><strong><img loading=\"lazy\" class=\"wp-image-31761 alignleft size-medium\" src=\"https:\/\/www.obispado-mdp.org.ar\/a\/wp-content\/uploads\/2021\/04\/adultos-212x300.jpg\" alt=\"\" width=\"212\" height=\"300\" \/>Visi\u00f3n:<\/strong> Atentos a la problem\u00e1tica que hoy sufre la sociedad toda, y en particular los adultos mayores, nuestro desaf\u00edo es buscar juntos una respuesta creativa y evang\u00e9lica que tienda a revalorizar y contener a la vejez en el marco de un acompa\u00f1amiento que los consuele y fortalezca espiritual, emocional y comunitariamente<\/p>\n<p><strong>Estrategias:<\/strong> Hasta que se declar\u00f3 la pandemia, estos objetivos los alcanzamos proponiendo encuentros parroquiales y comunitarios abiertos brindando un espacio donde se compart\u00edan problem\u00e1ticas, experiencias, alegr\u00edas, estrechando v\u00ednculos de amistad y formativos a nivel integral.<\/p>\n<p>A partir de marzo del a\u00f1o 2020 y siguiendo los protocolos establecidos, se reemplazaron los encuentros presenciales por diversos tipos de acercamiento a trav\u00e9s de las nuevas tecnolog\u00edas virtuales y haciendo ejercicio de la creatividad en otros m\u00e9todos pastorales. Estas modalidades est\u00e1n cumpliendo con la tarea de acompa\u00f1ar y superar este tiempo de soledad y aislamiento anim\u00e1ndolos con un permanente y fraternal contacto comunitario transmitiendo los valores evang\u00e9licos que los consuele y aliente en su realidad personal, familiar y social.<\/p>\n<p>Toda esta tarea, nada f\u00e1cil, no hubiera podido lograrse sin la permanente y valiosa participaci\u00f3n de nuestro asesor, el padre Walter Pereyra, quien nos brinda abundantes elementos y aportes a nivel evang\u00e9lico, espiritual y doctrinal que nuestros adultos mayores reciben con gran benepl\u00e1cito y generoso agradecimiento.<\/p>\n<p>[\/et_pb_text][et_pb_text admin_label=\u00bbText\u00bb _builder_version=\u00bb4.4.8&#8243; header_font=\u00bb|700|||||||\u00bb header_text_color=\u00bb#0196ae\u00bb border_width_bottom=\u00bb1px\u00bb border_color_bottom=\u00bb#0196ae\u00bb]<\/p>\n<h1>Proyecto esperanza<\/h1>\n<p>[\/et_pb_text][et_pb_text _builder_version=\u00bb4.4.8&#8243; header_font=\u00bb||||||||\u00bb header_text_color=\u00bb#0196ae\u00bb header_2_font=\u00bb||||||||\u00bb header_2_text_color=\u00bb#0196ae\u00bb header_3_font=\u00bb||||||||\u00bb header_3_text_color=\u00bb#0196ae\u00bb]<\/p>\n<p><img loading=\"lazy\" class=\"wp-image-31767 alignleft size-medium\" src=\"https:\/\/www.obispado-mdp.org.ar\/a\/wp-content\/uploads\/2021\/04\/esperanza-300x108.jpg\" alt=\"\" width=\"308\" height=\"111\" \/>Es un servicio pastoral de sanaci\u00f3n del s\u00edndrome posaborto (tanto para hombres como mujeres) que abarca no solo lo espiritual como lo podr\u00edan realizar los sacerdotes, sino tambi\u00e9n la salud f\u00edsica y psicol\u00f3gica de la persona.<\/p>\n<p>Es un espacio con Voluntarios previamente capacitados para este acompa\u00f1amiento que dura un a\u00f1o aproximadamente y est\u00e1 pautado en etapas<\/p>\n<p>El equipo del servicio, todos dispuestos a trabajar activamente en favor de los hermanos que transitan su humanidad herida por el aborto, y e informar en cualquier \u00e1mbito (parroquias, movimientos, etc.)\u00a0\u00a0 sobre esta pastoral.<\/p>\n<h4><strong>Contactos:<\/strong><\/h4>\n<p><strong>Email: proyectoesperanzamdp@gmail.com<\/strong><\/p>\n<p><strong>WhatsApp:\u00a0 2236248201<\/strong><\/p>\n<p>[\/et_pb_text][et_pb_text admin_label=\u00bbText\u00bb _builder_version=\u00bb4.4.8&#8243; header_font=\u00bb|700|||||||\u00bb header_text_color=\u00bb#0196ae\u00bb border_width_bottom=\u00bb1px\u00bb border_color_bottom=\u00bb#0196ae\u00bb]<\/p>\n<h1>S\u00ed, quiero<\/h1>\n<p>[\/et_pb_text][et_pb_text _builder_version=\u00bb4.4.8&#8243; header_font=\u00bb||||||||\u00bb header_text_color=\u00bb#0196ae\u00bb header_2_font=\u00bb||||||||\u00bb header_2_text_color=\u00bb#0196ae\u00bb header_3_font=\u00bb||||||||\u00bb header_3_text_color=\u00bb#0196ae\u00bb]<\/p>\n<p><span style=\"font-size: 14px;\"><img loading=\"lazy\" class=\"wp-image-31764 alignleft size-medium\" src=\"https:\/\/www.obispado-mdp.org.ar\/a\/wp-content\/uploads\/2021\/04\/siquiero-300x189.jpg\" alt=\"\" width=\"376\" height=\"237\" \/>Es un servicio de acompa\u00f1amiento, que se brinda a las parejas que se acercan a la parroquia para casarse. La Iglesia, por medio de un matrimonio gu\u00eda, recibe y acompa\u00f1a a los novios de un modo cercano, personalizado, afectuoso, festivo y testimonial.<\/span><\/p>\n<p><span style=\"font-size: 14px;\">Se realizan varios encuentros para caminar juntos este momento tan particular e importante. La intenci\u00f3n es ayudarlos con las preparaciones finales, en el armado personalizado y en la profundizaci\u00f3n de la ceremonia, como as\u00ed tambi\u00e9n \u201ca descubrir el valor y la riqueza del matrimonio\u201d y a \u201cpercibir el atractivo de una uni\u00f3n plena que eleva y perfecciona la dimensi\u00f3n social de la existencia\u201d.<\/span><\/p>\n<p>[\/et_pb_text][\/et_pb_column][et_pb_column type=\u00bb1_4&#8243; _builder_version=\u00bb3.25&#8243; custom_padding=\u00bb|||\u00bb parallax__hover=\u00bboff\u00bb parallax_method__hover=\u00bbon\u00bb custom_padding__hover=\u00bb|||\u00bb][et_pb_text _builder_version=\u00bb3.27.4&#8243; text_font=\u00bb||||||||\u00bb header_font=\u00bb||||||||\u00bb header_text_color=\u00bb#0196ae\u00bb header_4_font=\u00bb||||||||\u00bb header_4_text_color=\u00bb#ffffff\u00bb background_color=\u00bb#0196ae\u00bb custom_margin=\u00bb0px|0px|0px|0px\u00bb custom_padding=\u00bb10px|10px|0px|20px\u00bb]<\/p>\n<h4><strong>SERVICIOS<\/strong><\/h4>\n<p>[\/et_pb_text][dsm_menu title_bottom_gap=\u00bb8px\u00bb menu_id=\u00bb57&#8243; list_style_color=\u00bb#0196ae\u00bb _builder_version=\u00bb4.4.8&#8243; header_font=\u00bbGeorgia|700|||on|on||#0196ae|dotted\u00bb header_text_color=\u00bb#0196ae\u00bb background_color=\u00bbrgba(1,150,174,0.05)\u00bb custom_margin=\u00bb-10px|-10px|-10px|-10px\u00bb custom_padding=\u00bb20px|10px|10px|20px\u00bb custom_padding_last_edited=\u00bboff|desktop\u00bb][\/dsm_menu][\/et_pb_column][\/et_pb_row][\/et_pb_section]<\/p>\n","protected":false},"excerpt":{"rendered":"<p>Las CFF son un espacio de escucha, de orientaci\u00f3n y de acompa\u00f1amiento a las familias.<\/p>\n","protected":false},"author":1,"featured_media":0,"parent":0,"menu_order":0,"comment_status":"closed","ping_status":"closed","template":"","meta":{"_et_pb_use_builder":"on","_et_pb_old_content":"","_et_gb_content_width":""},"aioseo_notices":[],"_links":{"self":[{"href":"https:\/\/www.obispado-mdp.org.ar\/a\/wp-json\/wp\/v2\/pages\/17959"}],"collection":[{"href":"https:\/\/www.obispado-mdp.org.ar\/a\/wp-json\/wp\/v2\/pages"}],"about":[{"href":"https:\/\/www.obispado-mdp.org.ar\/a\/wp-json\/wp\/v2\/types\/page"}],"author":[{"embeddable":true,"href":"https:\/\/www.obispado-mdp.org.ar\/a\/wp-json\/wp\/v2\/users\/1"}],"replies":[{"embeddable":true,"href":"https:\/\/www.obispado-mdp.org.ar\/a\/wp-json\/wp\/v2\/comments?post=17959"}],"version-history":[{"count":11,"href":"https:\/\/www.obispado-mdp.org.ar\/a\/wp-json\/wp\/v2\/pages\/17959\/revisions"}],"predecessor-version":[{"id":44036,"href":"https:\/\/www.obispado-mdp.org.ar\/a\/wp-json\/wp\/v2\/pages\/17959\/revisions\/44036"}],"wp:attachment":[{"href":"https:\/\/www.obispado-mdp.org.ar\/a\/wp-json\/wp\/v2\/media?parent=17959"}],"curies":[{"name":"wp","href":"https:\/\/api.w.org\/{rel}","templated":true}]}}