{"id":18002,"date":"2020-02-28T11:09:25","date_gmt":"2020-02-28T14:09:25","guid":{"rendered":"http:\/\/www.obispado-mdp.org.ar\/a\/?page_id=18002"},"modified":"2026-04-29T20:38:44","modified_gmt":"2026-04-29T23:38:44","slug":"pastorales-y-movimientos-e-intituciones","status":"publish","type":"page","link":"https:\/\/www.obispado-mdp.org.ar\/a\/diocesis\/pastorales-y-movimientos-e-intituciones\/","title":{"rendered":"Pastorales, Movimientos e Instituciones"},"content":{"rendered":"<p>[et_pb_section fb_built=\u00bb1&#8243; inner_shadow=\u00bbon\u00bb _builder_version=\u00bb3.22&#8243; background_color=\u00bb#0196ae\u00bb background_image=\u00bbhttps:\/\/obispado-mdp.org.ar\/a\/wp-content\/uploads\/2020\/02\/servicios.jpg\u00bb mix_blend_mode=\u00bbmultiply\u00bb top_divider_flip=\u00bbvertical\u00bb bottom_divider_style=\u00bbcurve\u00bb bottom_divider_color=\u00bb#0196ae\u00bb bottom_divider_height=\u00bb11px\u00bb bottom_divider_arrangement=\u00bbabove_content\u00bb saved_tabs=\u00bball\u00bb][et_pb_row _builder_version=\u00bb3.25&#8243;][et_pb_column type=\u00bb4_4&#8243; _builder_version=\u00bb3.25&#8243; custom_padding=\u00bb|||\u00bb custom_padding__hover=\u00bb|||\u00bb][et_pb_text _builder_version=\u00bb3.27.4&#8243; header_font=\u00bb|600|||||||\u00bb header_text_color=\u00bb#ffffff\u00bb header_line_height=\u00bb0.9em\u00bb header_text_shadow_style=\u00bbpreset3&#8243;]<\/p>\n<h1 style=\"text-align: center;\">Pastorales, Movimientos e Instituciones<\/h1>\n<p>[\/et_pb_text][\/et_pb_column][\/et_pb_row][\/et_pb_section][et_pb_section fb_built=\u00bb1&#8243; specialty=\u00bbon\u00bb module_class=\u00bb et_pb_specialty_fullwidth\u00bb _builder_version=\u00bb3.22&#8243; inner_width=\u00bb89%\u00bb inner_width_tablet=\u00bb80%\u00bb inner_width_phone=\u00bb\u00bb inner_width_last_edited=\u00bbon|desktop\u00bb inner_max_width=\u00bb89%\u00bb inner_max_width_tablet=\u00bb80%\u00bb inner_max_width_phone=\u00bb\u00bb inner_max_width_last_edited=\u00bbon|desktop\u00bb custom_margin=\u00bb0px||0px\u00bb custom_padding=\u00bb0px||0px\u00bb make_fullwidth=\u00bbon\u00bb][et_pb_column type=\u00bb3_4&#8243; specialty_columns=\u00bb3&#8243; _builder_version=\u00bb3.25&#8243; custom_padding=\u00bb|||\u00bb parallax__hover=\u00bboff\u00bb parallax_method__hover=\u00bbon\u00bb custom_padding__hover=\u00bb|||\u00bb][et_pb_row_inner _builder_version=\u00bb3.25&#8243;][et_pb_column_inner saved_specialty_column_type=\u00bb3_4&#8243; _builder_version=\u00bb3.25&#8243; custom_padding=\u00bb|||\u00bb parallax__hover=\u00bboff\u00bb parallax_method__hover=\u00bbon\u00bb custom_padding__hover=\u00bb|||\u00bb][et_pb_text _builder_version=\u00bb3.27.4&#8243; background_color=\u00bbrgba(1,150,174,0.07)\u00bb custom_padding=\u00bb2px|5px|4px|5px\u00bb]<\/p>\n<div class=\"et_pb_module et_pb_text et_pb_text_1 et_pb_bg_layout_light  et_pb_text_align_left\">\n<div class=\"et_pb_text_inner\">\n<blockquote><p><strong>\u201cLos laicos se asocian libremente de modo org\u00e1nico y estable, bajo el impulso del Esp\u00edritu Santo, en comuni\u00f3n con el Obispo y con los sacerdotes, para poder servir, con fidelidad y laboriosidad, seg\u00fan el modo que es propio a su vocaci\u00f3n y con un m\u00e9todo particular, al incremento de toda la comunidad cristiana, a los proyectos pastorales y a la animaci\u00f3n evang\u00e9lica de todos los \u00e1mbitos de la vida.\u201d <\/strong><\/p>\n<p style=\"text-align: right;\"><em><strong>(Christifideles Laici n\u00ba 31)<\/strong><\/em><\/p>\n<\/blockquote>\n<\/div>\n<\/div>\n<p>[\/et_pb_text][et_pb_text _builder_version=\u00bb4.4.8&#8243; text_font=\u00bb||||||||\u00bb hover_enabled=\u00bb0&#8243;]<\/p>\n<ul>\n<li>PASTORALES, MOVIMIENTOS E INSTITUCIONES\n<ul>\n<li><a href=\"https:\/\/www.facebook.com\/profile.php?id=100064469781212\" target=\"_blank\" rel=\"noopener noreferrer\">Acci\u00f3n Cat\u00f3lica Argentina<\/a><\/li>\n<li>Amigos de Don Orione<\/li>\n<li>Caminos de Vida Cristiana<\/li>\n<li><a href=\"http:\/\/www.caritasmardelplata.org.ar\/\" target=\"_blank\" rel=\"noopener\">C\u00e1ritas Diocesana<\/a><\/li>\n<li>Carmelo Seglar en Mar del Plata<\/li>\n<li><a href=\"http:\/\/eut.edu.ar\/\" target=\"_blank\" rel=\"noopener\">DI.E.R.<\/a><\/li>\n<li><a href=\"http:\/\/www.comunidadsea.org\/\" target=\"_blank\" rel=\"noopener\">Centro\u00a0 de Espiritualidad Santa Mar\u00eda<\/a><\/li>\n<li><a href=\"https:\/\/www.facebook.com\/ecumenismo.interreligioso.9\" target=\"_blank\" rel=\"noopener\">Comisi\u00f3n Diocesana para el Ecumenismo y el Di\u00e1logo Interreligioso<\/a><\/li>\n<li><a href=\"https:\/\/www.facebook.com\/COBIDI.mdp\" target=\"_blank\" rel=\"noopener\">Comisi\u00f3n B\u00edblica Diocesana (COBIDI)<\/a><\/li>\n<li><a href=\"https:\/\/liturgiamardelplata.wordpress.com\/\" target=\"_blank\" rel=\"noopener\">Comisi\u00f3n Diocesana de Liturgia<\/a><\/li>\n<li>Comisi\u00f3n Diocesana de Migraciones y Turismo<\/li>\n<li><a href=\"https:\/\/www.facebook.com\/BienesCulturalesMdP\" target=\"_blank\" rel=\"noopener\">Comisi\u00f3n Diocesana de Bienes Culturales<\/a><\/li>\n<li>Comisi\u00f3n Diocesana Misa por TV<\/li>\n<li>Encuentros de Evangelizaci\u00f3n \u00abCura Brochero\u00bb<\/li>\n<li>Encuentros \u201cVida\u201d<\/li>\n<li>Escuela Diocesana para el Diaconado Permanente<\/li>\n<li>Fraternidad de Enfermos y Discapacitados<\/li>\n<li>Fraternidad Franciscanos Misioneros Seculares<\/li>\n<li>Grupo Santa Mar\u00eda de Pentecost\u00e9s \u2013 \u201cSociedad de Hijas de San Francisco de Sales\u201d<\/li>\n<li>Jornadas de Vida Cristiana<\/li>\n<li>Junta Regional de Educaci\u00f3n Cat\u00f3lica (<a href=\"http:\/\/jurecmardelplata.org.ar\/\" target=\"_blank\" rel=\"noopener\">R.E.C<\/a>)<\/li>\n<li>Junta Diocesana para la Vida Consagrada<\/li>\n<li>Legi\u00f3n de Mar\u00eda<\/li>\n<li><a href=\"https:\/\/www.facebook.com\/DIOCESANA\" target=\"_blank\" rel=\"noopener\">Liga de Madres de Familia<\/a><\/li>\n<li><a href=\"http:\/\/obradelatrinidad.wordpress.com\/\" target=\"_blank\" rel=\"noopener\">Movimiento Cen\u00e1culo Vivo \u2013 Obra de la Trinidad<\/a><\/li>\n<li><a href=\"https:\/\/www.clonline.org\/es\" target=\"_blank\" rel=\"noopener\">Movimiento Comuni\u00f3n y Liberaci\u00f3n<\/a><\/li>\n<li>Movimiento Cristiano para Gente de Rugby<\/li>\n<li><a href=\"http:\/\/www.mccmardelplata.org.ar\/\" target=\"_blank\" rel=\"noopener\">Movimiento Cursillos de Cristiandad<\/a><\/li>\n<li><a href=\"https:\/\/www.facebook.com\/profile.php?id=100066945519904\" target=\"_blank\" rel=\"noopener\">Movimiento de la Palabra<\/a><\/li>\n<li>Movimiento de los Focolares<\/li>\n<li><a href=\"https:\/\/www.facebook.com\/mfcmdp\" target=\"_blank\" rel=\"noopener\">Movimiento Familiar Cristiano<\/a><\/li>\n<li><a href=\"http:\/\/www.fasta.org.ar\/\" target=\"_blank\" rel=\"noopener\">Movimiento Fraternidad de Agrupaciones Santo Tom\u00e1s de Aquino<\/a><\/li>\n<li><a href=\"https:\/\/www.facebook.com\/mjd.mardelplata\" target=\"_blank\" rel=\"noopener\">Movimiento Juvenil Diocesano<\/a><\/li>\n<li>Movimiento REMAR<\/li>\n<li><a href=\"https:\/\/www.facebook.com\/SchoenstattMdp\" target=\"_blank\" rel=\"noopener\">Movimiento Apost\u00f3lico de Sch\u00f6enstatt<\/a><\/li>\n<li>Movimiento Scouts de Argentina<\/li>\n<li>Obras Misionales Pontificias<\/li>\n<li>Orientaci\u00f3n para la Joven<\/li>\n<li><a href=\"https:\/\/www.facebook.com\/Pastoral-del-Duelo-MDP-1337643639714521%20\" target=\"_blank\" rel=\"noopener\">Pastoral del Duelo<\/a><\/li>\n<li><a href=\"https:\/\/www.obispado-mdp.org.ar\/a\/consultora-de-familia-2\/\" target=\"_blank\" rel=\"noopener\">Pastoral Familiar<\/a><\/li>\n<li><a href=\"https:\/\/www.facebook.com\/mjd.mardelplata\" target=\"_blank\" rel=\"noopener\">Pastoral Juvenil<\/a><\/li>\n<li>Pastoral de la Salud<\/li>\n<li>Pastoral de la Tercera Edad<\/li>\n<li>Pastoral Penitenciaria<\/li>\n<li><a href=\"https:\/\/www.facebook.com\/PastoralVocacionalMDP\" target=\"_blank\" rel=\"noopener\">Pastoral Vocacional<\/a><\/li>\n<li><a href=\"https:\/\/www.facebook.com\/PastoralUniversitariaDiocesisMdp\" target=\"_blank\" rel=\"noopener\">Pastoral Universitaria<\/a><\/li>\n<li>Pastoral Misionera<\/li>\n<li><a href=\"https:\/\/www.facebook.com\/pequemdp\" target=\"_blank\" rel=\"noopener\">Peque\u00f1o Mundo<\/a><\/li>\n<li>Proyecto de Amor Conyugal<\/li>\n<li><a href=\"https:\/\/www.facebook.com\/RCC-Coordinaci%C3%B3n-Diocesana-de-Mar-del-Plata-763155103702681\" target=\"_blank\" rel=\"noopener\">Renovaci\u00f3n Carism\u00e1tica Cat\u00f3lica<\/a><\/li>\n<li>Secretariado Diocesano de Pastoral Social<\/li>\n<li><a href=\"https:\/\/www.facebook.com\/catequesisrenovadamdp\" target=\"_blank\" rel=\"noopener\">Secretariado Diocesano de Catequesis Renovada<\/a><\/li>\n<li>Secretariado de Laicos, Vida y Familia<\/li>\n<\/ul>\n<\/li>\n<\/ul>\n<p>[\/et_pb_text][\/et_pb_column_inner][\/et_pb_row_inner][\/et_pb_column][et_pb_column type=\u00bb1_4&#8243; _builder_version=\u00bb3.25&#8243; custom_padding=\u00bb|||\u00bb parallax__hover=\u00bboff\u00bb parallax_method__hover=\u00bbon\u00bb custom_padding__hover=\u00bb|||\u00bb][et_pb_image src=\u00bbhttps:\/\/obispado-mdp.org.ar\/a\/wp-content\/uploads\/2020\/03\/institucional-pastorales-8.png\u00bb align_tablet=\u00bbcenter\u00bb align_phone=\u00bb\u00bb align_last_edited=\u00bbon|desktop\u00bb _builder_version=\u00bb3.23&#8243;][\/et_pb_image][et_pb_text _builder_version=\u00bb3.27.4&#8243; text_font=\u00bb||||||||\u00bb header_font=\u00bb||||||||\u00bb header_4_font=\u00bb||||||||\u00bb header_4_text_color=\u00bb#ffffff\u00bb background_color=\u00bb#0196ae\u00bb custom_margin=\u00bb0px|0px|0px|0px\u00bb custom_padding=\u00bb10px|10px|0px|20px\u00bb]<\/p>\n<h4><strong>INSTITUCIONAL<\/strong><\/h4>\n<p>[\/et_pb_text][dsm_menu title_bottom_gap=\u00bb8px\u00bb menu_id=\u00bb54&#8243; list_style_color=\u00bb#0196ae\u00bb _builder_version=\u00bb4.4.8&#8243; header_font=\u00bbGeorgia|700|||on|on||#0196ae|dotted\u00bb header_text_color=\u00bb#0196ae\u00bb background_color=\u00bbrgba(1,150,174,0.05)\u00bb custom_margin=\u00bb-10px|-10px|-10px|-10px\u00bb custom_padding=\u00bb20px|10px|10px|20px\u00bb custom_padding_last_edited=\u00bboff|desktop\u00bb][\/dsm_menu][\/et_pb_column][\/et_pb_section]<\/p>\n","protected":false},"excerpt":{"rendered":"<p>\u201cLos laicos se asocian libremente de modo org\u00e1nico y estable, bajo el impulso del Esp\u00edritu Santo, en comuni\u00f3n con el Obispo y con los sacerdotes, para poder servir, con fidelidad y laboriosidad, seg\u00fan el modo que es propio a su vocaci\u00f3n y con un m\u00e9todo particular, al incremento de toda la comunidad cristiana, a los proyectos pastorales y a la animaci\u00f3n evang\u00e9lica de todos los \u00e1mbitos de la vida.\u201d (Christifideles Laici n\u00ba 31)<\/p>\n","protected":false},"author":1,"featured_media":0,"parent":62,"menu_order":0,"comment_status":"closed","ping_status":"closed","template":"","meta":{"_et_pb_use_builder":"on","_et_pb_old_content":"","_et_gb_content_width":""},"aioseo_notices":[],"_links":{"self":[{"href":"https:\/\/www.obispado-mdp.org.ar\/a\/wp-json\/wp\/v2\/pages\/18002"}],"collection":[{"href":"https:\/\/www.obispado-mdp.org.ar\/a\/wp-json\/wp\/v2\/pages"}],"about":[{"href":"https:\/\/www.obispado-mdp.org.ar\/a\/wp-json\/wp\/v2\/types\/page"}],"author":[{"embeddable":true,"href":"https:\/\/www.obispado-mdp.org.ar\/a\/wp-json\/wp\/v2\/users\/1"}],"replies":[{"embeddable":true,"href":"https:\/\/www.obispado-mdp.org.ar\/a\/wp-json\/wp\/v2\/comments?post=18002"}],"version-history":[{"count":13,"href":"https:\/\/www.obispado-mdp.org.ar\/a\/wp-json\/wp\/v2\/pages\/18002\/revisions"}],"predecessor-version":[{"id":49378,"href":"https:\/\/www.obispado-mdp.org.ar\/a\/wp-json\/wp\/v2\/pages\/18002\/revisions\/49378"}],"up":[{"embeddable":true,"href":"https:\/\/www.obispado-mdp.org.ar\/a\/wp-json\/wp\/v2\/pages\/62"}],"wp:attachment":[{"href":"https:\/\/www.obispado-mdp.org.ar\/a\/wp-json\/wp\/v2\/media?parent=18002"}],"curies":[{"name":"wp","href":"https:\/\/api.w.org\/{rel}","templated":true}]}}