{"id":26164,"date":"2020-09-04T19:53:53","date_gmt":"2020-09-04T22:53:53","guid":{"rendered":"http:\/\/www.obispado-mdp.org.ar\/a\/?page_id=26164"},"modified":"2020-09-04T19:53:53","modified_gmt":"2020-09-04T22:53:53","slug":"colecta-nacional-mas-por-menos","status":"publish","type":"page","link":"https:\/\/www.obispado-mdp.org.ar\/a\/colecta-nacional-mas-por-menos\/","title":{"rendered":"Colecta nacional M\u00e1s por Menos"},"content":{"rendered":"<p>[et_pb_section fb_built=\u00bb1&#8243; custom_padding_last_edited=\u00bbon|tablet\u00bb prev_background_color=\u00bb#ffffff\u00bb next_background_color=\u00bb#31384a\u00bb _builder_version=\u00bb4.0.6&#8243; background_color=\u00bb#cd1924&#8243; custom_margin=\u00bb0px||0px||false|false\u00bb custom_padding=\u00bb27px||0px||false|false\u00bb custom_padding_tablet=\u00bb\u00bb custom_padding_phone=\u00bb14px||||false|false\u00bb top_divider_style=\u00bbcurve\u00bb top_divider_height_tablet=\u00bb\u00bb top_divider_height_phone=\u00bb64px\u00bb top_divider_height_last_edited=\u00bbon|phone\u00bb bottom_divider_style=\u00bbcurve2&#8243; bottom_divider_height=\u00bb73px\u00bb bottom_divider_height_tablet=\u00bb\u00bb bottom_divider_height_phone=\u00bb\u00bb bottom_divider_height_last_edited=\u00bbon|desktop\u00bb][et_pb_row _builder_version=\u00bb4.0.6&#8243; custom_margin=\u00bb0px||||false|false\u00bb custom_padding=\u00bb0px||||false|false\u00bb][et_pb_column type=\u00bb4_4&#8243; _builder_version=\u00bb4.0.6&#8243;][et_pb_text _builder_version=\u00bb4.0.6&#8243; text_text_color=\u00bb#31384a\u00bb header_3_text_color=\u00bb#31384a\u00bb header_4_text_color=\u00bb#31384a\u00bb]<\/p>\n<h3 style=\"text-align: center;\"><strong>DOMINGO 13<\/strong><br \/> DE SEPTIEMBRE<\/h3>\n<p>[\/et_pb_text][\/et_pb_column][\/et_pb_row][et_pb_row _builder_version=\u00bb4.0.6&#8243;][et_pb_column type=\u00bb4_4&#8243; _builder_version=\u00bb4.0.6&#8243;][et_pb_image src=\u00bbhttps:\/\/obispado-mdp.org.ar\/a\/wp-content\/uploads\/2020\/09\/logo-mas-por-menos-1.png\u00bb align=\u00bbcenter\u00bb _builder_version=\u00bb4.0.6&#8243; hover_enabled=\u00bb0&#8243; custom_margin=\u00bb||0px||false|false\u00bb custom_padding=\u00bb||0px||false|false\u00bb][\/et_pb_image][et_pb_image src=\u00bbhttps:\/\/obispado-mdp.org.ar\/a\/wp-content\/uploads\/2020\/02\/2020-logo-8.png\u00bb _builder_version=\u00bb4.0.6&#8243; width=\u00bb22%\u00bb module_alignment=\u00bbcenter\u00bb custom_margin=\u00bb0px||||false|false\u00bb custom_padding=\u00bb0px||37px||false|false\u00bb hover_enabled=\u00bb0&#8243;][\/et_pb_image][\/et_pb_column][\/et_pb_row][\/et_pb_section][et_pb_section fb_built=\u00bb1&#8243; _builder_version=\u00bb4.0.6&#8243; background_color=\u00bb#31384a\u00bb][et_pb_row _builder_version=\u00bb4.0.6&#8243;][et_pb_column type=\u00bb4_4&#8243; _builder_version=\u00bb4.0.6&#8243;][et_pb_text _builder_version=\u00bb4.0.6&#8243; header_font=\u00bb|700|||||||\u00bb header_text_color=\u00bb#ffffff\u00bb header_font_size=\u00bb35px\u00bb header_4_text_color=\u00bb#ffffff\u00bb]<\/p>\n<h1 style=\"text-align: center;\">NADIE PUEDE DARLO TODO&#8230;<\/h1>\n<h1 style=\"text-align: center;\">PERO TODOS PODEMOS DAR ALGO<\/h1>\n<h4 style=\"text-align: center;\">COLECTA NACIONAL M\u00c1S POR MENOS<\/h4>\n<p>[\/et_pb_text][\/et_pb_column][\/et_pb_row][\/et_pb_section][et_pb_section fb_built=\u00bb1&#8243; _builder_version=\u00bb4.0.6&#8243; custom_margin=\u00bb0px||||false|false\u00bb custom_padding=\u00bb0px||||false|false\u00bb][et_pb_row _builder_version=\u00bb4.0.6&#8243;][et_pb_column type=\u00bb4_4&#8243; _builder_version=\u00bb4.0.6&#8243;][et_pb_text _builder_version=\u00bb4.0.6&#8243; text_text_color=\u00bb#31384a\u00bb header_2_text_color=\u00bb#31384a\u00bb]<\/p>\n<h2>Formas de Donar<\/h2>\n<p>Ante la dificultad de colaborar en las misas de las parroquias y comunidades del pa\u00eds del\u00a0<span style=\"color: #ff0000;\"><strong>12 y 13 de septiembre<\/strong>,<\/span> por las restricciones surgidas con motivo de la pandemia, ponemos a disposici\u00f3n<strong> distintas formas de colaborar con \u201cM\u00c1S POR MENOS\u201d en forma directa<\/strong>:<\/p>\n<p>[\/et_pb_text][\/et_pb_column][\/et_pb_row][et_pb_row column_structure=\u00bb1_2,1_2&#8243; _builder_version=\u00bb3.25&#8243; custom_margin=\u00bb0px||0px\u00bb custom_padding=\u00bb0px||0px\u00bb border_color_all=\u00bb#0196ae\u00bb locked=\u00bboff\u00bb][et_pb_column type=\u00bb1_2&#8243; _builder_version=\u00bb3.25&#8243; background_color=\u00bbrgba(0,0,0,0.04)\u00bb custom_padding=\u00bb30px|30px|30px|30px\u00bb custom_padding__hover=\u00bb|||\u00bb][et_pb_text _builder_version=\u00bb4.0.6&#8243; header_2_font_size=\u00bb24px\u00bb border_color_all=\u00bb#0196ae\u00bb]<\/p>\n<h2 style=\"text-align: center;\"><strong>1.- DEP\u00d3SITO O TRANSFERENCIA BANCARIA<br \/> <\/strong><\/h2>\n<p>\u2013 N\u00famero de cuenta:<br \/> <em>Cuenta Corriente en Pesos <strong>Banco GALICIA <\/strong><\/em><strong>N\u00ba 1934-3 166-8<br \/> <\/strong><\/p>\n<p>\u2013 N\u00famero de CBU:<br \/> <strong>00701668-20000001934384<\/strong><\/p>\n<p>\u2013 A nombre de:<br \/> <strong>Obispado de Mar del Plata<\/strong><\/p>\n<p>\u2013 CUIT:<br \/> <strong>\u00a0 30542337555<\/strong><\/p>\n<p>Env\u00edando el comprobante y sus datos al mail <a href=\"mailto:administracion@iglesiamdp.org.ar\">administracion@iglesiamdp.org.ar<\/a><\/p>\n<p><img loading=\"lazy\" src=\"https:\/\/obispado-mdp.org.ar\/a\/wp-content\/uploads\/2020\/09\/LOGO-GALICIA-300x128.jpg\" alt=\"\" class=\"wp-image-26179 aligncenter size-medium\" width=\"300\" height=\"128\" \/><\/p>\n<p>[\/et_pb_text][\/et_pb_column][et_pb_column type=\u00bb1_2&#8243; _builder_version=\u00bb3.25&#8243; background_color=\u00bbrgba(0,0,0,0.04)\u00bb custom_padding=\u00bb30px||30px|\u00bb custom_padding__hover=\u00bb|||\u00bb][et_pb_text _builder_version=\u00bb4.0.6&#8243; custom_padding=\u00bb|20px||20px|true|true\u00bb]<\/p>\n<h2 style=\"text-align: center;\"><strong>2.- C\u00d3DIGO QR<br \/> <\/strong><\/h2>\n<p>A trav\u00e9s de este sistema, ingresando a la plataforma dispuesta para la donaci\u00f3n, mediante tel\u00e9fono celular o dispositivo m\u00f3vil apto para la lectura del C\u00f3digo QR, e indicando el importe que se desea donar a la Colecta M\u00e1s por Menos.<\/p>\n<p>[\/et_pb_text][et_pb_image src=\u00bbhttps:\/\/obispado-mdp.org.ar\/a\/wp-content\/uploads\/2020\/09\/QR.jpg\u00bb align=\u00bbcenter\u00bb align_tablet=\u00bbcenter\u00bb align_phone=\u00bb\u00bb align_last_edited=\u00bbon|desktop\u00bb _builder_version=\u00bb4.0.6&#8243; max_width=\u00bb70%\u00bb module_alignment=\u00bbcenter\u00bb custom_padding=\u00bb0px|0px|0px|0px\u00bb][\/et_pb_image][\/et_pb_column][\/et_pb_row][\/et_pb_section][et_pb_section fb_built=\u00bb1&#8243; _builder_version=\u00bb3.22&#8243; custom_padding=\u00bb0px||\u00bb border_color_bottom=\u00bb#0196ae\u00bb locked=\u00bboff\u00bb][et_pb_row _builder_version=\u00bb3.25&#8243;][et_pb_column type=\u00bb4_4&#8243; _builder_version=\u00bb3.25&#8243; custom_padding=\u00bb|||\u00bb custom_padding__hover=\u00bb|||\u00bb][et_pb_divider _builder_version=\u00bb3.18.9&#8243;][\/et_pb_divider][\/et_pb_column][\/et_pb_row][et_pb_row _builder_version=\u00bb3.25&#8243; background_color=\u00bbrgba(0,0,0,0.04)\u00bb][et_pb_column type=\u00bb4_4&#8243; _builder_version=\u00bb3.25&#8243; custom_padding=\u00bb|||\u00bb custom_padding__hover=\u00bb|||\u00bb][et_pb_text _builder_version=\u00bb3.27.4&#8243;]<\/p>\n<h2 style=\"text-align: center;\"><strong>3.- MONTOS FIJOS<\/strong><\/h2>\n<p>[\/et_pb_text][\/et_pb_column][\/et_pb_row][et_pb_row column_structure=\u00bb1_5,1_5,1_5,1_5,1_5&#8243; use_custom_gutter=\u00bbon\u00bb gutter_width=\u00bb1&#8243; _builder_version=\u00bb3.25&#8243; background_color=\u00bbrgba(0,0,0,0.04)\u00bb module_alignment=\u00bbcenter\u00bb][et_pb_column type=\u00bb1_5&#8243; _builder_version=\u00bb3.25&#8243; custom_padding=\u00bb|||\u00bb custom_padding__hover=\u00bb|||\u00bb][et_pb_image src=\u00bbhttps:\/\/obispado-mdp.org.ar\/a\/wp-content\/uploads\/2020\/04\/dona100.jpg\u00bb url=\u00bbhttps:\/\/www.mercadopago.com.ar\/checkout\/v1\/redirect?pref_id=339357910-ba5848aa-ece8-4227-a29c-13fbe4b1a176&#8243; url_new_window=\u00bbon\u00bb align=\u00bbcenter\u00bb align_tablet=\u00bbcenter\u00bb align_phone=\u00bb\u00bb align_last_edited=\u00bbon|desktop\u00bb _builder_version=\u00bb4.0.6&#8243;][\/et_pb_image][et_pb_button button_url=\u00bbhttps:\/\/www.mercadopago.com.ar\/checkout\/v1\/redirect?pref_id=339357910-ba5848aa-ece8-4227-a29c-13fbe4b1a176&#8243; button_text=\u00bbLINK DE PAGO\u00bb button_alignment=\u00bbcenter\u00bb _builder_version=\u00bb4.0.6&#8243; custom_button=\u00bbon\u00bb button_text_size=\u00bb14px\u00bb button_font=\u00bb||||||||\u00bb custom_margin=\u00bb10px||10px\u00bb][\/et_pb_button][\/et_pb_column][et_pb_column type=\u00bb1_5&#8243; _builder_version=\u00bb3.25&#8243; custom_padding=\u00bb|||\u00bb custom_padding__hover=\u00bb|||\u00bb][et_pb_image src=\u00bbhttps:\/\/obispado-mdp.org.ar\/a\/wp-content\/uploads\/2020\/09\/DONAR1200.jpg\u00bb url=\u00bbhttps:\/\/www.mercadopago.com.ar\/checkout\/v1\/redirect?pref_id=339357910-a27262e5-fc19-404a-af9f-7afdfea830a7&#8243; url_new_window=\u00bbon\u00bb align=\u00bbcenter\u00bb align_tablet=\u00bbcenter\u00bb align_phone=\u00bb\u00bb align_last_edited=\u00bbon|desktop\u00bb _builder_version=\u00bb4.0.6&#8243;][\/et_pb_image][et_pb_button button_url=\u00bbhttps:\/\/www.mercadopago.com.ar\/checkout\/v1\/redirect?pref_id=339357910-a27262e5-fc19-404a-af9f-7afdfea830a7&#8243; button_text=\u00bbLINK DE PAGO\u00bb button_alignment=\u00bbcenter\u00bb _builder_version=\u00bb4.0.6&#8243; custom_button=\u00bbon\u00bb button_text_size=\u00bb14px\u00bb button_font=\u00bb||||||||\u00bb custom_margin=\u00bb10px||10px\u00bb][\/et_pb_button][et_pb_code _builder_version=\u00bb3.18.9&#8243;][\/et_pb_code][\/et_pb_column][et_pb_column type=\u00bb1_5&#8243; _builder_version=\u00bb3.25&#8243; custom_padding=\u00bb|||\u00bb custom_padding__hover=\u00bb|||\u00bb][et_pb_image src=\u00bbhttps:\/\/obispado-mdp.org.ar\/a\/wp-content\/uploads\/2020\/04\/dona500.jpg\u00bb url=\u00bbhttps:\/\/www.mercadopago.com.ar\/checkout\/v1\/redirect?pref_id=339357910-b0964dd2-e96d-4d09-8bcd-bf6ab0ff5a70&#8243; url_new_window=\u00bbon\u00bb align=\u00bbcenter\u00bb align_tablet=\u00bbcenter\u00bb align_phone=\u00bb\u00bb align_last_edited=\u00bbon|desktop\u00bb _builder_version=\u00bb4.0.6&#8243;][\/et_pb_image][et_pb_button button_url=\u00bbhttps:\/\/www.mercadopago.com.ar\/checkout\/v1\/redirect?pref_id=339357910-b0964dd2-e96d-4d09-8bcd-bf6ab0ff5a70&#8243; button_text=\u00bbLINK DE PAGO\u00bb button_alignment=\u00bbcenter\u00bb _builder_version=\u00bb4.0.6&#8243; custom_button=\u00bbon\u00bb button_text_size=\u00bb14px\u00bb button_font=\u00bb||||||||\u00bb custom_margin=\u00bb10px||10px\u00bb][\/et_pb_button][\/et_pb_column][et_pb_column type=\u00bb1_5&#8243; _builder_version=\u00bb3.25&#8243; custom_padding=\u00bb|||\u00bb custom_padding__hover=\u00bb|||\u00bb][et_pb_image src=\u00bbhttps:\/\/obispado-mdp.org.ar\/a\/wp-content\/uploads\/2020\/04\/dona1000.jpg\u00bb url=\u00bbhttps:\/\/www.mercadopago.com.ar\/checkout\/v1\/redirect?pref_id=339357910-5ea9d9f2-f58c-46d1-835e-28662a1a3cba\u00bb url_new_window=\u00bbon\u00bb align=\u00bbcenter\u00bb align_tablet=\u00bbcenter\u00bb align_phone=\u00bb\u00bb align_last_edited=\u00bbon|desktop\u00bb _builder_version=\u00bb4.0.6&#8243;][\/et_pb_image][et_pb_button button_url=\u00bbhttps:\/\/www.mercadopago.com.ar\/checkout\/v1\/redirect?pref_id=339357910-5ea9d9f2-f58c-46d1-835e-28662a1a3cba\u00bb button_text=\u00bbLINK DE PAGO\u00bb button_alignment=\u00bbcenter\u00bb _builder_version=\u00bb4.0.6&#8243; custom_button=\u00bbon\u00bb button_text_size=\u00bb14px\u00bb button_font=\u00bb||||||||\u00bb custom_margin=\u00bb10px||10px\u00bb][\/et_pb_button][\/et_pb_column][et_pb_column type=\u00bb1_5&#8243; _builder_version=\u00bb3.25&#8243; custom_padding=\u00bb|||\u00bb custom_padding__hover=\u00bb|||\u00bb][et_pb_image src=\u00bbhttps:\/\/obispado-mdp.org.ar\/a\/wp-content\/uploads\/2020\/04\/dona5000.jpg\u00bb url=\u00bbhttps:\/\/www.mercadopago.com.ar\/checkout\/v1\/redirect?pref_id=339357910-96c119f4-ffe0-4821-9d69-9b32c8bbc481&#8243; url_new_window=\u00bbon\u00bb align=\u00bbcenter\u00bb align_tablet=\u00bbcenter\u00bb align_phone=\u00bb\u00bb align_last_edited=\u00bbon|desktop\u00bb _builder_version=\u00bb4.0.6&#8243;][\/et_pb_image][et_pb_button button_url=\u00bbhttps:\/\/www.mercadopago.com.ar\/checkout\/v1\/redirect?pref_id=339357910-96c119f4-ffe0-4821-9d69-9b32c8bbc481&#8243; url_new_window=\u00bbon\u00bb button_text=\u00bbLINK DE PAGO\u00bb button_alignment=\u00bbcenter\u00bb _builder_version=\u00bb4.0.6&#8243; custom_button=\u00bbon\u00bb button_text_size=\u00bb14px\u00bb button_font=\u00bb||||||||\u00bb custom_margin=\u00bb10px||10px\u00bb][\/et_pb_button][\/et_pb_column][\/et_pb_row][et_pb_row _builder_version=\u00bb3.25&#8243;][et_pb_column type=\u00bb4_4&#8243; _builder_version=\u00bb3.25&#8243; custom_padding=\u00bb|||\u00bb custom_padding__hover=\u00bb|||\u00bb][et_pb_divider _builder_version=\u00bb3.18.9&#8243;][\/et_pb_divider][\/et_pb_column][\/et_pb_row][et_pb_row _builder_version=\u00bb3.25&#8243; background_color=\u00bbrgba(0,0,0,0.04)\u00bb][et_pb_column type=\u00bb4_4&#8243; _builder_version=\u00bb3.25&#8243; custom_padding=\u00bb|||\u00bb custom_padding__hover=\u00bb|||\u00bb][et_pb_text _builder_version=\u00bb4.0.6&#8243; header_2_font_size=\u00bb24px\u00bb border_color_all=\u00bb#0196ae\u00bb]<\/p>\n<h2 style=\"text-align: center;\"><strong>4.- PAGO F\u00c1CIL o RAPIPAGO<br \/>\n<\/strong><\/h2>\n<p>4.- En cualquier sucursal de la\u00a0<strong>Red de PAGO FACIL o RAPIPAGO usando <\/strong>este c\u00f3digo (monto m\u00ednimo es de $ 50) Mostrar el siguiente c\u00f3digo al cajero:<\/p>\n<h2 style=\"text-align: center;\"><span style=\"color: #d01212;\"><strong>73286<\/strong><\/span><\/h2>\n<h2 style=\"text-align: center;\"><span style=\"color: #d01212;\"><strong>32180<\/strong><\/span><\/h2>\n<p style=\"text-align: center;\"><strong>Las donaciones a M\u00e1s por Menos son deducibles del impuesto a las ganancias<\/strong><strong><br \/>\n<\/strong><em>(Ley 20.628 Imp. Ganancias, Art. 81 inc. C), reglamentado por Dcto. 1344\/98, Art. 123).<\/em><br \/>\n<em>Por ello, indique su n\u00famero de Cuit o Cuil.<\/em><\/p>\n<p>&nbsp;[\/et_pb_text][\/et_pb_column][\/et_pb_row][\/et_pb_section]<\/p>\n","protected":false},"excerpt":{"rendered":"<p>[et_pb_section fb_built=\u00bb1&#8243; custom_padding_last_edited=\u00bbon|tablet\u00bb prev_background_color=\u00bb#ffffff\u00bb next_background_color=\u00bb#31384a\u00bb _builder_version=\u00bb4.0.6&#8243; background_color=\u00bb#cd1924&#8243; custom_margin=\u00bb0px||0px||false|false\u00bb custom_padding=\u00bb27px||0px||false|false\u00bb custom_padding_tablet=\u00bb\u00bb custom_padding_phone=\u00bb14px||||false|false\u00bb top_divider_style=\u00bbcurve\u00bb top_divider_height_tablet=\u00bb\u00bb top_divider_height_phone=\u00bb64px\u00bb top_divider_height_last_edited=\u00bbon|phone\u00bb bottom_divider_style=\u00bbcurve2&#8243; bottom_divider_height=\u00bb73px\u00bb bottom_divider_height_tablet=\u00bb\u00bb bottom_divider_height_phone=\u00bb\u00bb bottom_divider_height_last_edited=\u00bbon|desktop\u00bb][et_pb_row _builder_version=\u00bb4.0.6&#8243; custom_margin=\u00bb0px||||false|false\u00bb custom_padding=\u00bb0px||||false|false\u00bb][et_pb_column type=\u00bb4_4&#8243; _builder_version=\u00bb4.0.6&#8243;][et_pb_text _builder_version=\u00bb4.0.6&#8243; text_text_color=\u00bb#31384a\u00bb header_3_text_color=\u00bb#31384a\u00bb header_4_text_color=\u00bb#31384a\u00bb] DOMINGO 13 DE SEPTIEMBRE [\/et_pb_text][\/et_pb_column][\/et_pb_row][et_pb_row _builder_version=\u00bb4.0.6&#8243;][et_pb_column type=\u00bb4_4&#8243; _builder_version=\u00bb4.0.6&#8243;][et_pb_image src=\u00bbhttps:\/\/obispado-mdp.org.ar\/a\/wp-content\/uploads\/2020\/09\/logo-mas-por-menos-1.png\u00bb align=\u00bbcenter\u00bb _builder_version=\u00bb4.0.6&#8243; hover_enabled=\u00bb0&#8243; custom_margin=\u00bb||0px||false|false\u00bb custom_padding=\u00bb||0px||false|false\u00bb][\/et_pb_image][et_pb_image src=\u00bbhttps:\/\/obispado-mdp.org.ar\/a\/wp-content\/uploads\/2020\/02\/2020-logo-8.png\u00bb _builder_version=\u00bb4.0.6&#8243; width=\u00bb22%\u00bb module_alignment=\u00bbcenter\u00bb custom_margin=\u00bb0px||||false|false\u00bb custom_padding=\u00bb0px||37px||false|false\u00bb hover_enabled=\u00bb0&#8243;][\/et_pb_image][\/et_pb_column][\/et_pb_row][\/et_pb_section][et_pb_section fb_built=\u00bb1&#8243; _builder_version=\u00bb4.0.6&#8243; background_color=\u00bb#31384a\u00bb][et_pb_row _builder_version=\u00bb4.0.6&#8243;][et_pb_column type=\u00bb4_4&#8243; [&hellip;]<\/p>\n","protected":false},"author":1,"featured_media":0,"parent":0,"menu_order":0,"comment_status":"closed","ping_status":"closed","template":"","meta":{"_et_pb_use_builder":"on","_et_pb_old_content":"<!-- wp:divi\/placeholder \/-->","_et_gb_content_width":""},"aioseo_notices":[],"_links":{"self":[{"href":"https:\/\/www.obispado-mdp.org.ar\/a\/wp-json\/wp\/v2\/pages\/26164"}],"collection":[{"href":"https:\/\/www.obispado-mdp.org.ar\/a\/wp-json\/wp\/v2\/pages"}],"about":[{"href":"https:\/\/www.obispado-mdp.org.ar\/a\/wp-json\/wp\/v2\/types\/page"}],"author":[{"embeddable":true,"href":"https:\/\/www.obispado-mdp.org.ar\/a\/wp-json\/wp\/v2\/users\/1"}],"replies":[{"embeddable":true,"href":"https:\/\/www.obispado-mdp.org.ar\/a\/wp-json\/wp\/v2\/comments?post=26164"}],"version-history":[{"count":0,"href":"https:\/\/www.obispado-mdp.org.ar\/a\/wp-json\/wp\/v2\/pages\/26164\/revisions"}],"wp:attachment":[{"href":"https:\/\/www.obispado-mdp.org.ar\/a\/wp-json\/wp\/v2\/media?parent=26164"}],"curies":[{"name":"wp","href":"https:\/\/api.w.org\/{rel}","templated":true}]}}