{"id":33689,"date":"2021-10-13T16:14:59","date_gmt":"2021-10-13T19:14:59","guid":{"rendered":"https:\/\/www.obispado-mdp.org.ar\/a\/?page_id=33689"},"modified":"2026-04-29T20:46:49","modified_gmt":"2026-04-29T23:46:49","slug":"nuevo-boletin-diocesano","status":"publish","type":"page","link":"https:\/\/www.obispado-mdp.org.ar\/a\/nuevo-boletin-diocesano\/","title":{"rendered":"NUEVO BOLET\u00cdN DIOCESANO"},"content":{"rendered":"<p>[et_pb_section fb_built=\u00bb1&#8243; _builder_version=\u00bb4.4.8&#8243; background_image=\u00bbhttps:\/\/www.obispado-mdp.org.ar\/a\/wp-content\/uploads\/2021\/10\/catedral2.jpg\u00bb locked=\u00bboff\u00bb][et_pb_row _builder_version=\u00bb4.4.8&#8243;][et_pb_column type=\u00bb4_4&#8243; _builder_version=\u00bb4.4.8&#8243;][dsm_gradient_text gradient_text=\u00bbNuevo Bolet\u00edn Diocesano\u00bb _builder_version=\u00bb4.4.8&#8243; header_text_align=\u00bbcenter\u00bb background_color_gradient_start=\u00bb#ffffff\u00bb][\/dsm_gradient_text][\/et_pb_column][\/et_pb_row][\/et_pb_section][et_pb_section fb_built=\u00bb1&#8243; admin_label=\u00bbsection\u00bb _builder_version=\u00bb4.4.8&#8243; module_alignment=\u00bbcenter\u00bb][et_pb_row admin_label=\u00bbrow\u00bb _builder_version=\u00bb4.4.8&#8243; background_size=\u00bbinitial\u00bb background_position=\u00bbtop_left\u00bb background_repeat=\u00bbrepeat\u00bb module_alignment=\u00bbcenter\u00bb custom_margin=\u00bb|197px||auto||\u00bb][et_pb_column type=\u00bb4_4&#8243; _builder_version=\u00bb4.4.8&#8243; custom_padding=\u00bb|||\u00bb custom_padding__hover=\u00bb|||\u00bb][et_pb_text admin_label=\u00bbText\u00bb _builder_version=\u00bb4.4.8&#8243; background_size=\u00bbinitial\u00bb background_position=\u00bbtop_left\u00bb background_repeat=\u00bbrepeat\u00bb]<strong>Con un resumen cuatrimestral de la informaci\u00f3n mas importante de la di\u00f3cesis. Todos los acontecimientos y noticias,\u00a0 decretos y disposiciones.<\/strong>[\/et_pb_text][et_pb_toggle title=\u00bb2025&#8243; _builder_version=\u00bb4.4.8&#8243; custom_margin=\u00bb||0px||false|false\u00bb hover_enabled=\u00bb0&#8243;]<\/p>\n<p><strong>Nuevo Bolet\u00edn Diocesano N\u00b0 24<\/strong> | May-Ago 2025 | <a href=\"https:\/\/www.obispado-mdp.org.ar\/a\/wp-content\/uploads\/2026\/04\/ma_2025_compressed.pdf\">ver-descargar<\/a><\/p>\n<p><strong>Nuevo Bolet\u00edn Diocesano N\u00ba 23<\/strong><span>\u00a0<\/span>| Ene-Abr 2025 |<a href=\"https:\/\/www.obispado-mdp.org.ar\/a\/wp-content\/uploads\/2026\/04\/Boletin_E-A2025.pdf\" target=\"_blank\" rel=\"noopener noreferrer\"><span>\u00a0<\/span>ver-descargar<\/a>\u00a0<\/p>\n<p><a href=\"https:\/\/www.obispado-mdp.org.ar\/a\/wp-content\/uploads\/2025\/08\/Boletin-E-A2025-BAJA.pdf\" target=\"_blank\" rel=\"noopener noreferrer\"><\/a><\/p>\n<p>[\/et_pb_toggle][et_pb_toggle title=\u00bb2024&#8243; _builder_version=\u00bb4.4.8&#8243; custom_margin=\u00bb||0px||false|false\u00bb]<\/p>\n<p><strong>Nuevo Bolet\u00edn Diocesano N\u00ba 22<span>\u00a0<\/span><\/strong>|<strong> <\/strong>Sep-Dic 2024<strong> |<a href=\"https:\/\/www.obispado-mdp.org.ar\/a\/wp-content\/uploads\/2025\/08\/NBD22-SEPT-DIC-2024.pdf\" target=\"_blank\" rel=\"noopener noreferrer\"><span>\u00a0<\/span><\/a><\/strong><a href=\"https:\/\/www.obispado-mdp.org.ar\/a\/wp-content\/uploads\/2023\/09\/NDB-18-M-A_2023.pdf\" target=\"_blank\" rel=\"noopener noreferrer\">ver-descargar<\/a><\/p>\n<p><strong>Nuevo Bolet\u00edn Diocesano N\u00ba 21<\/strong><span>\u00a0<\/span>| May-Ago 2024 |<a href=\"https:\/\/www.obispado-mdp.org.ar\/a\/wp-content\/uploads\/2025\/08\/NBD21-MAY-AGO-2024.pdf\" target=\"_blank\" rel=\"noopener noreferrer\"><span>\u00a0<\/span>ver-descargar<\/a><\/p>\n<p><strong>Nuevo Bolet\u00edn Diocesano N\u00ba 20<\/strong><span>\u00a0<\/span>| Ene-Abr 2024 |<a href=\"https:\/\/www.obispado-mdp.org.ar\/a\/wp-content\/uploads\/2025\/08\/NBD20-Ene-Abril-2024.pdf\" target=\"_blank\" rel=\"noopener noreferrer\"><span>\u00a0<\/span>ver-descargar<\/a><\/p>\n<p>&nbsp;<\/p>\n<p><a href=\"https:\/\/www.obispado-mdp.org.ar\/a\/wp-content\/uploads\/2022\/07\/1957_BE_A01_N005_DI__BC_RG0005.pdf\" target=\"_blank\" rel=\"noopener noreferrer\"><\/a><\/p>\n<p>[\/et_pb_toggle][et_pb_toggle title=\u00bb2023&#8243; _builder_version=\u00bb4.4.8&#8243; custom_margin=\u00bb||0px||false|false\u00bb]<\/p>\n<p><strong>Nuevo Bolet\u00edn Diocesano N\u00ba 19<span>\u00a0<\/span><\/strong>|<strong> <\/strong>Sep-Dic 2023<strong> |<a href=\"https:\/\/www.obispado-mdp.org.ar\/a\/wp-content\/uploads\/2025\/08\/NBD19-Sept-Dic-2023.pdf\" target=\"_blank\" rel=\"noopener noreferrer\"><span>\u00a0<\/span><\/a><\/strong><a href=\"https:\/\/www.obispado-mdp.org.ar\/a\/wp-content\/uploads\/2023\/09\/NDB-18-M-A_2023.pdf\" target=\"_blank\" rel=\"noopener noreferrer\">ver-descargar<\/a><\/p>\n<p><strong>Nuevo Bolet\u00edn Diocesano N\u00ba 18<\/strong><span>\u00a0<\/span>| May-Ago 2023 |<a href=\"https:\/\/www.obispado-mdp.org.ar\/a\/wp-content\/uploads\/2023\/09\/NDB-18-M-A_2023.pdf\" target=\"_blank\" rel=\"noopener noreferrer\"><span>\u00a0<\/span>ver-descargar<\/a><\/p>\n<p><strong>Nuevo Bolet\u00edn Diocesano N\u00ba 17<\/strong><span>\u00a0<\/span>| Ene-Abr 2023 |<a href=\"https:\/\/www.obispado-mdp.org.ar\/a\/wp-content\/uploads\/2023\/09\/NBD-17-E-A_2023.pdf\" target=\"_blank\" rel=\"noopener noreferrer\"><span>\u00a0<\/span>ver-descargar<\/a><\/p>\n<p>&nbsp;<\/p>\n<p><a href=\"https:\/\/www.obispado-mdp.org.ar\/a\/wp-content\/uploads\/2022\/07\/1957_BE_A01_N005_DI__BC_RG0005.pdf\" target=\"_blank\" rel=\"noopener noreferrer\"><\/a><\/p>\n<p>[\/et_pb_toggle][et_pb_toggle title=\u00bb2022&#8243; _builder_version=\u00bb4.4.8&#8243; custom_margin=\u00bb||0px||false|false\u00bb]<strong>Nuevo Bolet\u00edn Diocesano N\u00ba 16<\/strong><span>\u00a0<\/span>| Sep-Dic 2022 |<a href=\"https:\/\/www.obispado-mdp.org.ar\/a\/wp-content\/uploads\/2023\/09\/NBD16-S-D_2022-2.pdf\" target=\"_blank\" rel=\"noopener noreferrer\"><span>\u00a0<\/span>ver-descargar<\/a><\/p>\n<p><strong>Nuevo Bolet\u00edn Diocesano N\u00ba 15<\/strong><span>\u00a0<\/span>| May-Ago 2022 |<a href=\"https:\/\/www.obispado-mdp.org.ar\/a\/wp-content\/uploads\/2023\/09\/NBD15-M-A_2022.pdf\" target=\"_blank\" rel=\"noopener noreferrer\"><span>\u00a0<\/span>ver-descargar<\/a><\/p>\n<p><strong>Nuevo Bolet\u00edn Diocesano N\u00ba 14<\/strong><span>\u00a0<\/span>| Ene-Abr 2022 |<a href=\"https:\/\/www.obispado-mdp.org.ar\/a\/wp-content\/uploads\/2021\/10\/NBD12-May-Ago-2021.pdf\" target=\"_blank\" rel=\"noopener noreferrer\"><span>\u00a0<\/span>ver-descargar<\/a><\/p>\n<p>&nbsp;<\/p>\n<p><a href=\"https:\/\/www.obispado-mdp.org.ar\/a\/wp-content\/uploads\/2022\/07\/1957_BE_A01_N005_DI__BC_RG0005.pdf\" target=\"_blank\" rel=\"noopener noreferrer\"><\/a>[\/et_pb_toggle][et_pb_toggle title=\u00bb2021&#8243; _builder_version=\u00bb4.4.8&#8243; custom_margin=\u00bb||0px||false|false\u00bb]<strong>Nuevo Bolet\u00edn Diocesano N\u00ba 13<\/strong><span>\u00a0<\/span>| Sep-Dic 2021 |<a href=\"https:\/\/www.obispado-mdp.org.ar\/a\/wp-content\/uploads\/2022\/02\/NBD-13-SEPT-DIC-2021.pdf\" target=\"_blank\" rel=\"noopener noreferrer\"><span>\u00a0<\/span>ver-descargar<\/a><\/p>\n<p><strong>Nuevo Bolet\u00edn Diocesano N\u00ba 12<\/strong><span>\u00a0<\/span>| May-Ago 2021 |<a href=\"https:\/\/www.obispado-mdp.org.ar\/a\/wp-content\/uploads\/2021\/10\/NBD12-May-Ago-2021.pdf\" target=\"_blank\" rel=\"noopener noreferrer\"><span>\u00a0<\/span>ver-descargar<\/a><\/p>\n<p><strong>Nuevo Bolet\u00edn Diocesano N\u00ba 11<\/strong><span>\u00a0<\/span>| Ene-Abr 2021 |<a href=\"https:\/\/www.obispado-mdp.org.ar\/a\/wp-content\/uploads\/2021\/10\/NBD11-Ene-Abril-2021.pdf\" target=\"_blank\" rel=\"noopener noreferrer\"><span>\u00a0<\/span>ver-descargar<\/a><\/p>\n<p>&nbsp;<\/p>\n<p><a href=\"https:\/\/www.obispado-mdp.org.ar\/a\/wp-content\/uploads\/2022\/07\/1957_BE_A01_N005_DI__BC_RG0005.pdf\" target=\"_blank\" rel=\"noopener noreferrer\"><\/a>[\/et_pb_toggle][et_pb_toggle title=\u00bb2020&#8243; _builder_version=\u00bb4.4.8&#8243; custom_margin=\u00bb||0px||false|false\u00bb]<\/p>\n<p><strong>Nuevo Bolet\u00edn Diocesano N\u00ba 10<\/strong><span>\u00a0<\/span>| Sep-Dic 2020 |<a href=\"https:\/\/www.obispado-mdp.org.ar\/a\/wp-content\/uploads\/2021\/10\/NBD10-Sept-Dic-2020.pdf\" target=\"_blank\" rel=\"noopener noreferrer\"><span>\u00a0<\/span>ver-descargar<\/a><\/p>\n<p><strong>Nuevo Bolet\u00edn Diocesano N\u00ba 9<\/strong><span>\u00a0<\/span>| May-Ago 2020 |<a href=\"https:\/\/www.obispado-mdp.org.ar\/a\/wp-content\/uploads\/2021\/10\/NBD9-May-Ago-2020.pdf\" target=\"_blank\" rel=\"noopener noreferrer\"><span>\u00a0<\/span>ver-descargar<\/a><\/p>\n<p><strong>Nuevo Bolet\u00edn Diocesano N\u00ba 8 <\/strong><span>\u00a0<\/span>| Ene-Abr 2020 |<a href=\"https:\/\/www.obispado-mdp.org.ar\/a\/wp-content\/uploads\/2021\/10\/NBD8-Ene-Abril-2020.pdf\" target=\"_blank\" rel=\"noopener noreferrer\"><span>\u00a0<\/span>ver-descargar<\/a><\/p>\n<p>&nbsp;<\/p>\n<p><a href=\"https:\/\/www.obispado-mdp.org.ar\/a\/wp-content\/uploads\/2022\/07\/1957_BE_A01_N005_DI__BC_RG0005.pdf\" target=\"_blank\" rel=\"noopener noreferrer\"><\/a><\/p>\n<p>[\/et_pb_toggle][et_pb_toggle title=\u00bb2019&#8243; _builder_version=\u00bb4.4.8&#8243; custom_margin=\u00bb||0px||false|false\u00bb]<strong>Nuevo Bolet\u00edn Diocesano N\u00ba 7<\/strong><span>\u00a0<\/span>| Sep-Dic 2019 |<a href=\"https:\/\/www.obispado-mdp.org.ar\/a\/wp-content\/uploads\/2021\/10\/NBD7-Sept-Dic-2019.pdf\" target=\"_blank\" rel=\"noopener noreferrer\"><span>\u00a0<\/span>ver-descargar<\/a><\/p>\n<p><strong>Nuevo Bolet\u00edn Diocesano N\u00ba 6<\/strong><span>\u00a0<\/span>| May-Ago 2019 |<a href=\"https:\/\/www.obispado-mdp.org.ar\/a\/wp-content\/uploads\/2021\/10\/NBD-6-May-Ago-2019.pdf\" target=\"_blank\" rel=\"noopener noreferrer\"><span>\u00a0<\/span>ver-descargar<\/a><\/p>\n<p><strong>Nuevo Bolet\u00edn Diocesano N\u00ba 5 <\/strong><span>\u00a0<\/span>| Ene-Abr 2019 |<a href=\"https:\/\/www.obispado-mdp.org.ar\/a\/wp-content\/uploads\/2021\/10\/NBD-5-Ene-Abril-2019.pdf\" target=\"_blank\" rel=\"noopener noreferrer\"><span>\u00a0<\/span>ver-descargar<\/a>[\/et_pb_toggle][et_pb_toggle title=\u00bb2018&#8243; _builder_version=\u00bb4.4.8&#8243; custom_margin=\u00bb||0px||false|false\u00bb]<strong>Nuevo Bolet\u00edn Diocesano N\u00ba 4<\/strong><span>\u00a0<\/span>| Sep-Dic 2018 |<a href=\"https:\/\/www.obispado-mdp.org.ar\/a\/wp-content\/uploads\/2021\/10\/NBD-4-Sep-Dic-2018.pdf\" target=\"_blank\" rel=\"noopener noreferrer\"><span>\u00a0<\/span>ver-descargar<\/a><\/p>\n<p><strong>Nuevo Bolet\u00edn Diocesano N\u00ba 3<\/strong><span>\u00a0<\/span>| Abr-Ago 2018 |<a href=\"https:\/\/www.obispado-mdp.org.ar\/a\/wp-content\/uploads\/2021\/10\/NBD-3-Abr-Ago-2018.pdf\" target=\"_blank\" rel=\"noopener noreferrer\"><span>\u00a0<\/span>ver-descargar<\/a><\/p>\n<p><strong>Nuevo Bolet\u00edn Diocesano N\u00ba 2\u00a0<\/strong><span>\u00a0<\/span>| Nov-Mzo 2018 |<a href=\"https:\/\/www.obispado-mdp.org.ar\/a\/wp-content\/uploads\/2021\/10\/NBD-2-Nov-Mzo-2018.pdf\" target=\"_blank\" rel=\"noopener noreferrer\"><span>\u00a0<\/span>ver-descargar<\/a><\/p>\n<p>&nbsp;<\/p>\n<p><a href=\"https:\/\/www.obispado-mdp.org.ar\/a\/wp-content\/uploads\/2022\/07\/1957_BE_A01_N005_DI__BC_RG0005.pdf\" target=\"_blank\" rel=\"noopener noreferrer\"><\/a>[\/et_pb_toggle][et_pb_toggle title=\u00bb2017&#8243; _builder_version=\u00bb4.4.8&#8243;]<\/p>\n<p><strong>Nuevo Bolet\u00edn Diocesano N\u00ba 2<\/strong><span>\u00a0<\/span>| Nov 2017 &#8211; Mar 2018 |<a href=\"https:\/\/www.obispado-mdp.org.ar\/a\/wp-content\/uploads\/2021\/10\/NBD-2-Nov-Mzo-2018.pdf\" target=\"_blank\" rel=\"noopener noreferrer\">\u00a0ver-descargar<\/a><\/p>\n<p><strong>Nuevo Bolet\u00edn Diocesano N\u00ba 1<\/strong><span>\u00a0<\/span>| Jul-Oct 2017 |<a href=\"https:\/\/www.obispado-mdp.org.ar\/a\/wp-content\/uploads\/2021\/10\/NBD-3-Abr-Ago-2018.pdf\" target=\"_blank\" rel=\"noopener noreferrer\"><span>\u00a0<\/span>ver-descargar<\/a><\/p>\n<p><a href=\"https:\/\/www.obispado-mdp.org.ar\/a\/wp-content\/uploads\/2021\/10\/NBD-1-Jul-Oct-2017.pdf\" target=\"_blank\" rel=\"noopener noreferrer\"><\/a><\/p>\n<p>[\/et_pb_toggle][et_pb_button button_url=\u00bbhttps:\/\/www.obispado-mdp.org.ar\/a\/boletines-historicos\/\u00bb button_text=\u00bbVER BOLETINES HIST\u00d3RICOS\u00bb button_alignment=\u00bbcenter\u00bb _builder_version=\u00bb4.4.8&#8243;][\/et_pb_button][\/et_pb_column][\/et_pb_row][\/et_pb_section]<\/p>\n","protected":false},"excerpt":{"rendered":"<p>con un resumen cuatrimestral de la informaci\u00f3n mas importante de la di\u00f3cesis, Todos los acontecimientos y noticias, mensajes y homil\u00edas del padre Obispo Gabriel Mestre, noticias del S\u00ednodo Diocesano y todos los decretos y disposiciones.<\/p>\n","protected":false},"author":1,"featured_media":33694,"parent":0,"menu_order":0,"comment_status":"closed","ping_status":"closed","template":"","meta":{"_et_pb_use_builder":"on","_et_pb_old_content":"<!-- wp:paragraph {\"customFontSize\":18} -->\n<p style=\"font-size:18px\"><strong>Con un resumen cuatrimestral de la informaci\u00f3n mas importante de la di\u00f3cesis, Todos los acontecimientos y noticias, mensajes y homil\u00edas del padre Obispo Gabriel Mestre, noticias del S\u00ednodo Diocesano y todos los decretos y disposiciones.<\/strong><\/p>\n<!-- \/wp:paragraph -->\n\n<!-- wp:file {\"id\":33649,\"href\":\"https:\/\/www.obispado-mdp.org.ar\/a\/wp-content\/uploads\/2021\/10\/NBD12-May-Ago-2021.pdf\"} -->\n<div class=\"wp-block-file\"><a href=\"https:\/\/www.obispado-mdp.org.ar\/a\/wp-content\/uploads\/2021\/10\/NBD12-May-Ago-2021.pdf\"> <strong>Nuevo Bolet\u00edn Diocesano N\u00b0<\/strong> <strong>14<\/strong> | Ene-Abril 2022<\/a><a href=\"https:\/\/www.obispado-mdp.org.ar\/a\/wp-content\/uploads\/2021\/10\/NBD12-May-Ago-2021.pdf\" class=\"wp-block-file__button\" download><a href=\"https:\/\/www.obispado-mdp.org.ar\/a\/wp-content\/uploads\/2021\/10\/NBD12-May-Ago-2021.pdf\">Descarga<\/a><\/a><\/div>\n<!-- \/wp:file -->\n\n<!-- wp:file {\"id\":33649,\"href\":\"https:\/\/www.obispado-mdp.org.ar\/a\/wp-content\/uploads\/2021\/10\/NBD12-May-Ago-2021.pdf\"} -->\n<div class=\"wp-block-file\"><a href=\"https:\/\/www.obispado-mdp.org.ar\/a\/wp-content\/uploads\/2021\/10\/NBD12-May-Ago-2021.pdf\"> <strong>Nuevo Bolet\u00edn Diocesano N\u00b0<\/strong> <strong>13<\/strong> | Set-Dic   2021<\/a><a href=\"https:\/\/www.obispado-mdp.org.ar\/a\/wp-content\/uploads\/2021\/10\/NBD12-May-Ago-2021.pdf\" class=\"wp-block-file__button\" download><a href=\"https:\/\/www.obispado-mdp.org.ar\/a\/wp-content\/uploads\/2021\/10\/NBD12-May-Ago-2021.pdf\">Descarga<\/a><\/a><\/div>\n<!-- \/wp:file -->\n\n<!-- wp:file {\"id\":33649,\"href\":\"https:\/\/www.obispado-mdp.org.ar\/a\/wp-content\/uploads\/2021\/10\/NBD12-May-Ago-2021.pdf\"} -->\n<div class=\"wp-block-file\"><a href=\"https:\/\/www.obispado-mdp.org.ar\/a\/wp-content\/uploads\/2021\/10\/NBD12-May-Ago-2021.pdf\"> <strong>Nuevo Bolet\u00edn Diocesano N\u00b0<\/strong> <strong>12<\/strong> | May-Ago 2021<\/a><a href=\"https:\/\/www.obispado-mdp.org.ar\/a\/wp-content\/uploads\/2021\/10\/NBD12-May-Ago-2021.pdf\" class=\"wp-block-file__button\" download>Descarga<\/a><\/div>\n<!-- \/wp:file -->\n\n<!-- wp:separator {\"color\":\"very-light-gray\"} -->\n<hr class=\"wp-block-separator has-text-color has-background has-very-light-gray-background-color has-very-light-gray-color\"\/>\n<!-- \/wp:separator -->\n\n<!-- wp:file {\"id\":33648,\"href\":\"https:\/\/www.obispado-mdp.org.ar\/a\/wp-content\/uploads\/2021\/10\/NBD11-Ene-Abril-2021.pdf\"} -->\n<div class=\"wp-block-file\"><a href=\"https:\/\/www.obispado-mdp.org.ar\/a\/wp-content\/uploads\/2021\/10\/NBD11-Ene-Abril-2021.pdf\"> <strong>Nuevo Bolet\u00edn Diocesano N\u00b0<\/strong> <strong>11<\/strong> | Ene-Abril 2021<\/a><a href=\"https:\/\/www.obispado-mdp.org.ar\/a\/wp-content\/uploads\/2021\/10\/NBD11-Ene-Abril-2021.pdf\" class=\"wp-block-file__button\" download>Descarga<\/a><\/div>\n<!-- \/wp:file -->\n\n<!-- wp:separator {\"color\":\"very-light-gray\",\"className\":\"is-style-default\"} -->\n<hr class=\"wp-block-separator has-text-color has-background has-very-light-gray-background-color has-very-light-gray-color is-style-default\"\/>\n<!-- \/wp:separator -->\n\n<!-- wp:file {\"id\":33647,\"href\":\"https:\/\/www.obispado-mdp.org.ar\/a\/wp-content\/uploads\/2021\/10\/NBD10-Sept-Dic-2020.pdf\"} -->\n<div class=\"wp-block-file\"><a href=\"https:\/\/www.obispado-mdp.org.ar\/a\/wp-content\/uploads\/2021\/10\/NBD10-Sept-Dic-2020.pdf\"><strong>Nuevo Bolet\u00edn Diocesano N\u00b0<\/strong> <strong>10<\/strong> | Sept-Dic 2020<\/a><a href=\"https:\/\/www.obispado-mdp.org.ar\/a\/wp-content\/uploads\/2021\/10\/NBD10-Sept-Dic-2020.pdf\" class=\"wp-block-file__button\" download>Descarga<\/a><\/div>\n<!-- \/wp:file -->\n\n<!-- wp:separator {\"color\":\"very-light-gray\",\"className\":\"is-style-default\"} -->\n<hr class=\"wp-block-separator has-text-color has-background has-very-light-gray-background-color has-very-light-gray-color is-style-default\"\/>\n<!-- \/wp:separator -->\n\n<!-- wp:file {\"id\":33646,\"href\":\"https:\/\/www.obispado-mdp.org.ar\/a\/wp-content\/uploads\/2021\/10\/NBD9-May-Ago-2020.pdf\"} -->\n<div class=\"wp-block-file\"><a href=\"https:\/\/www.obispado-mdp.org.ar\/a\/wp-content\/uploads\/2021\/10\/NBD9-May-Ago-2020.pdf\"> <strong>Nuevo Bolet\u00edn Diocesano N\u00b0<\/strong> <strong>9 <\/strong>| May-Ago 2020<\/a><a href=\"https:\/\/www.obispado-mdp.org.ar\/a\/wp-content\/uploads\/2021\/10\/NBD9-May-Ago-2020.pdf\" class=\"wp-block-file__button\" download>Descarga<\/a><\/div>\n<!-- \/wp:file -->\n\n<!-- wp:separator {\"color\":\"very-light-gray\",\"className\":\"is-style-default\"} -->\n<hr class=\"wp-block-separator has-text-color has-background has-very-light-gray-background-color has-very-light-gray-color is-style-default\"\/>\n<!-- \/wp:separator -->\n\n<!-- wp:file {\"id\":33645,\"href\":\"https:\/\/www.obispado-mdp.org.ar\/a\/wp-content\/uploads\/2021\/10\/NBD8-Ene-Abril-2020.pdf\"} -->\n<div class=\"wp-block-file\"><a href=\"https:\/\/www.obispado-mdp.org.ar\/a\/wp-content\/uploads\/2021\/10\/NBD8-Ene-Abril-2020.pdf\"> <strong>Nuevo Bolet\u00edn Diocesano N\u00b0<\/strong> <strong>8<\/strong> | Ene-Abril 2020<\/a><a href=\"https:\/\/www.obispado-mdp.org.ar\/a\/wp-content\/uploads\/2021\/10\/NBD8-Ene-Abril-2020.pdf\" class=\"wp-block-file__button\" download>Descarga<\/a><\/div>\n<!-- \/wp:file -->\n\n<!-- wp:separator {\"color\":\"very-light-gray\"} -->\n<hr class=\"wp-block-separator has-text-color has-background has-very-light-gray-background-color has-very-light-gray-color\"\/>\n<!-- \/wp:separator -->\n\n<!-- wp:file {\"id\":33644,\"href\":\"https:\/\/www.obispado-mdp.org.ar\/a\/wp-content\/uploads\/2021\/10\/NBD7-Sept-Dic-2019.pdf\"} -->\n<div class=\"wp-block-file\"><a href=\"https:\/\/www.obispado-mdp.org.ar\/a\/wp-content\/uploads\/2021\/10\/NBD7-Sept-Dic-2019.pdf\"><strong> Nuevo Bolet\u00edn Diocesano N\u00b0<\/strong> <strong>7<\/strong>|  Sept-Dic 2019<\/a><a href=\"https:\/\/www.obispado-mdp.org.ar\/a\/wp-content\/uploads\/2021\/10\/NBD7-Sept-Dic-2019.pdf\" class=\"wp-block-file__button\" download>Descarga<\/a><\/div>\n<!-- \/wp:file -->\n\n<!-- wp:separator {\"color\":\"very-light-gray\"} -->\n<hr class=\"wp-block-separator has-text-color has-background has-very-light-gray-background-color has-very-light-gray-color\"\/>\n<!-- \/wp:separator -->\n\n<!-- wp:file {\"id\":33643,\"href\":\"https:\/\/www.obispado-mdp.org.ar\/a\/wp-content\/uploads\/2021\/10\/NBD-6-May-Ago-2019.pdf\"} -->\n<div class=\"wp-block-file\"><a href=\"https:\/\/www.obispado-mdp.org.ar\/a\/wp-content\/uploads\/2021\/10\/NBD-6-May-Ago-2019.pdf\"> <strong>Nuevo Bolet\u00edn Diocesano N\u00b0<\/strong> <strong>6<\/strong>|  May-Ago 2019<\/a><a href=\"https:\/\/www.obispado-mdp.org.ar\/a\/wp-content\/uploads\/2021\/10\/NBD-6-May-Ago-2019.pdf\" class=\"wp-block-file__button\" download>Descarga<\/a><\/div>\n<!-- \/wp:file -->\n\n<!-- wp:separator {\"color\":\"very-light-gray\"} -->\n<hr class=\"wp-block-separator has-text-color has-background has-very-light-gray-background-color has-very-light-gray-color\"\/>\n<!-- \/wp:separator -->\n\n<!-- wp:file {\"id\":33642,\"href\":\"https:\/\/www.obispado-mdp.org.ar\/a\/wp-content\/uploads\/2021\/10\/NBD-5-Ene-Abril-2019.pdf\"} -->\n<div class=\"wp-block-file\"><a href=\"https:\/\/www.obispado-mdp.org.ar\/a\/wp-content\/uploads\/2021\/10\/NBD-5-Ene-Abril-2019.pdf\"><strong>Nuevo Bolet\u00edn Diocesano N\u00b0 5<\/strong> | Ene-Abril 2019<\/a><a href=\"https:\/\/www.obispado-mdp.org.ar\/a\/wp-content\/uploads\/2021\/10\/NBD-5-Ene-Abril-2019.pdf\" class=\"wp-block-file__button\" download>Descarga<\/a><\/div>\n<!-- \/wp:file -->\n\n<!-- wp:separator {\"color\":\"very-light-gray\"} -->\n<hr class=\"wp-block-separator has-text-color has-background has-very-light-gray-background-color has-very-light-gray-color\"\/>\n<!-- \/wp:separator -->\n\n<!-- wp:file {\"id\":33641,\"href\":\"https:\/\/www.obispado-mdp.org.ar\/a\/wp-content\/uploads\/2021\/10\/NBD-4-Sep-Dic-2018.pdf\"} -->\n<div class=\"wp-block-file\"><a href=\"https:\/\/www.obispado-mdp.org.ar\/a\/wp-content\/uploads\/2021\/10\/NBD-4-Sep-Dic-2018.pdf\"> <strong>Nuevo Bolet\u00edn Diocesano N\u00b0<\/strong> <strong>4 <\/strong>| Sep-Dic 2018<\/a><a href=\"https:\/\/www.obispado-mdp.org.ar\/a\/wp-content\/uploads\/2021\/10\/NBD-4-Sep-Dic-2018.pdf\" class=\"wp-block-file__button\" download>Descarga<\/a><\/div>\n<!-- \/wp:file -->\n\n<!-- wp:separator {\"color\":\"very-light-gray\"} -->\n<hr class=\"wp-block-separator has-text-color has-background has-very-light-gray-background-color has-very-light-gray-color\"\/>\n<!-- \/wp:separator -->\n\n<!-- wp:file {\"id\":33640,\"href\":\"https:\/\/www.obispado-mdp.org.ar\/a\/wp-content\/uploads\/2021\/10\/NBD-3-Abr-Ago-2018.pdf\"} -->\n<div class=\"wp-block-file\"><a href=\"https:\/\/www.obispado-mdp.org.ar\/a\/wp-content\/uploads\/2021\/10\/NBD-3-Abr-Ago-2018.pdf\"> <strong>Nuevo Bolet\u00edn Diocesano N\u00b0<\/strong> <strong>3 <\/strong>| Abr-Ago 2018<\/a><a href=\"https:\/\/www.obispado-mdp.org.ar\/a\/wp-content\/uploads\/2021\/10\/NBD-3-Abr-Ago-2018.pdf\" class=\"wp-block-file__button\" download>Descarga<\/a><\/div>\n<!-- \/wp:file -->\n\n<!-- wp:separator {\"color\":\"very-light-gray\"} -->\n<hr class=\"wp-block-separator has-text-color has-background has-very-light-gray-background-color has-very-light-gray-color\"\/>\n<!-- \/wp:separator -->\n\n<!-- wp:file {\"id\":33639,\"href\":\"https:\/\/www.obispado-mdp.org.ar\/a\/wp-content\/uploads\/2021\/10\/NBD-2-Nov-Mzo-2018.pdf\"} -->\n<div class=\"wp-block-file\"><a href=\"https:\/\/www.obispado-mdp.org.ar\/a\/wp-content\/uploads\/2021\/10\/NBD-2-Nov-Mzo-2018.pdf\"><strong>Nuevo Bolet\u00edn Diocesano N\u00b0<\/strong> <strong>2<\/strong> | Nov-Mzo 2018<\/a><a href=\"https:\/\/www.obispado-mdp.org.ar\/a\/wp-content\/uploads\/2021\/10\/NBD-2-Nov-Mzo-2018.pdf\" class=\"wp-block-file__button\" download>Descarga<\/a><\/div>\n<!-- \/wp:file -->\n\n<!-- wp:separator {\"color\":\"very-light-gray\"} -->\n<hr class=\"wp-block-separator has-text-color has-background has-very-light-gray-background-color has-very-light-gray-color\"\/>\n<!-- \/wp:separator -->\n\n<!-- wp:file {\"id\":33638,\"href\":\"https:\/\/www.obispado-mdp.org.ar\/a\/wp-content\/uploads\/2021\/10\/NBD-1-Jul-Oct-2017.pdf\"} -->\n<div class=\"wp-block-file\"><a href=\"https:\/\/www.obispado-mdp.org.ar\/a\/wp-content\/uploads\/2021\/10\/NBD-1-Jul-Oct-2017.pdf\"><strong>Nuevo Bolet\u00edn Diocesano N\u00b0<\/strong> <strong>1 <\/strong>| Jul-Oct 2017<\/a><a href=\"https:\/\/www.obispado-mdp.org.ar\/a\/wp-content\/uploads\/2021\/10\/NBD-1-Jul-Oct-2017.pdf\" class=\"wp-block-file__button\" download>Descarga<\/a><\/div>\n<!-- \/wp:file -->\n\n<!-- wp:separator {\"color\":\"very-light-gray\"} -->\n<hr class=\"wp-block-separator has-text-color has-background has-very-light-gray-background-color has-very-light-gray-color\"\/>\n<!-- \/wp:separator -->\n\n<!-- wp:spacer {\"height\":59} -->\n<div style=\"height:59px\" aria-hidden=\"true\" class=\"wp-block-spacer\"><\/div>\n<!-- \/wp:spacer -->\n\n<!-- wp:paragraph -->\n<p><\/p>\n<!-- \/wp:paragraph -->","_et_gb_content_width":""},"aioseo_notices":[],"_links":{"self":[{"href":"https:\/\/www.obispado-mdp.org.ar\/a\/wp-json\/wp\/v2\/pages\/33689"}],"collection":[{"href":"https:\/\/www.obispado-mdp.org.ar\/a\/wp-json\/wp\/v2\/pages"}],"about":[{"href":"https:\/\/www.obispado-mdp.org.ar\/a\/wp-json\/wp\/v2\/types\/page"}],"author":[{"embeddable":true,"href":"https:\/\/www.obispado-mdp.org.ar\/a\/wp-json\/wp\/v2\/users\/1"}],"replies":[{"embeddable":true,"href":"https:\/\/www.obispado-mdp.org.ar\/a\/wp-json\/wp\/v2\/comments?post=33689"}],"version-history":[{"count":32,"href":"https:\/\/www.obispado-mdp.org.ar\/a\/wp-json\/wp\/v2\/pages\/33689\/revisions"}],"predecessor-version":[{"id":49385,"href":"https:\/\/www.obispado-mdp.org.ar\/a\/wp-json\/wp\/v2\/pages\/33689\/revisions\/49385"}],"wp:featuredmedia":[{"embeddable":true,"href":"https:\/\/www.obispado-mdp.org.ar\/a\/wp-json\/wp\/v2\/media\/33694"}],"wp:attachment":[{"href":"https:\/\/www.obispado-mdp.org.ar\/a\/wp-json\/wp\/v2\/media?parent=33689"}],"curies":[{"name":"wp","href":"https:\/\/api.w.org\/{rel}","templated":true}]}}