{"id":34569,"date":"2022-01-03T18:20:38","date_gmt":"2022-01-03T21:20:38","guid":{"rendered":"https:\/\/www.obispado-mdp.org.ar\/a\/?page_id=34569"},"modified":"2022-01-07T18:20:42","modified_gmt":"2022-01-07T21:20:42","slug":"tour-virtual-por-la-catedral-de-mar-del-plata","status":"publish","type":"page","link":"https:\/\/www.obispado-mdp.org.ar\/a\/tour-virtual-por-la-catedral-de-mar-del-plata\/","title":{"rendered":"TOUR VIRTUAL POR LA CATEDRAL DE MAR DEL PLATA"},"content":{"rendered":"\n<p>Un recorrido virtual por toda su magn\u00edfica construcci\u00f3n y sus\nobras de arte. Actualmente la Catedral bas\u00edlica de los Santos Pedro y Cecilia es\nuno de los m\u00e1s importantes centros tur\u00edsticos de Argentina,&nbsp; declarada \u00abPatrimonio\nHist\u00f3rico Nacional\u00bb y su inauguraci\u00f3n total fue el 12 de febrero de 1905.<\/p>\n\n\n\n<p>El arte y lo sagrado nos permiten tomar contacto con la\nhistoria de este templo. Esta obra nos habla de una historia de Fe.<\/p>\n\n\n\n<p>La Catedral bas\u00edlica de los Santos Pedro y Cecilia de Mar del Plata aparece en medio del microcentro de la ciudad como un oasis en donde el marplatense y el turista pueden entrar a distintas horas del d\u00eda para beber en ella un poco de paz. Ahora podes recorrerla de manera virtual<\/p>\n\n\n\n<p class=\"has-medium-font-size\"><strong><a href=\"https:\/\/www.youtube.com\/watch?v=DhKDp2NoCy8\">INSTRUCCIONES PARA HACER EL RECORRIDO VIRTUAL POR LA CATEDRAL<\/a><\/strong><\/p>\n\n\n\n<p>Conocer la Catedral nos compromete a cuidarla, no solo en su\nestructura edilicia sino tambi\u00e9n en el espacio exterior. La Catedral con su\narquitectura neog\u00f3tica es el mayor s\u00edmbolo de esta ciudad que nos acerca a Dios a trav\u00e9s de sus torres y campanarios.<\/p>\n\n\n\n<p class=\"has-background has-medium-font-size has-cyan-bluish-gray-background-color\"><a href=\"https:\/\/my.matterport.com\/show\/?m=X1S1bsKU2JE\"><strong>INGRESA AQUI PARA HACER EL TOUR VIRTUAL<\/strong><\/a><\/p>\n\n\n\n<figure class=\"wp-block-image size-large\"><img loading=\"lazy\" width=\"1024\" height=\"569\" src=\"https:\/\/www.obispado-mdp.org.ar\/a\/wp-content\/uploads\/2022\/01\/WhatsApp-Image-2022-01-03-at-11.49.11-1024x569.jpeg\" alt=\"\" class=\"wp-image-34570\"\/><\/figure>\n\n\n\n<p><strong>El desarrollo del Tour Virtual de \u00a0MATTERPORT OFICIAL \u00a0Y VOLVAR DESARROLLOS @matterportoficial y @volvar.desarrollos en base a una idea de los sacerdotes y la comunidad de la Iglesia Catedral de Mar del Plata.<\/strong><\/p>\n","protected":false},"excerpt":{"rendered":"<p>Un recorrido virtual por toda su magn\u00edfica construcci\u00f3n y sus obras de arte. Actualmente la Catedral bas\u00edlica de los Santos Pedro y Cecilia es uno de los m\u00e1s importantes centros tur\u00edsticos de Argentina,&nbsp; declarada \u00abPatrimonio Hist\u00f3rico Nacional\u00bb y su inauguraci\u00f3n total fue el 12 de febrero de 1905. El arte y lo sagrado nos permiten [&hellip;]<\/p>\n","protected":false},"author":1,"featured_media":34572,"parent":0,"menu_order":0,"comment_status":"closed","ping_status":"closed","template":"","meta":{"_et_pb_use_builder":"off","_et_pb_old_content":"","_et_gb_content_width":""},"aioseo_notices":[],"_links":{"self":[{"href":"https:\/\/www.obispado-mdp.org.ar\/a\/wp-json\/wp\/v2\/pages\/34569"}],"collection":[{"href":"https:\/\/www.obispado-mdp.org.ar\/a\/wp-json\/wp\/v2\/pages"}],"about":[{"href":"https:\/\/www.obispado-mdp.org.ar\/a\/wp-json\/wp\/v2\/types\/page"}],"author":[{"embeddable":true,"href":"https:\/\/www.obispado-mdp.org.ar\/a\/wp-json\/wp\/v2\/users\/1"}],"replies":[{"embeddable":true,"href":"https:\/\/www.obispado-mdp.org.ar\/a\/wp-json\/wp\/v2\/comments?post=34569"}],"version-history":[{"count":4,"href":"https:\/\/www.obispado-mdp.org.ar\/a\/wp-json\/wp\/v2\/pages\/34569\/revisions"}],"predecessor-version":[{"id":34615,"href":"https:\/\/www.obispado-mdp.org.ar\/a\/wp-json\/wp\/v2\/pages\/34569\/revisions\/34615"}],"wp:featuredmedia":[{"embeddable":true,"href":"https:\/\/www.obispado-mdp.org.ar\/a\/wp-json\/wp\/v2\/media\/34572"}],"wp:attachment":[{"href":"https:\/\/www.obispado-mdp.org.ar\/a\/wp-json\/wp\/v2\/media?parent=34569"}],"curies":[{"name":"wp","href":"https:\/\/api.w.org\/{rel}","templated":true}]}}