{"id":469,"date":"2020-02-20T17:58:13","date_gmt":"2020-02-20T20:58:13","guid":{"rendered":"http:\/\/www.obispado-mdp.org.ar\/a\/?page_id=469"},"modified":"2025-08-14T08:15:22","modified_gmt":"2025-08-14T11:15:22","slug":"hogares-de-cristo","status":"publish","type":"page","link":"https:\/\/www.obispado-mdp.org.ar\/a\/caridad\/hogares-de-cristo\/","title":{"rendered":"HOGARES DE CRISTO"},"content":{"rendered":"<p>[et_pb_section fb_built=\u00bb1&#8243; inner_shadow=\u00bbon\u00bb _builder_version=\u00bb3.22&#8243; background_color=\u00bb#0196ae\u00bb background_image=\u00bbhttps:\/\/obispado-mdp.org.ar\/a\/wp-content\/uploads\/2020\/02\/hogar-de-cristo.jpg\u00bb mix_blend_mode=\u00bbmultiply\u00bb top_divider_flip=\u00bbvertical\u00bb bottom_divider_style=\u00bbcurve\u00bb bottom_divider_color=\u00bb#0196ae\u00bb bottom_divider_height=\u00bb11px\u00bb bottom_divider_arrangement=\u00bbabove_content\u00bb saved_tabs=\u00bball\u00bb][et_pb_row _builder_version=\u00bb3.25&#8243;][et_pb_column type=\u00bb4_4&#8243; _builder_version=\u00bb3.25&#8243; custom_padding=\u00bb|||\u00bb custom_padding__hover=\u00bb|||\u00bb][et_pb_text _builder_version=\u00bb3.27.4&#8243; header_font=\u00bb|600|||||||\u00bb header_text_color=\u00bb#ffffff\u00bb header_line_height=\u00bb0.9em\u00bb header_text_shadow_style=\u00bbpreset3&#8243;]<\/p>\n<h1 style=\"text-align: center;\">Caridad<\/h1>\n<p>[\/et_pb_text][\/et_pb_column][\/et_pb_row][\/et_pb_section][et_pb_section fb_built=\u00bb1&#8243; _builder_version=\u00bb3.22&#8243;][et_pb_row column_structure=\u00bb3_4,1_4&#8243; admin_label=\u00bbText\u00bb module_class=\u00bb et_pb_row_fullwidth\u00bb _builder_version=\u00bb3.25&#8243; width=\u00bb89%\u00bb width_tablet=\u00bb80%\u00bb width_phone=\u00bb\u00bb width_last_edited=\u00bbon|desktop\u00bb max_width=\u00bb89%\u00bb max_width_tablet=\u00bb80%\u00bb max_width_phone=\u00bb\u00bb max_width_last_edited=\u00bbon|desktop\u00bb custom_padding=\u00bb|||24px|false|false\u00bb border_color_bottom=\u00bb#0196ae\u00bb border_color_left=\u00bb#0196ae\u00bb make_fullwidth=\u00bbon\u00bb saved_tabs=\u00bball\u00bb][et_pb_column type=\u00bb3_4&#8243; _builder_version=\u00bb3.25&#8243; custom_padding=\u00bb|||\u00bb parallax__hover=\u00bboff\u00bb parallax_method__hover=\u00bbon\u00bb custom_padding__hover=\u00bb|||\u00bb][et_pb_text admin_label=\u00bbText\u00bb _builder_version=\u00bb3.27.4&#8243; header_font=\u00bb|700|||||||\u00bb header_text_color=\u00bb#0196ae\u00bb border_width_bottom=\u00bb1px\u00bb border_color_bottom=\u00bb#0196ae\u00bb]<\/p>\n<h1>Hogar de Cristo<\/h1>\n<p>[\/et_pb_text][et_pb_text _builder_version=\u00bb4.4.8&#8243; header_font=\u00bb||||||||\u00bb header_text_color=\u00bb#0196ae\u00bb header_2_font=\u00bb||||||||\u00bb header_2_text_color=\u00bb#0196ae\u00bb header_3_font=\u00bb||||||||\u00bb header_3_text_color=\u00bb#0196ae\u00bb hover_enabled=\u00bb0&#8243;]<\/p>\n<p>.<img loading=\"lazy\" src=\"https:\/\/obispado-mdp.org.ar\/a\/wp-content\/uploads\/2020\/02\/Pp0QRlZV_400x400.jpg\" alt=\"\" class=\"wp-image-490 alignleft size-full\" width=\"208\" height=\"208\" \/><strong>Somos una Federaci\u00f3n que agrupa a los Centros Barriales que tienen como finalidad dar\u00a0respuesta integral a situaciones de vulnerabilidad social y\/o consumos problem\u00e1ticos de sustancias psicoactivas,\u00a0poniendo en primer lugar a la persona y sus cualidades.<\/strong><\/p>\n<p>Nuestro objetivo es sistematizar, investigar, trasmitir y velar por la metodolog\u00eda, los principios, criterios y estrategias que nos hermanan. Con nuestra mirada queremos colaborar en el desarrollo de comunidades comprometidas con el sufrimiento social. Trabajamos por una cultura del encuentro y de protagonismo comunitario, promovemos valores cristianos, capacitamos y sensibilizamos a trav\u00e9s de la Escuela de Formaci\u00f3n, realizamos actividades de extensi\u00f3n e investigaci\u00f3n.<\/p>\n<p>Comprendemos que estamos ante situaciones de enorme complejidad: no es solamente un problema de drogas sino de personas atravesadas por este flagelo. No hay una l\u00ednea directa que va de la droga a la recuperaci\u00f3n. Desde ese lugar, afirmamos que\u00a0los Centros Barriales de la Familia Grande del Hogar de Cristo reciben la vida como viene, en su totalidad y complejidad.<\/p>\n<p>No se puede pensar en una recuperaci\u00f3n plena e integral si quien consume est\u00e1 solo, vive en la calle o no tiene DNI que le permita tramitar los beneficios sociales o acceder a cualquier instituci\u00f3n sea p\u00fablica, de salud o social.\u00a0 Sin esas condiciones b\u00e1sicas resulta imposible\u00a0que alguien pueda pensar en re-armar su vida. Es por esa raz\u00f3n que en los Centros Barriales acompa\u00f1amos todos los aspectos de la vida de la persona.<\/p>\n<p>Y como trabajamos de una manera integral, respetamos los tiempos y la libertad de cada uno, de cada una.\u00a0 Nuestro lugar es la sugerencia, el consejo, nunca el control. A diferencia de tanto modelo de \u00e9xito estandarizado que parece ineludible, priorizamos el acompa\u00f1amiento con la convicci\u00f3n de que son la paciencia, la cercan\u00eda, el afecto y la dedicaci\u00f3n los que educan, sostienen y orientan.<\/p>\n<p>As\u00ed, comprendemos al Centro Barrial como un hogar alojador, donde la presencia cercana y el testimonio de quienes han transitado ya el camino propuesto se vuelcan al servicio de los y las que reci\u00e9n empiezan. Esto posibilita la construcci\u00f3n de un entramado de relaciones. Es con las otras personas que se favorece la construcci\u00f3n de un lazo social que permite hermanarse, sentirse parte.\u00a0 La familia ampliada, la comunidad, la parroquia, el barrio resultan fundantes del desarrollo individual.<\/p>\n<p>A nuestros Centros Barriales se acercan quienes est\u00e1n solos, hu\u00e9rfanos, desolados, enfermos y tambi\u00e9n los que tienen su salud comprometida por el consumo de drogas. All\u00ed nos acercamos a cada historia sagrada personal y acompa\u00f1amos el recorrido de su cuerpo y alma, a quien se reconoce persona, imagen y semejanza de Dios con posibilidad de amar y vincularse con los dem\u00e1s.<\/p>\n<blockquote>\n<p>El nuevo Hogar de Cristo est\u00e1 en <strong>Vertiz 11540, del Barrio Belgrano,<\/strong> y funciona los martes, jueves y viernes de 10 a 15 y los talleres se dictan en otros horarios.<\/p>\n<p><strong><\/strong><strong>Mayores informes se ofrecen en (0223) 4813342 o 4483488.<\/strong><\/p>\n<p><strong><\/strong><\/p>\n<p><strong><\/strong><\/p>\n<\/blockquote>\n<p>En nuestra Di\u00f3cesis bajo la denominaci\u00f3n Hogar de Cristo Card. Eduardo Pironio tenemos varios espacios:<\/p>\n<p><strong>Centro Barrial \u201cComunidades del Sur &#8211; Don Orione\u201d<\/strong>,<br \/>Barrio Santa Rosa del Mar.<br \/> Referentes: <br \/>Matilde 223 &#8211; 4987345 <br \/>Ana Laura 223 \u2013 5859076<br \/>FACEBOOK: <a href=\"https:\/\/www.facebook.com\/hogardecristocomunidadesdelsur\" target=\"_blank\" rel=\"noopener noreferrer\">hogardecristocomunidadesdelsur<\/a><\/p>\n<p><strong>Centro Barrial \u201cCarlos Mugica\u201d,<\/strong><br \/>Barrio Belgrano<br \/>Referentes: <br \/>Eduardo: 223 \u2013 5958659 <br \/>Leo: 223 \u2013 6893373 <br \/>Karina: 223 \u2013 5118702<\/p>\n<p><strong>\u00abCasa de Medio Camino\u00bb,<\/strong> <br \/>barrio Pque. Palermo<br \/> Referentes: <br \/>Eduardo: 223 \u2013 5958659 <br \/>Leo: 223 \u2013 6893373 <br \/>Karina: 223 \u2013 5118702<\/p>\n<p><strong>\u201cCasa de Libertad y Misericordia\u201d<\/strong> <br \/>Barrio Villa Lourdes <br \/>Referentes: <br \/>Elena: 223 \u2013 4219449 <br \/>Ambay:\u00a0 223 \u2013 4393271<\/p>\n<p><strong>Centro Barrial \u201cGalp\u00f3n de Teresa\u201d<br \/><\/strong> Cnel. Vidal <br \/>Referente: <br \/>Mar\u00eda Jes\u00fas 2265 &#8211; 407624<\/p>\n<p><strong>\u201dCasa Granja San Francisco de As\u00eds\u201d<\/strong> <br \/>paraje San Francisco <br \/>Referentes: <br \/>Dami\u00e1n: 223 \u2013 4499754 <br \/>p. Hern\u00e1n: 223 \u2013 4483488<\/p>\n<p>[\/et_pb_text][et_pb_cta title=\u00bbCONTACTATE CON EL HOGAR\u00bb button_text=\u00bbClick Here\u00bb _builder_version=\u00bb3.18.9&#8243; header_level=\u00bbh1&#8243; header_font=\u00bb|800|||||||\u00bb header_letter_spacing=\u00bb4px\u00bb header_line_height=\u00bb1.3em\u00bb]<\/p>\n<h4><strong>DIRECCI\u00d3N: <\/strong>Vertiz 11540. Barrio Belgrano<\/h4>\n<h4><strong>TELEFONOS: <\/strong>(0223) 4813342 o 4483488.<\/h4>\n<p>[\/et_pb_cta][et_pb_button button_url=\u00bbhttps:\/\/obispado-mdp.org.ar\/a\/caridad\/\u00bb button_text=\u00bbVolver\u00bb _builder_version=\u00bb3.18.9&#8243; custom_button=\u00bbon\u00bb button_font=\u00bb||||||||\u00bb button_icon=\u00bb%%27%%\u00bb button_icon_placement=\u00bbleft\u00bb button_on_hover=\u00bboff\u00bb global_module=\u00bb17858&#8243; saved_tabs=\u00bball\u00bb][\/et_pb_button][\/et_pb_column][et_pb_column type=\u00bb1_4&#8243; _builder_version=\u00bb3.25&#8243; custom_padding=\u00bb|||\u00bb parallax__hover=\u00bboff\u00bb parallax_method__hover=\u00bbon\u00bb custom_padding__hover=\u00bb|||\u00bb][et_pb_image src=\u00bbhttps:\/\/obispado-mdp.org.ar\/a\/wp-content\/uploads\/2020\/02\/1576688661288-x-hogar-de-cristo-MDQ.jpg\u00bb force_fullwidth=\u00bbon\u00bb align_tablet=\u00bbcenter\u00bb align_phone=\u00bb\u00bb align_last_edited=\u00bbon|desktop\u00bb _builder_version=\u00bb3.23&#8243; background_color=\u00bb#0196ae\u00bb parallax=\u00bbon\u00bb][\/et_pb_image][et_pb_text _builder_version=\u00bb3.27.4&#8243; text_font=\u00bb||||||||\u00bb header_font=\u00bb||||||||\u00bb header_text_color=\u00bb#0196ae\u00bb header_4_font=\u00bb||||||||\u00bb header_4_text_color=\u00bb#ffffff\u00bb background_color=\u00bb#0196ae\u00bb custom_margin=\u00bb0px|0px|0px|0px\u00bb custom_padding=\u00bb10px|10px|0px|20px\u00bb]<\/p>\n<h4><strong>CARIDAD<\/strong><\/h4>\n<p>[\/et_pb_text][dsm_menu title_bottom_gap=\u00bb8px\u00bb menu_id=\u00bb53&#8243; list_style_color=\u00bb#0196ae\u00bb _builder_version=\u00bb4.4.8&#8243; header_font=\u00bbGeorgia|700|||on|on||#0196ae|dotted\u00bb header_text_color=\u00bb#0196ae\u00bb background_color=\u00bbrgba(1,150,174,0.05)\u00bb custom_margin=\u00bb-10px|-10px|-10px|-10px\u00bb custom_padding=\u00bb20px|10px|10px|20px\u00bb custom_padding_last_edited=\u00bboff|desktop\u00bb][\/dsm_menu][\/et_pb_column][\/et_pb_row][\/et_pb_section]<\/p>\n","protected":false},"excerpt":{"rendered":"<p>Somos una Federaci\u00f3n que agrupa a los Centros Barriales que tienen como finalidad dar respuesta integral a situaciones de vulnerabilidad social y\/o consumos problem\u00e1ticos de sustancias psicoactivas, poniendo en primer lugar a la persona y sus cualidades.<\/p>\n","protected":false},"author":1,"featured_media":475,"parent":546,"menu_order":2,"comment_status":"closed","ping_status":"closed","template":"","meta":{"_et_pb_use_builder":"on","_et_pb_old_content":"<!-- wp:paragraph -->\n<p>Somos una Federaci\u00f3n que agrupa a los Centros\nBarriales que tienen como finalidad dar&nbsp;respuesta integral a situaciones\nde vulnerabilidad social y\/o consumos problem\u00e1ticos de sustancias\npsicoactivas,&nbsp;poniendo en primer lugar a la persona y sus cualidades.<\/p>\n<!-- \/wp:paragraph -->\n\n<!-- wp:paragraph -->\n<p>Nuestro objetivo es sistematizar, investigar,\ntrasmitir y velar por la metodolog\u00eda, los principios, criterios y estrategias\nque nos hermanan. Con nuestra mirada queremos colaborar en el desarrollo de\ncomunidades comprometidas con el sufrimiento social. Trabajamos por una cultura\ndel encuentro y de protagonismo comunitario, promovemos valores cristianos,\ncapacitamos y sensibilizamos a trav\u00e9s de la Escuela de Formaci\u00f3n, realizamos\nactividades de extensi\u00f3n e investigaci\u00f3n.<\/p>\n<!-- \/wp:paragraph -->\n\n<!-- wp:paragraph -->\n<p>Comprendemos que estamos ante situaciones de enorme\ncomplejidad: no es solamente un problema de drogas sino de personas atravesadas\npor este flagelo. No hay una l\u00ednea directa que va de la droga a la\nrecuperaci\u00f3n. Desde ese lugar, afirmamos que&nbsp;los Centros Barriales de la\nFamilia Grande del Hogar de Cristo reciben la vida como viene, en su totalidad\ny complejidad.<\/p>\n<!-- \/wp:paragraph -->\n\n<!-- wp:paragraph -->\n<p>No se puede pensar en una recuperaci\u00f3n plena e\nintegral si quien consume est\u00e1 solo, vive en la calle o no tiene DNI que le\npermita tramitar los beneficios sociales o acceder a cualquier instituci\u00f3n sea\np\u00fablica, de salud o social.&nbsp; Sin esas condiciones b\u00e1sicas resulta\nimposible&nbsp;que alguien pueda pensar en re-armar su vida. Es por esa raz\u00f3n\nque en los Centros Barriales acompa\u00f1amos todos los aspectos de la vida de la\npersona.<\/p>\n<!-- \/wp:paragraph -->\n\n<!-- wp:paragraph -->\n<p>Y como trabajamos de una manera integral, respetamos\nlos tiempos y la libertad de cada uno, de cada una.&nbsp; Nuestro lugar es la\nsugerencia, el consejo, nunca el control. A diferencia de tanto modelo de \u00e9xito\nestandarizado que parece ineludible, priorizamos el acompa\u00f1amiento con la\nconvicci\u00f3n de que son la paciencia, la cercan\u00eda, el afecto y la dedicaci\u00f3n los\nque educan, sostienen y orientan.<\/p>\n<!-- \/wp:paragraph -->\n\n<!-- wp:paragraph -->\n<p>As\u00ed, comprendemos al Centro Barrial como un hogar\nalojador, donde la presencia cercana y el testimonio de quienes han transitado\nya el camino propuesto se vuelcan al servicio de los y las que reci\u00e9n empiezan.\nEsto posibilita la construcci\u00f3n de un entramado de relaciones. Es con las otras\npersonas que se favorece la construcci\u00f3n de un lazo social que permite\nhermanarse, sentirse parte.&nbsp; La familia ampliada, la comunidad, la\nparroquia, el barrio resultan fundantes del desarrollo individual.<\/p>\n<!-- \/wp:paragraph -->\n\n<!-- wp:paragraph -->\n<p>A nuestros Centros Barriales se acercan quienes est\u00e1n solos, hu\u00e9rfanos,\ndesolados, enfermos y tambi\u00e9n los que tienen su salud comprometida por el\nconsumo de drogas. All\u00ed nos acercamos a cada historia sagrada personal y\nacompa\u00f1amos el recorrido de su cuerpo y alma, a quien se reconoce persona,\nimagen y semejanza de Dios con posibilidad de amar y vincularse con los dem\u00e1s.<\/p>\n<!-- \/wp:paragraph -->","_et_gb_content_width":""},"aioseo_notices":[],"_links":{"self":[{"href":"https:\/\/www.obispado-mdp.org.ar\/a\/wp-json\/wp\/v2\/pages\/469"}],"collection":[{"href":"https:\/\/www.obispado-mdp.org.ar\/a\/wp-json\/wp\/v2\/pages"}],"about":[{"href":"https:\/\/www.obispado-mdp.org.ar\/a\/wp-json\/wp\/v2\/types\/page"}],"author":[{"embeddable":true,"href":"https:\/\/www.obispado-mdp.org.ar\/a\/wp-json\/wp\/v2\/users\/1"}],"replies":[{"embeddable":true,"href":"https:\/\/www.obispado-mdp.org.ar\/a\/wp-json\/wp\/v2\/comments?post=469"}],"version-history":[{"count":2,"href":"https:\/\/www.obispado-mdp.org.ar\/a\/wp-json\/wp\/v2\/pages\/469\/revisions"}],"predecessor-version":[{"id":47089,"href":"https:\/\/www.obispado-mdp.org.ar\/a\/wp-json\/wp\/v2\/pages\/469\/revisions\/47089"}],"up":[{"embeddable":true,"href":"https:\/\/www.obispado-mdp.org.ar\/a\/wp-json\/wp\/v2\/pages\/546"}],"wp:featuredmedia":[{"embeddable":true,"href":"https:\/\/www.obispado-mdp.org.ar\/a\/wp-json\/"}],"wp:attachment":[{"href":"https:\/\/www.obispado-mdp.org.ar\/a\/wp-json\/wp\/v2\/media?parent=469"}],"curies":[{"name":"wp","href":"https:\/\/api.w.org\/{rel}","templated":true}]}}