{"id":47093,"date":"2025-08-14T08:42:20","date_gmt":"2025-08-14T11:42:20","guid":{"rendered":"https:\/\/www.obispado-mdp.org.ar\/a\/?page_id=47093"},"modified":"2025-08-14T10:18:46","modified_gmt":"2025-08-14T13:18:46","slug":"noche-de-la-caridad","status":"publish","type":"page","link":"https:\/\/www.obispado-mdp.org.ar\/a\/caridad\/noche-de-la-caridad\/","title":{"rendered":"NOCHE DE LA CARIDAD"},"content":{"rendered":"<p>[et_pb_section fb_built=\u00bb1&#8243; inner_shadow=\u00bbon\u00bb _builder_version=\u00bb3.22&#8243; background_color=\u00bb#0196ae\u00bb background_image=\u00bbhttps:\/\/obispado-mdp.org.ar\/a\/wp-content\/uploads\/2020\/02\/nazaret.jpg\u00bb mix_blend_mode=\u00bbmultiply\u00bb top_divider_flip=\u00bbvertical\u00bb bottom_divider_style=\u00bbcurve\u00bb bottom_divider_color=\u00bb#0196ae\u00bb bottom_divider_height=\u00bb11px\u00bb bottom_divider_arrangement=\u00bbabove_content\u00bb saved_tabs=\u00bball\u00bb][et_pb_row _builder_version=\u00bb3.25&#8243;][et_pb_column type=\u00bb4_4&#8243; _builder_version=\u00bb3.25&#8243; custom_padding=\u00bb|||\u00bb custom_padding__hover=\u00bb|||\u00bb][et_pb_text _builder_version=\u00bb4.4.8&#8243; header_font=\u00bb|600|||||||\u00bb header_text_color=\u00bb#ffffff\u00bb header_line_height=\u00bb0.9em\u00bb hover_enabled=\u00bb0&#8243; header_text_shadow_style=\u00bbpreset3&#8243;]<\/p>\n<h1 style=\"text-align: center;\">Noche de la Caridad<\/h1>\n<p>[\/et_pb_text][\/et_pb_column][\/et_pb_row][\/et_pb_section][et_pb_section fb_built=\u00bb1&#8243; _builder_version=\u00bb3.22&#8243; locked=\u00bboff\u00bb][et_pb_row column_structure=\u00bb3_4,1_4&#8243; admin_label=\u00bbText\u00bb module_class=\u00bb et_pb_row_fullwidth\u00bb _builder_version=\u00bb3.25&#8243; width=\u00bb89%\u00bb width_tablet=\u00bb80%\u00bb width_phone=\u00bb\u00bb width_last_edited=\u00bbon|desktop\u00bb max_width=\u00bb89%\u00bb max_width_tablet=\u00bb80%\u00bb max_width_phone=\u00bb\u00bb max_width_last_edited=\u00bbon|desktop\u00bb custom_padding=\u00bb|||24px|false|false\u00bb border_color_bottom=\u00bb#0196ae\u00bb border_color_left=\u00bb#0196ae\u00bb make_fullwidth=\u00bbon\u00bb saved_tabs=\u00bball\u00bb][et_pb_column type=\u00bb3_4&#8243; _builder_version=\u00bb3.25&#8243; custom_padding=\u00bb|||\u00bb parallax__hover=\u00bboff\u00bb parallax_method__hover=\u00bbon\u00bb custom_padding__hover=\u00bb|||\u00bb][et_pb_text admin_label=\u00bbText\u00bb _builder_version=\u00bb4.4.8&#8243; header_font=\u00bb|700|||||||\u00bb header_text_color=\u00bb#0196ae\u00bb hover_enabled=\u00bb0&#8243; border_width_bottom=\u00bb1px\u00bb border_color_bottom=\u00bb#0196ae\u00bb]<\/p>\n<h1>Noche de la Caridad<\/h1>\n<p>[\/et_pb_text][et_pb_text _builder_version=\u00bb4.4.8&#8243; header_font=\u00bb||||||||\u00bb header_text_color=\u00bb#0196ae\u00bb header_2_font=\u00bb||||||||\u00bb header_2_text_color=\u00bb#0196ae\u00bb header_3_font=\u00bb||||||||\u00bb header_3_text_color=\u00bb#0196ae\u00bb hover_enabled=\u00bb0&#8243;]<\/p>\n<div class=\"row mb-5\">\n<div class=\"col-12\">\n<h2 class=\"text-uppercase\">\u00bfSab\u00e9s qu\u00e9 es la Noche de la Caridad?<\/h2>\n<\/div>\n<\/div>\n<div class=\"row\">\n<div class=\"col-md-10 mx-auto\"><span style=\"color: #666666; font-family: 'Open Sans', Arial, sans-serif; font-size: 13px;\">A mediados del a\u00f1o 2001, vimos mayor presencia de personas en situaci\u00f3n de calle y sentimos la necesidad de salir al encuentro de ellas, llev\u00e1ndoles al principio un caf\u00e9 caliente los domingos desde una Parroquia, enseguida se sumaron otras Parroquias y se cubrieron los siete d\u00edas de la semana los 365 d\u00edas del a\u00f1o, hace ya 24 a\u00f1os ininterrumpidos.<\/span><\/div>\n<div class=\"col-md-10 mx-auto\"><span style=\"color: #666666; font-family: 'Open Sans', Arial, sans-serif; font-size: 13px;\">Les acercamos un plato de comida caliente que nosotros mismos elaboramos, ropa de abrigo y fundamentalmente prestamos nuestro o\u00eddo y les brindamos nuestro coraz\u00f3n, que sientan el amor de Dios que sale a su encuentro.<\/span><\/div>\n<\/div>\n<div class=\"row no-gutters\"><\/div>\n<p>[\/et_pb_text][et_pb_text _builder_version=\u00bb4.4.8&#8243; header_font=\u00bb||||||||\u00bb header_text_color=\u00bb#0196ae\u00bb header_2_font=\u00bb||||||||\u00bb header_2_text_color=\u00bb#0196ae\u00bb header_3_font=\u00bb||||||||\u00bb header_3_text_color=\u00bb#0196ae\u00bb hover_enabled=\u00bb0&#8243;]<\/p>\n<div class=\"row mb-5\">\n<div class=\"col-12\">\n<h2 class=\"site-section-heading text-uppercase font-secondary\">\u00bfC\u00f3mo sumarse?<\/h2>\n<\/div>\n<\/div>\n<div class=\"row\">\n<div class=\"col-md-10 mx-auto\">Todos aquellos que quieran colaborar de la manera que sea, pueden acercarse a cualquiera de las\u00a0<strong>Parroquias<\/strong>\u00a0que participan del servicio.<\/div>\n<\/div>\n<div class=\"row no-gutters\"><\/div>\n<p>[\/et_pb_text][et_pb_text _builder_version=\u00bb4.4.8&#8243; header_font=\u00bb||||||||\u00bb header_text_color=\u00bb#0196ae\u00bb header_2_font=\u00bb||||||||\u00bb header_2_text_color=\u00bb#0196ae\u00bb header_3_font=\u00bb||||||||\u00bb header_3_text_color=\u00bb#0196ae\u00bb hover_enabled=\u00bb0&#8243;]<\/p>\n<div class=\"row mb-5\">\n<div class=\"col-12\">\n<h2 class=\"site-section-heading text-uppercase font-secondary\">\u00bfQu\u00e9 Parroquias participan en la Noche de la Caridad?<\/h2>\n<\/div>\n<\/div>\n<div class=\"row no-gutters\"><\/div>\n<p>[\/et_pb_text][\/et_pb_column][et_pb_column type=\u00bb1_4&#8243; _builder_version=\u00bb3.25&#8243; custom_padding=\u00bb|||\u00bb parallax__hover=\u00bboff\u00bb parallax_method__hover=\u00bbon\u00bb custom_padding__hover=\u00bb|||\u00bb][et_pb_text _builder_version=\u00bb3.27.4&#8243; text_font=\u00bb||||||||\u00bb header_font=\u00bb||||||||\u00bb header_text_color=\u00bb#0196ae\u00bb header_4_font=\u00bb||||||||\u00bb header_4_text_color=\u00bb#ffffff\u00bb background_color=\u00bb#0196ae\u00bb custom_margin=\u00bb0px|0px|0px|0px\u00bb custom_padding=\u00bb10px|10px|0px|20px\u00bb]<\/p>\n<h4><strong>CARIDAD<\/strong><\/h4>\n<p>[\/et_pb_text][dsm_menu title_bottom_gap=\u00bb8px\u00bb menu_id=\u00bb53&#8243; list_style_color=\u00bb#0196ae\u00bb _builder_version=\u00bb4.4.8&#8243; header_font=\u00bbGeorgia|700|||on|on||#0196ae|dotted\u00bb header_text_color=\u00bb#0196ae\u00bb background_color=\u00bbrgba(1,150,174,0.05)\u00bb custom_margin=\u00bb-10px|-10px|-10px|-10px\u00bb custom_padding=\u00bb20px|10px|10px|20px\u00bb custom_padding_last_edited=\u00bboff|desktop\u00bb][\/dsm_menu][\/et_pb_column][\/et_pb_row][et_pb_row column_structure=\u00bb1_4,1_4,1_4,1_4&#8243; admin_label=\u00bbText\u00bb module_class=\u00bb et_pb_row_fullwidth\u00bb _builder_version=\u00bb4.4.8&#8243; width=\u00bb89%\u00bb width_tablet=\u00bb80%\u00bb width_phone=\u00bb\u00bb width_last_edited=\u00bbon|desktop\u00bb max_width=\u00bb89%\u00bb max_width_tablet=\u00bb80%\u00bb max_width_phone=\u00bb\u00bb max_width_last_edited=\u00bbon|desktop\u00bb custom_padding=\u00bb|||3px|false|false\u00bb hover_enabled=\u00bb0&#8243; border_color_bottom=\u00bb#0196ae\u00bb border_color_left=\u00bb#0196ae\u00bb make_fullwidth=\u00bbon\u00bb saved_tabs=\u00bball\u00bb border_radii=\u00bbon|1px|1px|1px|1px\u00bb border_color_all=\u00bb#16559e\u00bb][et_pb_column type=\u00bb1_4&#8243; _builder_version=\u00bb4.4.8&#8243; custom_padding=\u00bb|||\u00bb hover_enabled=\u00bb0&#8243; parallax__hover=\u00bboff\u00bb parallax_method__hover=\u00bbon\u00bb custom_padding__hover=\u00bb|||\u00bb border_radii=\u00bbon|1px|1px|1px|1px\u00bb border_color_all=\u00bb#16559e\u00bb border_width_all=\u00bb1px\u00bb][dsm_text_divider _builder_version=\u00bb4.4.8&#8243; header=\u00bblunes\u00bb hover_enabled=\u00bb0&#8243; custom_padding=\u00bb8px|2px|12px|6px|false|false\u00bb background_color=\u00bb#d2e4f9&#8243; divider_style=\u00bbnone\u00bb header_text_color=\u00bb#16559e\u00bb header_font=\u00bb|||on|||||\u00bb custom_margin=\u00bb1px||||false|false\u00bb color=\u00bb#ffffff\u00bb][\/dsm_text_divider][et_pb_blurb _builder_version=\u00bb4.4.8&#8243; hover_enabled=\u00bb0&#8243; custom_margin=\u00bb10px|10px|10px|10px|false|false\u00bb custom_padding=\u00bb0px||17px|7px|false|false\u00bb]<\/p>\n<h4 class=\"card-header\"><span style=\"font-size: 16px;\"><strong>Jes\u00fas Obrero<\/strong><\/span><\/h4>\n<div class=\"card-body\">\n<p class=\"card-text\">(1er y 2do Lunes del mes)<\/p>\n<p class=\"card-text\">Lisandro de la Torre 790<\/p>\n<h4><span class=\"text-info\">223 6855887<\/span><\/h4>\n<p>&#8211;<\/p>\n<h4 class=\"card-title\"><strong>San Marcos<\/strong><\/h4>\n<p class=\"card-text\">(3er Lunes del mes)<\/p>\n<p class=\"card-text\">Canad\u00e1 1950<\/p>\n<h4><span class=\"text-info\">0223 487-0009<\/span><\/h4>\n<p>&#8211;<\/p>\n<h4 class=\"card-title\"><strong>Nuestra Se\u00f1ora de F\u00e1tima<\/strong><\/h4>\n<p class=\"card-text\">(4to y 5to Lunes del mes)<\/p>\n<p class=\"card-text\">Alberti 1364<\/p>\n<h4><span class=\"text-info\">0223 451-5048<\/span><\/h4>\n<p><span class=\"text-info\"><\/span><\/p>\n<\/div>\n<p>[\/et_pb_blurb][\/et_pb_column][et_pb_column type=\u00bb1_4&#8243; _builder_version=\u00bb4.4.8&#8243; custom_padding=\u00bb|||\u00bb hover_enabled=\u00bb0&#8243; parallax__hover=\u00bboff\u00bb parallax_method__hover=\u00bbon\u00bb custom_padding__hover=\u00bb|||\u00bb border_radii=\u00bbon|1px|1px|1px|1px\u00bb border_color_all=\u00bb#16559e\u00bb border_width_all=\u00bb1px\u00bb][dsm_text_divider _builder_version=\u00bb4.4.8&#8243; header=\u00bbMARTES\u00bb hover_enabled=\u00bb0&#8243; custom_padding=\u00bb8px|2px|12px|6px|false|false\u00bb background_color=\u00bb#d2e4f9&#8243; divider_style=\u00bbnone\u00bb header_text_color=\u00bb#16559e\u00bb header_font=\u00bb|||on|||||\u00bb custom_margin=\u00bb1px||||false|false\u00bb color=\u00bb#ffffff\u00bb][\/dsm_text_divider][et_pb_blurb _builder_version=\u00bb4.4.8&#8243; hover_enabled=\u00bb0&#8243; custom_margin=\u00bb10px|10px|10px|10px|false|false\u00bb custom_padding=\u00bb0px||17px|13px|false|false\u00bb]<\/p>\n<h4 class=\"card-title\"><strong>Nuestra Se\u00f1ora de Pompeya<\/strong><\/h4>\n<p class=\"card-text\">(1er, 2do y 5to Martes del mes)<\/p>\n<p class=\"card-text\">Libertad 4045<\/p>\n<h4 class=\"card-header\"><span class=\"text-info\">0223 473-1349<\/span><span><\/span><\/h4>\n<p>&#8211;<\/p>\n<h4 class=\"card-title\"><strong>San Pablo y San Juan Bosco<\/strong><\/h4>\n<p class=\"card-text\">( 3do y 4to Martes del mes)<\/p>\n<p class=\"card-text\">Rivadavia 4818<\/p>\n<h4 class=\"card-header\"><span class=\"text-info\">0223 472-0036<\/span><\/h4>\n<p><span class=\"text-info\"><\/span><\/p>\n<p>[\/et_pb_blurb][\/et_pb_column][et_pb_column type=\u00bb1_4&#8243; _builder_version=\u00bb4.4.8&#8243; custom_padding=\u00bb|||\u00bb hover_enabled=\u00bb0&#8243; parallax__hover=\u00bboff\u00bb parallax_method__hover=\u00bbon\u00bb custom_padding__hover=\u00bb|||\u00bb border_radii=\u00bbon|1px|1px|1px|1px\u00bb border_color_all=\u00bb#16559e\u00bb border_width_all=\u00bb1px\u00bb][dsm_text_divider _builder_version=\u00bb4.4.8&#8243; header=\u00bbmi\u00e9rcoles\u00bb hover_enabled=\u00bb0&#8243; custom_padding=\u00bb8px|2px|12px|6px|false|false\u00bb background_color=\u00bb#d2e4f9&#8243; divider_style=\u00bbnone\u00bb header_text_color=\u00bb#16559e\u00bb header_font=\u00bb|||on|||||\u00bb custom_margin=\u00bb1px||||false|false\u00bb color=\u00bb#ffffff\u00bb][\/dsm_text_divider][et_pb_blurb _builder_version=\u00bb4.4.8&#8243; hover_enabled=\u00bb0&#8243; custom_margin=\u00bb10px|10px|10px|10px|false|false\u00bb custom_padding=\u00bb0px||17px|13px|false|false\u00bb]<\/p>\n<h4 class=\"card-title\"><strong>Cristo Rey<\/strong><\/h4>\n<p class=\"card-text\">(1er, 2do y 3er Mi\u00e9rcoles del mes)<\/p>\n<p class=\"card-text\">Chubut 1660<\/p>\n<h4 class=\"card-header\"><span class=\"text-info\">0223 479-0800<\/span><span><\/span><\/h4>\n<p>&#8211;<\/p>\n<h4 class=\"card-title\"><strong>Santa Ana<\/strong><\/h4>\n<p class=\"card-text\">(\u00daltimo Mi\u00e9rcoles del mes)<\/p>\n<p class=\"card-text\">Ituzaingo 5050<\/p>\n<h4 class=\"card-header\"><span class=\"text-info\">0223 475-5617<\/span><\/h4>\n<p><span class=\"text-info\"><\/span><\/p>\n<div class=\"card-body\"><\/div>\n<p>[\/et_pb_blurb][\/et_pb_column][et_pb_column type=\u00bb1_4&#8243; _builder_version=\u00bb4.4.8&#8243; custom_padding=\u00bb|||\u00bb hover_enabled=\u00bb0&#8243; parallax__hover=\u00bboff\u00bb parallax_method__hover=\u00bbon\u00bb custom_padding__hover=\u00bb|||\u00bb border_radii=\u00bbon|1px|1px|1px|1px\u00bb border_color_all=\u00bb#16559e\u00bb border_width_all=\u00bb1px\u00bb][dsm_text_divider _builder_version=\u00bb4.4.8&#8243; header=\u00bbjueves\u00bb hover_enabled=\u00bb0&#8243; custom_padding=\u00bb8px|2px|12px|6px|false|false\u00bb background_color=\u00bb#d2e4f9&#8243; divider_style=\u00bbnone\u00bb header_text_color=\u00bb#16559e\u00bb header_font=\u00bb|||on|||||\u00bb custom_margin=\u00bb1px||||false|false\u00bb color=\u00bb#ffffff\u00bb][\/dsm_text_divider][et_pb_blurb _builder_version=\u00bb4.4.8&#8243; hover_enabled=\u00bb0&#8243; custom_margin=\u00bb10px|10px|10px|10px|false|false\u00bb custom_padding=\u00bb0px||17px|13px|false|false\u00bb]<\/p>\n<h4 class=\"card-title\"><strong>Medalla Milagrosa<\/strong><\/h4>\n<p class=\"card-text\">(1er y 2do\u00a0<span>\u00a0<\/span>Jueves del mes)<\/p>\n<p class=\"card-text\">Maip\u00fa 7747<\/p>\n<h4 class=\"card-header\"><span class=\"text-info\">0223 478-0938<\/span><span><\/span><\/h4>\n<p>&#8211;<\/p>\n<h4 class=\"card-title\"><strong>Parroquia San Jos\u00e9<\/strong><\/h4>\n<p class=\"card-title\">(3er y 4to<span>\u00a0<\/span>Jueves del mes)<\/p>\n<p class=\"card-title\">Matheu 3349<\/p>\n<h4 class=\"card-title\"><span class=\"text-info\">0223 472-0021<\/span><\/h4>\n<p><strong><span class=\"text-info\"><\/span><\/strong><\/p>\n<p>[\/et_pb_blurb][\/et_pb_column][\/et_pb_row][et_pb_row column_structure=\u00bb1_4,1_4,1_4,1_4&#8243; admin_label=\u00bbText\u00bb module_class=\u00bb et_pb_row_fullwidth\u00bb _builder_version=\u00bb4.4.8&#8243; width=\u00bb89%\u00bb width_tablet=\u00bb80%\u00bb width_phone=\u00bb\u00bb width_last_edited=\u00bbon|desktop\u00bb max_width=\u00bb89%\u00bb max_width_tablet=\u00bb80%\u00bb max_width_phone=\u00bb\u00bb max_width_last_edited=\u00bbon|desktop\u00bb custom_padding=\u00bb|||3px|false|false\u00bb hover_enabled=\u00bb0&#8243; border_color_bottom=\u00bb#0196ae\u00bb border_color_left=\u00bb#0196ae\u00bb make_fullwidth=\u00bbon\u00bb saved_tabs=\u00bball\u00bb border_radii=\u00bbon|1px|1px|1px|1px\u00bb border_color_all=\u00bb#16559e\u00bb][et_pb_column type=\u00bb1_4&#8243; _builder_version=\u00bb4.4.8&#8243; custom_padding=\u00bb|||\u00bb hover_enabled=\u00bb0&#8243; parallax__hover=\u00bboff\u00bb parallax_method__hover=\u00bbon\u00bb custom_padding__hover=\u00bb|||\u00bb border_radii=\u00bbon|1px|1px|1px|1px\u00bb border_color_all=\u00bb#16559e\u00bb border_width_all=\u00bb1px\u00bb][dsm_text_divider _builder_version=\u00bb4.4.8&#8243; header=\u00bbviernes\u00bb hover_enabled=\u00bb0&#8243; custom_padding=\u00bb8px|2px|12px|6px|false|false\u00bb background_color=\u00bb#d2e4f9&#8243; divider_style=\u00bbnone\u00bb header_text_color=\u00bb#16559e\u00bb header_font=\u00bb|||on|||||\u00bb custom_margin=\u00bb1px||||false|false\u00bb color=\u00bb#ffffff\u00bb][\/dsm_text_divider][et_pb_blurb _builder_version=\u00bb4.4.8&#8243; hover_enabled=\u00bb0&#8243; custom_margin=\u00bb10px|10px|10px|10px|false|false\u00bb custom_padding=\u00bb0px||17px|13px|false|false\u00bb]<\/p>\n<h4 class=\"card-title\"><strong>FASTA <\/strong>(Edificio San Vicente de Paul)<\/h4>\n<p class=\"card-text\">(1er<span>\u00a0<\/span>Viernes del mes)<\/p>\n<p class=\"card-text\">Gasc\u00f3n 3145<\/p>\n<h4 class=\"card-header\"><span class=\"text-info\">0223 499-0400<\/span><span><\/span><\/h4>\n<p>_<\/p>\n<h4 class=\"card-title\"><strong>San Francisco de As\u00eds<\/strong><\/h4>\n<p class=\"card-text\">(2do, 3ro, 4to y 5to Viernes del mes)<\/p>\n<p class=\"card-text\">Libres del Sud 299<\/p>\n<h4 class=\"card-header\"><span class=\"text-info\">0223 475-2055<\/span><\/h4>\n<p><span class=\"text-info\"><\/span><\/p>\n<p>[\/et_pb_blurb][\/et_pb_column][et_pb_column type=\u00bb1_4&#8243; _builder_version=\u00bb4.4.8&#8243; custom_padding=\u00bb|||\u00bb hover_enabled=\u00bb0&#8243; parallax__hover=\u00bboff\u00bb parallax_method__hover=\u00bbon\u00bb custom_padding__hover=\u00bb|||\u00bb border_radii=\u00bbon|1px|1px|1px|1px\u00bb border_color_all=\u00bb#16559e\u00bb border_width_all=\u00bb1px\u00bb][dsm_text_divider _builder_version=\u00bb4.4.8&#8243; header=\u00bbs\u00e1bado\u00bb hover_enabled=\u00bb0&#8243; custom_padding=\u00bb8px|2px|12px|6px|false|false\u00bb background_color=\u00bb#d2e4f9&#8243; divider_style=\u00bbnone\u00bb header_text_color=\u00bb#16559e\u00bb header_font=\u00bb|||on|||||\u00bb custom_margin=\u00bb1px||||false|false\u00bb color=\u00bb#ffffff\u00bb][\/dsm_text_divider][et_pb_blurb _builder_version=\u00bb4.4.8&#8243; hover_enabled=\u00bb0&#8243; custom_margin=\u00bb10px|10px|10px|10px|false|false\u00bb custom_padding=\u00bb0px||17px|13px|false|false\u00bb]<\/p>\n<h4 class=\"card-title\"><strong>Santa Rita de Casia<\/strong><\/h4>\n<p class=\"card-text\">(1er<span>\u00a0<\/span>y 5to<span>\u00a0<\/span>S\u00e1bado del mes)<\/p>\n<p class=\"card-text\">V\u00e9rtiz 9100<\/p>\n<h4 class=\"card-title\"><span class=\"text-info\">0223 481-3342<\/span><span><\/span><\/h4>\n<p>_<\/p>\n<h4 class=\"card-title\"><strong>Sagrada Familia<\/strong><\/h4>\n<p class=\"card-text\">(2do<span>\u00a0<\/span>S\u00e1bado del mes)<\/p>\n<p class=\"card-text\">Rondeau 551<\/p>\n<h4 class=\"card-title\"><span class=\"text-info\">0223 480-3702<\/span><span><\/span><\/h4>\n<p>_<\/p>\n<h4 class=\"card-title\"><strong>Capilla Mar\u00eda Madre de la Iglesia<\/strong><\/h4>\n<p class=\"card-text\">(3er<span>\u00a0<\/span>S\u00e1bado del mes)<\/p>\n<p class=\"card-text\">Magallanes 6143<\/p>\n<h4 class=\"card-title\"><span class=\"text-info\">0223 481-9263<\/span><span><\/span><\/h4>\n<p>_<\/p>\n<h4 class=\"card-title\"><strong>San Antonio<\/strong><\/h4>\n<p class=\"card-text\">(4to<span>\u00a0<\/span>S\u00e1bado del mes)<\/p>\n<p class=\"card-text\">Elpidio Gonzalez 203<\/p>\n<h4 class=\"card-title\"><span class=\"text-info\">0223 482-1661<\/span><span><\/span><\/h4>\n<hr \/>\n<p class=\"card-text\">Nota: Cada grupo sale un S\u00e1bado, cada 4 S\u00e1bados, por lo cual se rota cuando hay un 5to<span>\u00a0<\/span>S\u00e1bado.<\/p>\n<p>[\/et_pb_blurb][\/et_pb_column][et_pb_column type=\u00bb1_4&#8243; _builder_version=\u00bb4.4.8&#8243; custom_padding=\u00bb|||\u00bb hover_enabled=\u00bb0&#8243; parallax__hover=\u00bboff\u00bb parallax_method__hover=\u00bbon\u00bb custom_padding__hover=\u00bb|||\u00bb border_radii=\u00bbon|1px|1px|1px|1px\u00bb border_color_all=\u00bb#16559e\u00bb border_width_all=\u00bb1px\u00bb][dsm_text_divider _builder_version=\u00bb4.4.8&#8243; header=\u00bbdomingo\u00bb hover_enabled=\u00bb0&#8243; custom_padding=\u00bb8px|2px|12px|6px|false|false\u00bb background_color=\u00bb#d2e4f9&#8243; divider_style=\u00bbnone\u00bb header_text_color=\u00bb#16559e\u00bb header_font=\u00bb|||on|||||\u00bb custom_margin=\u00bb1px||||false|false\u00bb color=\u00bb#ffffff\u00bb][\/dsm_text_divider][et_pb_blurb _builder_version=\u00bb4.4.8&#8243; hover_enabled=\u00bb0&#8243; custom_margin=\u00bb10px|10px|10px|10px|false|false\u00bb custom_padding=\u00bb0px||17px|13px|false|false\u00bb]<\/p>\n<h4 class=\"card-title\"><strong>Asunci\u00f3n de la Sant\u00edsima Virgen<\/strong><\/h4>\n<p class=\"card-text\">(1er<span>\u00a0<\/span>y 2do<span>\u00a0<\/span>Domingo del mes)<\/p>\n<p class=\"card-text\">Santa Fe 2982<\/p>\n<h4 class=\"card-title\"><span class=\"text-info\">0223 494-4898<\/span><span><\/span><\/h4>\n<p>_<\/p>\n<h5 class=\"card-title\"><strong>Nuestra Se\u00f1ora del Huerto<\/strong><\/h5>\n<p class=\"card-text\">(3er<span>\u00a0<\/span>y 4to<span>\u00a0<\/span>Domingo del mes)<\/p>\n<p class=\"card-text\">Av. Juan B. Justo 5104<\/p>\n<h4 class=\"card-title\"><span class=\"text-info\">0223 482-0979<\/span><span><\/span><\/h4>\n<p>_<\/p>\n<h4 class=\"card-title\"><strong>Cristo Resucitado<\/strong><\/h4>\n<p class=\"card-text\">(5to<span>\u00a0<\/span>Domingo del mes)<\/p>\n<p class=\"card-text\">N\u00e1poles 7130<\/p>\n<h4 class=\"card-title\"><span class=\"text-info\">0223 482-4425<\/span><\/h4>\n<p><span class=\"text-info\"><\/span><\/p>\n<p>[\/et_pb_blurb][\/et_pb_column][et_pb_column type=\u00bb1_4&#8243; _builder_version=\u00bb4.4.8&#8243; custom_padding=\u00bb|||\u00bb hover_enabled=\u00bb0&#8243; parallax__hover=\u00bboff\u00bb parallax_method__hover=\u00bbon\u00bb custom_padding__hover=\u00bb|||\u00bb border_color_all=\u00bb#16559e\u00bb][\/et_pb_column][\/et_pb_row][et_pb_row column_structure=\u00bb1_3,1_3,1_3&#8243; admin_label=\u00bbText\u00bb module_class=\u00bb et_pb_row_fullwidth\u00bb _builder_version=\u00bb3.25&#8243; width=\u00bb89%\u00bb width_tablet=\u00bb80%\u00bb width_phone=\u00bb\u00bb width_last_edited=\u00bbon|desktop\u00bb max_width=\u00bb89%\u00bb max_width_tablet=\u00bb80%\u00bb max_width_phone=\u00bb\u00bb max_width_last_edited=\u00bbon|desktop\u00bb custom_padding=\u00bb|||24px|false|false\u00bb border_color_bottom=\u00bb#0196ae\u00bb border_color_left=\u00bb#0196ae\u00bb make_fullwidth=\u00bbon\u00bb saved_tabs=\u00bball\u00bb][et_pb_column type=\u00bb1_3&#8243; _builder_version=\u00bb3.25&#8243; custom_padding=\u00bb|||\u00bb parallax__hover=\u00bboff\u00bb parallax_method__hover=\u00bbon\u00bb custom_padding__hover=\u00bb|||\u00bb][et_pb_button button_url=\u00bbhttps:\/\/obispado-mdp.org.ar\/a\/caridad\/\u00bb button_text=\u00bbVolver\u00bb _builder_version=\u00bb3.18.9&#8243; custom_button=\u00bbon\u00bb button_font=\u00bb||||||||\u00bb button_icon=\u00bb%%27%%\u00bb button_icon_placement=\u00bbleft\u00bb button_on_hover=\u00bboff\u00bb][\/et_pb_button][\/et_pb_column][et_pb_column type=\u00bb1_3&#8243; _builder_version=\u00bb3.25&#8243; custom_padding=\u00bb|||\u00bb parallax__hover=\u00bboff\u00bb parallax_method__hover=\u00bbon\u00bb custom_padding__hover=\u00bb|||\u00bb][\/et_pb_column][et_pb_column type=\u00bb1_3&#8243; _builder_version=\u00bb3.25&#8243; custom_padding=\u00bb|||\u00bb parallax__hover=\u00bboff\u00bb parallax_method__hover=\u00bbon\u00bb custom_padding__hover=\u00bb|||\u00bb][\/et_pb_column][\/et_pb_row][\/et_pb_section]<\/p>\n","protected":false},"excerpt":{"rendered":"<p>[et_pb_section fb_built=\u00bb1&#8243; inner_shadow=\u00bbon\u00bb _builder_version=\u00bb3.22&#8243; background_color=\u00bb#0196ae\u00bb background_image=\u00bbhttps:\/\/obispado-mdp.org.ar\/a\/wp-content\/uploads\/2020\/02\/nazaret.jpg\u00bb mix_blend_mode=\u00bbmultiply\u00bb top_divider_flip=\u00bbvertical\u00bb bottom_divider_style=\u00bbcurve\u00bb bottom_divider_color=\u00bb#0196ae\u00bb bottom_divider_height=\u00bb11px\u00bb bottom_divider_arrangement=\u00bbabove_content\u00bb saved_tabs=\u00bball\u00bb][et_pb_row _builder_version=\u00bb3.25&#8243;][et_pb_column type=\u00bb4_4&#8243; _builder_version=\u00bb3.25&#8243; custom_padding=\u00bb|||\u00bb custom_padding__hover=\u00bb|||\u00bb][et_pb_text _builder_version=\u00bb4.4.8&#8243; header_font=\u00bb|600|||||||\u00bb header_text_color=\u00bb#ffffff\u00bb header_line_height=\u00bb0.9em\u00bb hover_enabled=\u00bb0&#8243; header_text_shadow_style=\u00bbpreset3&#8243;] Noche de la Caridad [\/et_pb_text][\/et_pb_column][\/et_pb_row][\/et_pb_section][et_pb_section fb_built=\u00bb1&#8243; _builder_version=\u00bb3.22&#8243; locked=\u00bboff\u00bb][et_pb_row column_structure=\u00bb3_4,1_4&#8243; admin_label=\u00bbText\u00bb module_class=\u00bb et_pb_row_fullwidth\u00bb _builder_version=\u00bb3.25&#8243; width=\u00bb89%\u00bb width_tablet=\u00bb80%\u00bb width_phone=\u00bb\u00bb width_last_edited=\u00bbon|desktop\u00bb max_width=\u00bb89%\u00bb max_width_tablet=\u00bb80%\u00bb max_width_phone=\u00bb\u00bb max_width_last_edited=\u00bbon|desktop\u00bb custom_padding=\u00bb|||24px|false|false\u00bb border_color_bottom=\u00bb#0196ae\u00bb border_color_left=\u00bb#0196ae\u00bb make_fullwidth=\u00bbon\u00bb saved_tabs=\u00bball\u00bb][et_pb_column type=\u00bb3_4&#8243; _builder_version=\u00bb3.25&#8243; custom_padding=\u00bb|||\u00bb parallax__hover=\u00bboff\u00bb parallax_method__hover=\u00bbon\u00bb [&hellip;]<\/p>\n","protected":false},"author":4,"featured_media":0,"parent":546,"menu_order":0,"comment_status":"closed","ping_status":"closed","template":"","meta":{"_et_pb_use_builder":"on","_et_pb_old_content":"","_et_gb_content_width":""},"aioseo_notices":[],"_links":{"self":[{"href":"https:\/\/www.obispado-mdp.org.ar\/a\/wp-json\/wp\/v2\/pages\/47093"}],"collection":[{"href":"https:\/\/www.obispado-mdp.org.ar\/a\/wp-json\/wp\/v2\/pages"}],"about":[{"href":"https:\/\/www.obispado-mdp.org.ar\/a\/wp-json\/wp\/v2\/types\/page"}],"author":[{"embeddable":true,"href":"https:\/\/www.obispado-mdp.org.ar\/a\/wp-json\/wp\/v2\/users\/4"}],"replies":[{"embeddable":true,"href":"https:\/\/www.obispado-mdp.org.ar\/a\/wp-json\/wp\/v2\/comments?post=47093"}],"version-history":[{"count":2,"href":"https:\/\/www.obispado-mdp.org.ar\/a\/wp-json\/wp\/v2\/pages\/47093\/revisions"}],"predecessor-version":[{"id":47101,"href":"https:\/\/www.obispado-mdp.org.ar\/a\/wp-json\/wp\/v2\/pages\/47093\/revisions\/47101"}],"up":[{"embeddable":true,"href":"https:\/\/www.obispado-mdp.org.ar\/a\/wp-json\/wp\/v2\/pages\/546"}],"wp:attachment":[{"href":"https:\/\/www.obispado-mdp.org.ar\/a\/wp-json\/wp\/v2\/media?parent=47093"}],"curies":[{"name":"wp","href":"https:\/\/api.w.org\/{rel}","templated":true}]}}