{"id":4974,"date":"2015-04-22T18:07:51","date_gmt":"2015-04-22T18:07:51","guid":{"rendered":"https:\/\/iglesiamdp.wordpress.com\/?page_id=4974"},"modified":"2015-04-22T18:07:51","modified_gmt":"2015-04-22T18:07:51","slug":"parroquia-nuestra-senora-de-fatima-barrio-estacion-terminal","status":"publish","type":"page","link":"https:\/\/www.obispado-mdp.org.ar\/a\/horarios-de-misas-2\/decanato-1\/parroquia-nuestra-senora-de-fatima-barrio-estacion-terminal\/","title":{"rendered":"Parroquia Nuestra Se\u00f1ora de F\u00e1tima (barrio Estaci\u00f3n Terminal)"},"content":{"rendered":"<p><strong><img loading=\"lazy\" class=\"size-medium wp-image-6933 alignright\" src=\"https:\/\/obispado-mdp.org.ar\/a\/wp-content\/uploads\/2016\/01\/parroquia-nuestra-seora-de-fatima-mar-del-plata.jpg?w=288\" alt=\"parroquia nuestra se\u00f1ora de fatima mar del plata\" width=\"288\" height=\"300\" \/>\u00bb Parroquia Nuestra Se\u00f1ora de F\u00e1tima |\u00a0Alberti 1367 |\u00a0(0223) 451-5048<\/strong><\/p>\n<p>&nbsp;<\/p>\n<p><span style=\"color:#ff6600;\"><strong>HORARIOS | VERANO 2019<\/strong><\/span><\/p>\n<p>Secretar\u00eda parroquial:Lunes\u00a0a S\u00e1bados 9.30 a 12.30\u00a0y de 17 a 19hs.<\/p>\n<p>Misas (enero y febrero)<\/p>\n<p>Lunes a Viernes: 9 y 19hs<\/p>\n<p>S\u00e1bados: 9, 19 y 20hs<\/p>\n<p>Domingos: 9, 10.30, 12, 19 y 20hs.<\/p>\n<p><em>&gt; D\u00eda 4 de cada mes<\/em> (misa de 19hs): Bendici\u00f3n a mujeres embarazadas<\/p>\n<p><em>D\u00eda 19 de cada mes<\/em> (misa de 19hs): En honor a San Ezequiel Moreno. Misa de bendici\u00f3n para enfermos de c\u00e1ncer.<\/p>\n<p>&nbsp;<\/p>\n<hr \/>\n<p><span style=\"color:#008000;\"><strong>HORARIOS | INVIERNO (desde el 1 de marzo al 25 de noviembre)<\/strong><\/span><\/p>\n<p><em>Secretar\u00eda parroquial:<\/em><\/p>\n<div>* De Marzo y Abril \u00a0 9:30 \u00a0a \u00a012:30 \u00a0y \u00a016:00 \u00a0a \u00a018:30 hs<\/div>\n<div><\/div>\n<div>*Mayo a Agosto \u00a09:30 \u00a0a \u00a012:30 \u00a0y \u00a015:00 \u00a0a \u00a017:30 hs<\/div>\n<div><\/div>\n<div>*Septiembre y Octubre \u00a09:30 \u00a0a \u00a012:30 \u00a0y \u00a016:00 \u00a0a \u00a018:30 hs<\/div>\n<div><\/div>\n<div><span style=\"text-decoration:underline;\"><em>Horario de misas :<\/em><\/span><\/div>\n<div><\/div>\n<div>Lunes a S\u00e1bados: 9 y 18 hs.<br \/>\nDomingos y preceptos: 9, 10:30, 12, 18 y 19 hs.<\/div>\n<div><\/div>\n<div>\u00a0<strong>&gt; Capilla Stella Maris |\u00a0Brown y Viamonte |\u00a0(0223) 451 0256<\/strong><\/div>\n<p><em>Misas:<\/em><\/p>\n<p>Lunes a viernes: 8 hs.<\/p>\n<p>S\u00e1bados: 19 hs.<\/p>\n<p>Domingos: 11 y 19 hs.<\/p>\n<p><em>Los feriados no hay misa<\/em><\/p>\n<p>Templo\u00a0abierto de\u00a0Lu. a Vier. 7:30 a 12 y 16:30 a 18:30 hs. |\u00a0Sab. 9:30 a 12 hs y 17 a 20 hs. |\u00a0Dom 9:30 a 12 hs. y de 17 a 20 hs.<\/p>\n<p><span style=\"color:#000000;\">\u00a0<\/span><\/p>\n","protected":false},"excerpt":{"rendered":"<p>\u00bb Parroquia Nuestra Se\u00f1ora de F\u00e1tima |\u00a0Alberti 1367 |\u00a0(0223) 451-5048 &nbsp; HORARIOS | VERANO 2019 Secretar\u00eda parroquial:Lunes\u00a0a S\u00e1bados 9.30 a 12.30\u00a0y de 17 a 19hs. Misas (enero y febrero) Lunes a Viernes: 9 y 19hs S\u00e1bados: 9, 19 y 20hs Domingos: 9, 10.30, 12, 19 y 20hs. &gt; D\u00eda 4 de cada mes (misa de [&hellip;]<\/p>\n","protected":false},"author":1,"featured_media":6933,"parent":4942,"menu_order":2,"comment_status":"open","ping_status":"open","template":"","meta":{"_et_pb_use_builder":"","_et_pb_old_content":"","_et_gb_content_width":""},"aioseo_notices":[],"_links":{"self":[{"href":"https:\/\/www.obispado-mdp.org.ar\/a\/wp-json\/wp\/v2\/pages\/4974"}],"collection":[{"href":"https:\/\/www.obispado-mdp.org.ar\/a\/wp-json\/wp\/v2\/pages"}],"about":[{"href":"https:\/\/www.obispado-mdp.org.ar\/a\/wp-json\/wp\/v2\/types\/page"}],"author":[{"embeddable":true,"href":"https:\/\/www.obispado-mdp.org.ar\/a\/wp-json\/wp\/v2\/users\/1"}],"replies":[{"embeddable":true,"href":"https:\/\/www.obispado-mdp.org.ar\/a\/wp-json\/wp\/v2\/comments?post=4974"}],"version-history":[{"count":0,"href":"https:\/\/www.obispado-mdp.org.ar\/a\/wp-json\/wp\/v2\/pages\/4974\/revisions"}],"up":[{"embeddable":true,"href":"https:\/\/www.obispado-mdp.org.ar\/a\/wp-json\/wp\/v2\/pages\/4942"}],"wp:featuredmedia":[{"embeddable":true,"href":"https:\/\/www.obispado-mdp.org.ar\/a\/wp-json\/"}],"wp:attachment":[{"href":"https:\/\/www.obispado-mdp.org.ar\/a\/wp-json\/wp\/v2\/media?parent=4974"}],"curies":[{"name":"wp","href":"https:\/\/api.w.org\/{rel}","templated":true}]}}