{"id":516,"date":"2020-02-20T19:59:30","date_gmt":"2020-02-20T22:59:30","guid":{"rendered":"http:\/\/www.obispado-mdp.org.ar\/a\/?page_id=516"},"modified":"2025-08-14T08:31:47","modified_gmt":"2025-08-14T11:31:47","slug":"hogar-de-nazaret","status":"publish","type":"page","link":"https:\/\/www.obispado-mdp.org.ar\/a\/caridad\/hogar-de-nazaret\/","title":{"rendered":"Hogar Nazareth"},"content":{"rendered":"<p>[et_pb_section fb_built=\u00bb1&#8243; inner_shadow=\u00bbon\u00bb _builder_version=\u00bb3.22&#8243; background_color=\u00bb#0196ae\u00bb background_image=\u00bbhttps:\/\/obispado-mdp.org.ar\/a\/wp-content\/uploads\/2020\/02\/nazaret.jpg\u00bb mix_blend_mode=\u00bbmultiply\u00bb top_divider_flip=\u00bbvertical\u00bb bottom_divider_style=\u00bbcurve\u00bb bottom_divider_color=\u00bb#0196ae\u00bb bottom_divider_height=\u00bb11px\u00bb bottom_divider_arrangement=\u00bbabove_content\u00bb saved_tabs=\u00bball\u00bb][et_pb_row _builder_version=\u00bb3.25&#8243;][et_pb_column type=\u00bb4_4&#8243; _builder_version=\u00bb3.25&#8243; custom_padding=\u00bb|||\u00bb custom_padding__hover=\u00bb|||\u00bb][et_pb_text _builder_version=\u00bb3.27.4&#8243; header_font=\u00bb|600|||||||\u00bb header_text_color=\u00bb#ffffff\u00bb header_line_height=\u00bb0.9em\u00bb header_text_shadow_style=\u00bbpreset3&#8243;]<\/p>\n<h1 style=\"text-align: center;\">Caridad<\/h1>\n<p>[\/et_pb_text][\/et_pb_column][\/et_pb_row][\/et_pb_section][et_pb_section fb_built=\u00bb1&#8243; _builder_version=\u00bb3.22&#8243;][et_pb_row admin_label=\u00bbText\u00bb module_class=\u00bb et_pb_row_fullwidth\u00bb _builder_version=\u00bb3.25&#8243; width=\u00bb89%\u00bb width_tablet=\u00bb80%\u00bb width_last_edited=\u00bbon|desktop\u00bb max_width=\u00bb89%\u00bb max_width_tablet=\u00bb80%\u00bb max_width_last_edited=\u00bbon|desktop\u00bb custom_padding=\u00bb|||24px|false|false\u00bb border_color_bottom=\u00bb#0196ae\u00bb border_color_left=\u00bb#0196ae\u00bb make_fullwidth=\u00bbon\u00bb saved_tabs=\u00bball\u00bb column_structure=\u00bb3_4,1_4&#8243;][et_pb_column type=\u00bb3_4&#8243; _builder_version=\u00bb3.25&#8243; custom_padding=\u00bb|||\u00bb parallax__hover=\u00bboff\u00bb parallax_method__hover=\u00bbon\u00bb custom_padding__hover=\u00bb|||\u00bb][et_pb_text admin_label=\u00bbText\u00bb _builder_version=\u00bb3.27.4&#8243; header_font=\u00bb|700|||||||\u00bb header_text_color=\u00bb#0196ae\u00bb border_width_bottom=\u00bb1px\u00bb border_color_bottom=\u00bb#0196ae\u00bb]<\/p>\n<h1>Hogar Nazareth<\/h1>\n<p>[\/et_pb_text][et_pb_text _builder_version=\u00bb4.4.8&#8243; header_font=\u00bb||||||||\u00bb header_text_color=\u00bb#0196ae\u00bb header_2_font=\u00bb||||||||\u00bb header_2_text_color=\u00bb#0196ae\u00bb header_3_font=\u00bb||||||||\u00bb header_3_text_color=\u00bb#0196ae\u00bb hover_enabled=\u00bb0&#8243;]<\/p>\n<h2>LA SOLIDARIDAD EMPIEZA POR DAR<\/h2>\n<p><img loading=\"lazy\" src=\"https:\/\/obispado-mdp.org.ar\/a\/wp-content\/uploads\/2020\/02\/HOGAR-NAZARETH-150x150.jpg\" alt=\"\" class=\"wp-image-553 alignleft size-thumbnail\" width=\"150\" height=\"150\" \/>Desde el 10 de diciembre de 2007, el Hogar \u201cNazaret\u201d perteneciente a C\u00e1ritas Mar del Plata y <strong>dedicado a albergar a personas en situaci\u00f3n de calle.<\/strong><\/p>\n<p><strong>Funciona los 365 d\u00edas del a\u00f1o en Balcarce 5036, de 18 a 08\u00a0del d\u00eda siguiente,<\/strong> brindando a nuestros hu\u00e9spedes la merienda, la cena y el desayuno, una ducha caliente, art\u00edculos de higiene y ropa limpia y sobre todo un lugar seguro y c\u00e1lido para dormir en una cama limpia y bajo techo.<\/p>\n<p><strong>El Hogar tiene capacidad para albergar hasta 50 (Cincuenta) personas mayores de edad (35 hombres y 15 mujeres).<\/strong><\/p>\n<p>En el Hogar, son muchos los hermanos que a trav\u00e9s del tiempo han encontrado un espacio para reinsertarse social, laboral e incluso familiarmente. Esos son los frutos del Hogar, y el fin para el que se trabaja d\u00eda a d\u00eda.<\/p>\n<p>A pesar de las dificultades, queremos destacar particularmente la generosidad de todos los que se acercan cada d\u00eda al Hogar. En especial, nuestra gratitud a los vecinos y a toda la comunidad de Mar del Plata. Por ellos es posible abrir las puertas cada tarde. Hay una suma permanente de peque\u00f1os gestos que realmente nos confirman que este es el camino que debemos seguir.<\/p>\n<p>Adem\u00e1s de la comida y el techo, los tr\u00e1mites de documentaci\u00f3n personal y de acceso a derechos (pensiones, asignaciones, etc.), la facilitaci\u00f3n de cursos de capacitaci\u00f3n laboral y la confecci\u00f3n de C.V., las estrategias de revinculaci\u00f3n familiar, la atenci\u00f3n de la salud y los talleres de valores que reciben nuestros hu\u00e9spedes cuentan con los servicios profesionales de una trabajadora social, una psic\u00f3loga y una m\u00e9dica psiquiatra.<\/p>\n<p><em><strong>Los que deseen contactarse o recibir m\u00e1s informaci\u00f3n pueden hacerlo en C\u00e1ritas diocesana en nuestra sede de La Pampa 2235<\/strong><\/em><\/p>\n<p><strong>\u00bfC\u00f3mo colaborar con el hogar?<\/strong><\/p>\n<p>&gt; \u200bSiendo voluntario.<\/p>\n<p>&gt; Con donaciones de ropa de abrigo, frazadas, colchones, alimentos, elementos de limpieza y de higiene personal. Acercarlo al Hogar diariamente de 18 a 8 o de lunes a viernes de 8 a 14 a la sede<\/p>\n<p>&nbsp;<\/p>\n<p><img loading=\"lazy\" src=\"https:\/\/obispado-mdp.org.ar\/a\/wp-content\/uploads\/2020\/02\/nazaret2.jpg\" alt=\"\" class=\"wp-image-533 aligncenter size-full\" width=\"1152\" height=\"494\" \/><\/p>\n<p>&nbsp;<\/p>\n<p>[\/et_pb_text][et_pb_cta title=\u00bbCONTACTATE CON EL HOGAR\u00bb button_text=\u00bbClick Here\u00bb _builder_version=\u00bb3.18.9&#8243; header_level=\u00bbh1&#8243; header_font=\u00bb|800|||||||\u00bb header_letter_spacing=\u00bb4px\u00bb header_line_height=\u00bb1.3em\u00bb background_color=\u00bb#ea0253&#8243;]<\/p>\n<h4><strong><span style=\"font-size: 24px;\"><span style=\"font-family: avenir-lt-w01_85-heavy1475544,sans-serif;\"><span style=\"color: #ffffff;\">REFERENTE: Jorge Matias<\/span><\/span><\/span><\/strong><\/h4>\n<h4><strong>DIRECCI\u00d3N: La Pampa 2235<\/strong><\/h4>\n<h4><strong>TEL\u00c9FONO: <\/strong>(0223) 351 9272<\/h4>\n<p>[\/et_pb_cta][et_pb_button button_url=\u00bbhttps:\/\/obispado-mdp.org.ar\/a\/caridad\/\u00bb button_text=\u00bbVolver\u00bb _builder_version=\u00bb3.18.9&#8243; custom_button=\u00bbon\u00bb button_font=\u00bb||||||||\u00bb button_icon=\u00bb%%27%%\u00bb button_icon_placement=\u00bbleft\u00bb button_on_hover=\u00bboff\u00bb][\/et_pb_button][\/et_pb_column][et_pb_column type=\u00bb1_4&#8243; _builder_version=\u00bb3.25&#8243; custom_padding=\u00bb|||\u00bb parallax__hover=\u00bboff\u00bb parallax_method__hover=\u00bbon\u00bb custom_padding__hover=\u00bb|||\u00bb][et_pb_text _builder_version=\u00bb3.27.4&#8243; text_font=\u00bb||||||||\u00bb header_font=\u00bb||||||||\u00bb header_text_color=\u00bb#0196ae\u00bb header_4_font=\u00bb||||||||\u00bb header_4_text_color=\u00bb#ffffff\u00bb background_color=\u00bb#0196ae\u00bb custom_margin=\u00bb0px|0px|0px|0px\u00bb custom_padding=\u00bb10px|10px|0px|20px\u00bb]<\/p>\n<h4><strong>CARIDAD<\/strong><\/h4>\n<p>[\/et_pb_text][dsm_menu title_bottom_gap=\u00bb8px\u00bb menu_id=\u00bb53&#8243; list_style_color=\u00bb#0196ae\u00bb _builder_version=\u00bb4.4.8&#8243; header_font=\u00bbGeorgia|700|||on|on||#0196ae|dotted\u00bb header_text_color=\u00bb#0196ae\u00bb background_color=\u00bbrgba(1,150,174,0.05)\u00bb custom_margin=\u00bb-10px|-10px|-10px|-10px\u00bb custom_padding=\u00bb20px|10px|10px|20px\u00bb custom_padding_last_edited=\u00bboff|desktop\u00bb hover_enabled=\u00bb0&#8243;][\/dsm_menu][\/et_pb_column][\/et_pb_row][\/et_pb_section]<\/p>\n","protected":false},"excerpt":{"rendered":"<p>el Hogar \u201cNazaret\u201d perteneciente a C\u00e1ritas Mar del Plata y dedicado a albergar a personas en situaci\u00f3n de calle.Funciona los 365 d\u00edas del a\u00f1o en Balcarce 5036, de 18 a 08 del d\u00eda siguiente, brindando a nuestros hu\u00e9spedes la merienda, la cena y el desayuno, una ducha caliente, art\u00edculos de higiene y ropa limpia y sobre todo un lugar seguro y c\u00e1lido para dormir en una cama limpia y bajo techo.<\/p>\n","protected":false},"author":1,"featured_media":520,"parent":546,"menu_order":3,"comment_status":"closed","ping_status":"closed","template":"","meta":{"_et_pb_use_builder":"on","_et_pb_old_content":"","_et_gb_content_width":""},"aioseo_notices":[],"_links":{"self":[{"href":"https:\/\/www.obispado-mdp.org.ar\/a\/wp-json\/wp\/v2\/pages\/516"}],"collection":[{"href":"https:\/\/www.obispado-mdp.org.ar\/a\/wp-json\/wp\/v2\/pages"}],"about":[{"href":"https:\/\/www.obispado-mdp.org.ar\/a\/wp-json\/wp\/v2\/types\/page"}],"author":[{"embeddable":true,"href":"https:\/\/www.obispado-mdp.org.ar\/a\/wp-json\/wp\/v2\/users\/1"}],"replies":[{"embeddable":true,"href":"https:\/\/www.obispado-mdp.org.ar\/a\/wp-json\/wp\/v2\/comments?post=516"}],"version-history":[{"count":1,"href":"https:\/\/www.obispado-mdp.org.ar\/a\/wp-json\/wp\/v2\/pages\/516\/revisions"}],"predecessor-version":[{"id":47091,"href":"https:\/\/www.obispado-mdp.org.ar\/a\/wp-json\/wp\/v2\/pages\/516\/revisions\/47091"}],"up":[{"embeddable":true,"href":"https:\/\/www.obispado-mdp.org.ar\/a\/wp-json\/wp\/v2\/pages\/546"}],"wp:featuredmedia":[{"embeddable":true,"href":"https:\/\/www.obispado-mdp.org.ar\/a\/wp-json\/"}],"wp:attachment":[{"href":"https:\/\/www.obispado-mdp.org.ar\/a\/wp-json\/wp\/v2\/media?parent=516"}],"curies":[{"name":"wp","href":"https:\/\/api.w.org\/{rel}","templated":true}]}}