{"id":62,"date":"2020-02-11T10:30:57","date_gmt":"2020-02-11T13:30:57","guid":{"rendered":"http:\/\/www.obispado-mdp.org.ar\/a\/?page_id=62"},"modified":"2025-08-28T22:23:02","modified_gmt":"2025-08-29T01:23:02","slug":"diocesis","status":"publish","type":"page","link":"https:\/\/www.obispado-mdp.org.ar\/a\/diocesis\/","title":{"rendered":"Di\u00f3cesis"},"content":{"rendered":"<p>[et_pb_section fb_built=\u00bb1&#8243; inner_shadow=\u00bbon\u00bb _builder_version=\u00bb3.18.9&#8243; background_color=\u00bb#0196ae\u00bb background_image=\u00bbhttps:\/\/obispado-mdp.org.ar\/a\/wp-content\/uploads\/2020\/02\/INSTITUCIONAL-FONDO-1.jpg\u00bb parallax=\u00bbon\u00bb mix_blend_mode=\u00bbmultiply\u00bb top_divider_flip=\u00bbvertical\u00bb bottom_divider_style=\u00bbcurve\u00bb bottom_divider_color=\u00bb#0196ae\u00bb bottom_divider_height=\u00bb11px\u00bb bottom_divider_arrangement=\u00bbabove_content\u00bb global_module=\u00bb79&#8243; saved_tabs=\u00bball\u00bb locked=\u00bboff\u00bb][et_pb_row _builder_version=\u00bb3.25&#8243;][et_pb_column type=\u00bb4_4&#8243; _builder_version=\u00bb3.25&#8243; custom_padding=\u00bb|||\u00bb custom_padding__hover=\u00bb|||\u00bb][et_pb_text _builder_version=\u00bb3.27.4&#8243; header_font=\u00bb|600|||||||\u00bb header_text_color=\u00bb#ffffff\u00bb header_line_height=\u00bb0.9em\u00bb header_text_shadow_style=\u00bbpreset3&#8243;]<\/p>\n<h1 style=\"text-align: center;\">Institucional<\/h1>\n<p>[\/et_pb_text][\/et_pb_column][\/et_pb_row][\/et_pb_section][et_pb_section fb_built=\u00bb1&#8243; _builder_version=\u00bb3.18.9&#8243; custom_margin=\u00bb0px||0px\u00bb custom_padding=\u00bb0px||0px\u00bb global_module=\u00bb18183&#8243; saved_tabs=\u00bball\u00bb][et_pb_row module_class=\u00bb et_pb_row_fullwidth\u00bb _builder_version=\u00bb3.25&#8243; width=\u00bb89%\u00bb width_tablet=\u00bb80%\u00bb width_phone=\u00bb\u00bb width_last_edited=\u00bbon|desktop\u00bb max_width=\u00bb89%\u00bb max_width_tablet=\u00bb80%\u00bb max_width_phone=\u00bb\u00bb max_width_last_edited=\u00bbon|desktop\u00bb make_fullwidth=\u00bbon\u00bb][et_pb_column type=\u00bb4_4&#8243; _builder_version=\u00bb3.25&#8243; custom_padding=\u00bb|||\u00bb custom_padding__hover=\u00bb|||\u00bb][et_pb_text _builder_version=\u00bb3.27.4&#8243; border_width_bottom=\u00bb2px\u00bb border_color_bottom=\u00bb#0196ae\u00bb]<\/p>\n<h1><strong><span style=\"color: #0196ae;\">Di\u00f3cesis<\/span><\/strong><\/h1>\n<p>[\/et_pb_text][et_pb_text _builder_version=\u00bb3.27.4&#8243;]<\/p>\n<p>La di\u00f3cesis es una porci\u00f3n del Pueblo de Dios que se conf\u00eda a un Obispo para que la apaciente con la cooperaci\u00f3n del presbiterio, de forma que unida a su pastor y reunida por \u00e9l en el Esp\u00edritu Santo por el Evangelio y la Eucarist\u00eda, constituye una Iglesia particular, en la que verdaderamente est\u00e1 y obra la Iglesia de Cristo, que es Una, Santa, Cat\u00f3lica y Apost\u00f3lica.<\/p>\n<p>Cada uno de los Obispos a los que se ha confiado el cuidado de cada Iglesia particular, bajo la autoridad del Sumo Pont\u00edfice, como sus pastores propios, ordinarios e inmediatos, apacienten sus ovejas en el Nombre del Se\u00f1or, desarrollando en ellas su oficio de ense\u00f1ar, de santificar y de regir.(CD 11).<\/p>\n<p>[\/et_pb_text][\/et_pb_column][\/et_pb_row][et_pb_row _builder_version=\u00bb4.4.8&#8243; column_structure=\u00bb1_3,1_3,1_3&#8243;][et_pb_column _builder_version=\u00bb4.4.8&#8243; type=\u00bb1_3&#8243;][et_pb_image src=\u00bbhttps:\/\/obispado-mdp.org.ar\/a\/wp-content\/uploads\/2020\/03\/institucional-OBISPOEMERITO-8.png\u00bb url=\u00bbhttps:\/\/obispado-mdp.org.ar\/a\/diocesis\/obispo-emerito\/\u00bb align_tablet=\u00bbcenter\u00bb align_phone=\u00bb\u00bb align_last_edited=\u00bbon|desktop\u00bb _builder_version=\u00bb3.23&#8243;][\/et_pb_image][\/et_pb_column][et_pb_column _builder_version=\u00bb4.4.8&#8243; type=\u00bb1_3&#8243;][et_pb_image src=\u00bbhttps:\/\/obispado-mdp.org.ar\/a\/wp-content\/uploads\/2020\/03\/institucional-cancilleria-8.png\u00bb url=\u00bbhttps:\/\/obispado-mdp.org.ar\/a\/diocesis\/cancilleria\/\u00bb align_tablet=\u00bbcenter\u00bb align_phone=\u00bb\u00bb align_last_edited=\u00bbon|desktop\u00bb _builder_version=\u00bb4.4.8&#8243; hover_enabled=\u00bb0&#8243; module_alignment=\u00bbcenter\u00bb width=\u00bb100%\u00bb][\/et_pb_image][\/et_pb_column][et_pb_column _builder_version=\u00bb4.4.8&#8243; type=\u00bb1_3&#8243;][et_pb_image src=\u00bbhttps:\/\/obispado-mdp.org.ar\/a\/wp-content\/uploads\/2020\/03\/institucional-curia-8.png\u00bb url=\u00bbhttps:\/\/obispado-mdp.org.ar\/a\/diocesis\/curia\/\u00bb align_tablet=\u00bbcenter\u00bb align_phone=\u00bb\u00bb align_last_edited=\u00bbon|desktop\u00bb _builder_version=\u00bb3.23&#8243;][\/et_pb_image][\/et_pb_column][\/et_pb_row][et_pb_row _builder_version=\u00bb4.4.8&#8243; column_structure=\u00bb1_3,1_3,1_3&#8243;][et_pb_column _builder_version=\u00bb4.4.8&#8243; type=\u00bb1_3&#8243;][et_pb_image src=\u00bbhttps:\/\/obispado-mdp.org.ar\/a\/wp-content\/uploads\/2020\/03\/institucional-parroquias-8.png\u00bb url=\u00bbhttps:\/\/obispado-mdp.org.ar\/a\/parroquias\/\u00bb align_tablet=\u00bbcenter\u00bb align_phone=\u00bb\u00bb align_last_edited=\u00bbon|desktop\u00bb _builder_version=\u00bb3.23&#8243;][\/et_pb_image][\/et_pb_column][et_pb_column _builder_version=\u00bb4.4.8&#8243; type=\u00bb1_3&#8243;][et_pb_image src=\u00bbhttps:\/\/obispado-mdp.org.ar\/a\/wp-content\/uploads\/2020\/03\/institucional-pastorales-8.png\u00bb url=\u00bbhttps:\/\/obispado-mdp.org.ar\/a\/diocesis\/pastorales-y-movimientos-e-intituciones\/\u00bb align_tablet=\u00bbcenter\u00bb align_phone=\u00bb\u00bb align_last_edited=\u00bbon|desktop\u00bb _builder_version=\u00bb4.4.8&#8243;][\/et_pb_image][\/et_pb_column][et_pb_column _builder_version=\u00bb4.4.8&#8243; type=\u00bb1_3&#8243;][et_pb_image src=\u00bbhttps:\/\/obispado-mdp.org.ar\/a\/wp-content\/uploads\/2020\/03\/institucional-patrimonio-8.png\u00bb url=\u00bbhttps:\/\/obispado-mdp.org.ar\/a\/diocesis\/patrimonio-arquitectonico-de-la-diocesis\/\u00bb align_tablet=\u00bbcenter\u00bb align_phone=\u00bb\u00bb align_last_edited=\u00bbon|desktop\u00bb _builder_version=\u00bb3.23&#8243;][\/et_pb_image][\/et_pb_column][\/et_pb_row][\/et_pb_section][et_pb_section fb_built=\u00bb1&#8243; _builder_version=\u00bb3.22&#8243;][\/et_pb_section]<\/p>\n","protected":false},"excerpt":{"rendered":"<p>[et_pb_section fb_built=\u00bb1&#8243; inner_shadow=\u00bbon\u00bb _builder_version=\u00bb3.18.9&#8243; background_color=\u00bb#0196ae\u00bb background_image=\u00bbhttps:\/\/obispado-mdp.org.ar\/a\/wp-content\/uploads\/2020\/02\/INSTITUCIONAL-FONDO-1.jpg\u00bb parallax=\u00bbon\u00bb mix_blend_mode=\u00bbmultiply\u00bb top_divider_flip=\u00bbvertical\u00bb bottom_divider_style=\u00bbcurve\u00bb bottom_divider_color=\u00bb#0196ae\u00bb bottom_divider_height=\u00bb11px\u00bb bottom_divider_arrangement=\u00bbabove_content\u00bb global_module=\u00bb79&#8243; saved_tabs=\u00bball\u00bb locked=\u00bboff\u00bb][et_pb_row _builder_version=\u00bb3.25&#8243;][et_pb_column type=\u00bb4_4&#8243; _builder_version=\u00bb3.25&#8243; custom_padding=\u00bb|||\u00bb custom_padding__hover=\u00bb|||\u00bb][et_pb_text _builder_version=\u00bb3.27.4&#8243; header_font=\u00bb|600|||||||\u00bb header_text_color=\u00bb#ffffff\u00bb header_line_height=\u00bb0.9em\u00bb header_text_shadow_style=\u00bbpreset3&#8243;] Institucional [\/et_pb_text][\/et_pb_column][\/et_pb_row][\/et_pb_section][et_pb_section fb_built=\u00bb1&#8243; _builder_version=\u00bb3.18.9&#8243; custom_margin=\u00bb0px||0px\u00bb custom_padding=\u00bb0px||0px\u00bb global_module=\u00bb18183&#8243; saved_tabs=\u00bball\u00bb][et_pb_row module_class=\u00bb et_pb_row_fullwidth\u00bb _builder_version=\u00bb3.25&#8243; width=\u00bb89%\u00bb width_tablet=\u00bb80%\u00bb width_phone=\u00bb\u00bb width_last_edited=\u00bbon|desktop\u00bb max_width=\u00bb89%\u00bb max_width_tablet=\u00bb80%\u00bb max_width_phone=\u00bb\u00bb max_width_last_edited=\u00bbon|desktop\u00bb make_fullwidth=\u00bbon\u00bb][et_pb_column type=\u00bb4_4&#8243; _builder_version=\u00bb3.25&#8243; custom_padding=\u00bb|||\u00bb custom_padding__hover=\u00bb|||\u00bb][et_pb_text _builder_version=\u00bb3.27.4&#8243; border_width_bottom=\u00bb2px\u00bb border_color_bottom=\u00bb#0196ae\u00bb] Di\u00f3cesis [\/et_pb_text][et_pb_text [&hellip;]<\/p>\n","protected":false},"author":1,"featured_media":63,"parent":0,"menu_order":0,"comment_status":"closed","ping_status":"closed","template":"","meta":{"_et_pb_use_builder":"on","_et_pb_old_content":"<!-- wp:group -->\n<div class=\"wp-block-group\"><div class=\"wp-block-group__inner-container\"><!-- wp:button {\"className\":\"is-style-outline\"} -->\n<div class=\"wp-block-button is-style-outline\"><a class=\"wp-block-button__link\">Obispo<\/a><\/div>\n<!-- \/wp:button --><\/div><\/div>\n<!-- \/wp:group -->\n\n<!-- wp:paragraph -->\n<p> La di\u00f3cesis es una porci\u00f3n del Pueblo de Dios que se conf\u00eda a un Obispo  para que la apaciente con la cooperaci\u00f3n del presbiterio, de forma que  unida a su pastor y reunida por \u00e9l en el Esp\u00edritu Santo por el Evangelio  y la Eucarist\u00eda, constituye una Iglesia particular, en la que  verdaderamente est\u00e1 y obra la Iglesia de Cristo, que es Una, Santa,  Cat\u00f3lica y Apost\u00f3lica.<br>           <br>Cada uno de los Obispos a los que se  ha confiado el cuidado  de cada Iglesia particular, bajo la autoridad del Sumo Pont\u00edfice, como  sus pastores propios, ordinarios e inmediatos, apacienten sus ovejas en  el Nombre del Se\u00f1or, desarrollando en ellas su oficio de ense\u00f1ar, de  santificar y de regir.(CD 11). <\/p>\n<!-- \/wp:paragraph -->","_et_gb_content_width":""},"aioseo_notices":[],"_links":{"self":[{"href":"https:\/\/www.obispado-mdp.org.ar\/a\/wp-json\/wp\/v2\/pages\/62"}],"collection":[{"href":"https:\/\/www.obispado-mdp.org.ar\/a\/wp-json\/wp\/v2\/pages"}],"about":[{"href":"https:\/\/www.obispado-mdp.org.ar\/a\/wp-json\/wp\/v2\/types\/page"}],"author":[{"embeddable":true,"href":"https:\/\/www.obispado-mdp.org.ar\/a\/wp-json\/wp\/v2\/users\/1"}],"replies":[{"embeddable":true,"href":"https:\/\/www.obispado-mdp.org.ar\/a\/wp-json\/wp\/v2\/comments?post=62"}],"version-history":[{"count":2,"href":"https:\/\/www.obispado-mdp.org.ar\/a\/wp-json\/wp\/v2\/pages\/62\/revisions"}],"predecessor-version":[{"id":47302,"href":"https:\/\/www.obispado-mdp.org.ar\/a\/wp-json\/wp\/v2\/pages\/62\/revisions\/47302"}],"wp:featuredmedia":[{"embeddable":true,"href":"https:\/\/www.obispado-mdp.org.ar\/a\/wp-json\/"}],"wp:attachment":[{"href":"https:\/\/www.obispado-mdp.org.ar\/a\/wp-json\/wp\/v2\/media?parent=62"}],"curies":[{"name":"wp","href":"https:\/\/api.w.org\/{rel}","templated":true}]}}