{"id":668,"date":"2020-02-22T22:21:12","date_gmt":"2020-02-23T01:21:12","guid":{"rendered":"http:\/\/www.obispado-mdp.org.ar\/a\/?page_id=668"},"modified":"2020-02-22T22:21:12","modified_gmt":"2020-02-23T01:21:12","slug":"unzue","status":"publish","type":"page","link":"https:\/\/www.obispado-mdp.org.ar\/a\/diocesis\/patrimonio-arquitectonico-de-la-diocesis\/unzue\/","title":{"rendered":"Oratorio de la Inmaculada Concepci\u00f3n"},"content":{"rendered":"<p>[et_pb_section fb_built=\u00bb1&#8243; inner_shadow=\u00bbon\u00bb _builder_version=\u00bb3.18.9&#8243; background_color=\u00bb#0196ae\u00bb background_image=\u00bbhttps:\/\/obispado-mdp.org.ar\/a\/wp-content\/uploads\/2020\/02\/INSTITUCIONAL-FONDO-1.jpg\u00bb parallax=\u00bbon\u00bb mix_blend_mode=\u00bbmultiply\u00bb top_divider_flip=\u00bbvertical\u00bb bottom_divider_style=\u00bbcurve\u00bb bottom_divider_color=\u00bb#0196ae\u00bb bottom_divider_height=\u00bb11px\u00bb bottom_divider_arrangement=\u00bbabove_content\u00bb global_module=\u00bb79&#8243; saved_tabs=\u00bball\u00bb locked=\u00bboff\u00bb][et_pb_row _builder_version=\u00bb3.18.9&#8243;][et_pb_column type=\u00bb4_4&#8243; _builder_version=\u00bb3.18.9&#8243; parallax=\u00bboff\u00bb parallax_method=\u00bbon\u00bb][et_pb_text _builder_version=\u00bb3.18.9&#8243; header_font=\u00bb|600|||||||\u00bb header_text_color=\u00bb#ffffff\u00bb header_line_height=\u00bb0.9em\u00bb header_text_shadow_style=\u00bbpreset3&#8243;]<\/p>\n<h1 style=\"text-align: center;\">Institucional<\/h1>\n<p>[\/et_pb_text][\/et_pb_column][\/et_pb_row][\/et_pb_section][et_pb_section fb_built=\u00bb1&#8243; _builder_version=\u00bb3.18.9&#8243; background_color=\u00bb#0196ae\u00bb custom_padding=\u00bb0px||0px\u00bb link_option_url=\u00bbhttps:\/\/obispado-mdp.org.ar\/a\/diocesis\/patrimonio-arquitectonico-de-la-diocesis\/\u00bb global_module=\u00bb705&#8243;][et_pb_row _builder_version=\u00bb3.18.9&#8243;][et_pb_column type=\u00bb4_4&#8243; _builder_version=\u00bb3.18.9&#8243; parallax=\u00bboff\u00bb parallax_method=\u00bbon\u00bb][et_pb_text _builder_version=\u00bb3.18.9&#8243; header_font=\u00bb||||||||\u00bb header_2_font=\u00bb|700|||||||\u00bb]<\/p>\n<h3 style=\"text-align: center;\"><a href=\"https:\/\/obispado-mdp.org.ar\/a\/diocesis\/patrimonio-arquitectonico-de-la-diocesis\/\"><strong><span style=\"color: #ffffff;\">PATRIMONIO ARQUIT\u00c9CTONICO DE LA DI\u00d3CESIS<\/span><\/strong><\/a><\/h3>\n<p>[\/et_pb_text][\/et_pb_column][\/et_pb_row][\/et_pb_section][et_pb_section fb_built=\u00bb1&#8243; _builder_version=\u00bb3.0.47&#8243;][et_pb_row make_fullwidth=\u00bbon\u00bb _builder_version=\u00bb3.18.9&#8243; background_size=\u00bbinitial\u00bb background_position=\u00bbtop_left\u00bb background_repeat=\u00bbrepeat\u00bb][et_pb_column type=\u00bb3_4&#8243; _builder_version=\u00bb3.0.47&#8243; parallax=\u00bboff\u00bb parallax_method=\u00bbon\u00bb][et_pb_text admin_label=\u00bbText\u00bb _builder_version=\u00bb3.18.9&#8243; header_font=\u00bb|700|||||||\u00bb header_text_color=\u00bb#0196ae\u00bb border_width_bottom=\u00bb1px\u00bb border_color_bottom=\u00bb#0196ae\u00bb]<\/p>\n<h1>Oratorio de la Inmaculada Concepci\u00f3n<\/h1>\n<p>[\/et_pb_text][et_pb_text _builder_version=\u00bb3.18.9&#8243; background_size=\u00bbinitial\u00bb background_position=\u00bbtop_left\u00bb background_repeat=\u00bbrepeat\u00bb]<\/p>\n<p><img loading=\"lazy\" src=\"https:\/\/obispado-mdp.org.ar\/a\/wp-content\/uploads\/2020\/02\/unzue500-2-300x248.jpg\" alt=\"\" class=\"wp-image-677 alignleft size-medium\" width=\"300\" height=\"248\" \/>El Oratorio de la Inmaculada Concepci\u00f3n del Instituto Saturnino Enrique Unzu\u00e9, forma parte del edificio donado por las Sras. Mar\u00eda Unzu\u00e9 de Alvear y Concepci\u00f3n Unzu\u00e9 de Casares. El arquitecto que dirigi\u00f3 la obra fue Louis Faure Dujarrir, de la escuela vienesa.<\/p>\n<p>El Oratorio fue inaugurado el 5 de Marzo de 1912 y es Monumento Hist\u00f3rico Nacional desde 1985. Sus piezas fueron realizadas por el arquitecto italiano Curzio Capponetti Esegui, de la V\u00eda Flaminia 246 de la ciudad de Roma<\/p>\n<p>Visten el \u00e1mbito realizaciones en m\u00e1rmol de Abisinia, de Carrara y del Proconeso; su l\u00ednea es bizantina del siglo de oro, el p\u00falpito luce un primer premio internacional de dise\u00f1o de 1910, otorgado en Sevilla, Espa\u00f1a.<\/p>\n<p>El magn\u00edfico pantocrator es r\u00e9plica de la figura del que enriquece Santa Sof\u00eda, de Estambul (Turqu\u00eda).<\/p>\n<p>[\/et_pb_text][et_pb_button button_url=\u00bbhttps:\/\/obispado-mdp.org.ar\/a\/diocesis\/patrimonio-arquitectonico-de-la-diocesis\/\u00bb button_text=\u00bbvolver\u00bb _builder_version=\u00bb3.18.9&#8243; custom_button=\u00bbon\u00bb button_font=\u00bb||||||||\u00bb button_icon=\u00bb%%27%%\u00bb button_icon_placement=\u00bbleft\u00bb][\/et_pb_button][\/et_pb_column][et_pb_column type=\u00bb1_4&#8243; _builder_version=\u00bb3.0.47&#8243; parallax=\u00bboff\u00bb parallax_method=\u00bbon\u00bb][et_pb_text _builder_version=\u00bb3.18.9&#8243; text_font=\u00bb||||||||\u00bb header_font=\u00bb||||||||\u00bb header_4_font=\u00bb||||||||\u00bb header_4_text_color=\u00bb#ffffff\u00bb background_color=\u00bb#0196ae\u00bb custom_margin=\u00bb0px|0px|0px|0px\u00bb custom_padding=\u00bb10px|10px|0px|20px\u00bb locked=\u00bboff\u00bb]<\/p>\n<h4><strong>PATRIMONIO<\/strong><\/h4>\n<p>[\/et_pb_text][dsm_menu title_bottom_gap=\u00bb8px\u00bb menu_id=\u00bb30&#8243; list_style_color=\u00bb#0196ae\u00bb _builder_version=\u00bb3.18.9&#8243; header_font=\u00bbGeorgia|700|||on|on||#0196ae|dotted\u00bb header_text_color=\u00bb#0196ae\u00bb background_color=\u00bbrgba(1,150,174,0.05)\u00bb custom_margin=\u00bb-10px|-10px|-10px|-10px\u00bb custom_padding=\u00bb20px|10px|10px|20px\u00bb custom_padding_last_edited=\u00bboff|desktop\u00bb][\/dsm_menu][\/et_pb_column][\/et_pb_row][\/et_pb_section]<\/p>\n","protected":false},"excerpt":{"rendered":"<p>El Oratorio de la Inmaculada Concepci\u00f3n del Instituto Saturnino Enrique Unzu\u00e9, forma parte del edificio donado por las Sras. Mar\u00eda Unzu\u00e9 de Alvear y Concepci\u00f3n Unzu\u00e9 de Casares. El arquitecto que dirigi\u00f3 la obra fue Louis Faure Dujarrir, de la escuela vienesa.<\/p>\n","protected":false},"author":1,"featured_media":677,"parent":371,"menu_order":2,"comment_status":"closed","ping_status":"closed","template":"","meta":{"_et_pb_use_builder":"on","_et_pb_old_content":"","_et_gb_content_width":""},"aioseo_notices":[],"_links":{"self":[{"href":"https:\/\/www.obispado-mdp.org.ar\/a\/wp-json\/wp\/v2\/pages\/668"}],"collection":[{"href":"https:\/\/www.obispado-mdp.org.ar\/a\/wp-json\/wp\/v2\/pages"}],"about":[{"href":"https:\/\/www.obispado-mdp.org.ar\/a\/wp-json\/wp\/v2\/types\/page"}],"author":[{"embeddable":true,"href":"https:\/\/www.obispado-mdp.org.ar\/a\/wp-json\/wp\/v2\/users\/1"}],"replies":[{"embeddable":true,"href":"https:\/\/www.obispado-mdp.org.ar\/a\/wp-json\/wp\/v2\/comments?post=668"}],"version-history":[{"count":0,"href":"https:\/\/www.obispado-mdp.org.ar\/a\/wp-json\/wp\/v2\/pages\/668\/revisions"}],"up":[{"embeddable":true,"href":"https:\/\/www.obispado-mdp.org.ar\/a\/wp-json\/wp\/v2\/pages\/371"}],"wp:featuredmedia":[{"embeddable":true,"href":"https:\/\/www.obispado-mdp.org.ar\/a\/wp-json\/"}],"wp:attachment":[{"href":"https:\/\/www.obispado-mdp.org.ar\/a\/wp-json\/wp\/v2\/media?parent=668"}],"curies":[{"name":"wp","href":"https:\/\/api.w.org\/{rel}","templated":true}]}}