{"id":690,"date":"2020-02-22T22:49:19","date_gmt":"2020-02-23T01:49:19","guid":{"rendered":"http:\/\/www.obispado-mdp.org.ar\/a\/?page_id=690"},"modified":"2020-02-22T22:49:19","modified_gmt":"2020-02-23T01:49:19","slug":"capilla-santa-cecilia","status":"publish","type":"page","link":"https:\/\/www.obispado-mdp.org.ar\/a\/diocesis\/patrimonio-arquitectonico-de-la-diocesis\/capilla-santa-cecilia\/","title":{"rendered":"Capilla Santa Cecilia"},"content":{"rendered":"<p>[et_pb_section fb_built=\u00bb1&#8243; inner_shadow=\u00bbon\u00bb _builder_version=\u00bb3.18.9&#8243; background_color=\u00bb#0196ae\u00bb background_image=\u00bbhttps:\/\/obispado-mdp.org.ar\/a\/wp-content\/uploads\/2020\/02\/INSTITUCIONAL-FONDO-1.jpg\u00bb parallax=\u00bbon\u00bb mix_blend_mode=\u00bbmultiply\u00bb top_divider_flip=\u00bbvertical\u00bb bottom_divider_style=\u00bbcurve\u00bb bottom_divider_color=\u00bb#0196ae\u00bb bottom_divider_height=\u00bb11px\u00bb bottom_divider_arrangement=\u00bbabove_content\u00bb global_module=\u00bb79&#8243; saved_tabs=\u00bball\u00bb locked=\u00bboff\u00bb][et_pb_row _builder_version=\u00bb3.18.9&#8243;][et_pb_column type=\u00bb4_4&#8243; _builder_version=\u00bb3.18.9&#8243; parallax=\u00bboff\u00bb parallax_method=\u00bbon\u00bb][et_pb_text _builder_version=\u00bb3.18.9&#8243; header_font=\u00bb|600|||||||\u00bb header_text_color=\u00bb#ffffff\u00bb header_line_height=\u00bb0.9em\u00bb header_text_shadow_style=\u00bbpreset3&#8243;]<\/p>\n<h1 style=\"text-align: center;\">Institucional<\/h1>\n<p>[\/et_pb_text][\/et_pb_column][\/et_pb_row][\/et_pb_section][et_pb_section fb_built=\u00bb1&#8243; _builder_version=\u00bb3.18.9&#8243; background_color=\u00bb#0196ae\u00bb custom_padding=\u00bb0px||0px\u00bb global_module=\u00bb705&#8243; saved_tabs=\u00bball\u00bb][et_pb_row _builder_version=\u00bb3.18.9&#8243;][et_pb_column type=\u00bb4_4&#8243; _builder_version=\u00bb3.18.9&#8243; parallax=\u00bboff\u00bb parallax_method=\u00bbon\u00bb][et_pb_text _builder_version=\u00bb3.18.9&#8243; header_font=\u00bb||||||||\u00bb header_2_font=\u00bb|700|||||||\u00bb]<\/p>\n<h3 style=\"text-align: center;\"><a href=\"https:\/\/obispado-mdp.org.ar\/a\/diocesis\/patrimonio-arquitectonico-de-la-diocesis\/\"><strong><span style=\"color: #ffffff;\">PATRIMONIO ARQUIT\u00c9CTONICO DE LA DI\u00d3CESIS<\/span><\/strong><\/a><\/h3>\n<p>[\/et_pb_text][\/et_pb_column][\/et_pb_row][\/et_pb_section][et_pb_section fb_built=\u00bb1&#8243; _builder_version=\u00bb3.18.9&#8243; custom_margin=\u00bb0px||0px||true\u00bb][et_pb_row make_fullwidth=\u00bbon\u00bb _builder_version=\u00bb3.18.9&#8243; background_size=\u00bbinitial\u00bb background_position=\u00bbtop_left\u00bb background_repeat=\u00bbrepeat\u00bb][et_pb_column type=\u00bb3_4&#8243; _builder_version=\u00bb3.0.47&#8243; parallax=\u00bboff\u00bb parallax_method=\u00bbon\u00bb][et_pb_text admin_label=\u00bbText\u00bb _builder_version=\u00bb3.18.9&#8243; header_font=\u00bb|700|||||||\u00bb header_text_color=\u00bb#0196ae\u00bb border_width_bottom=\u00bb1px\u00bb border_color_bottom=\u00bb#0196ae\u00bb]<\/p>\n<h1>Capilla Santa Cecilia<\/h1>\n<p>[\/et_pb_text][et_pb_text _builder_version=\u00bb3.18.9&#8243; background_size=\u00bbinitial\u00bb background_position=\u00bbtop_left\u00bb background_repeat=\u00bbrepeat\u00bb]<\/p>\n<p><img loading=\"lazy\" src=\"https:\/\/obispado-mdp.org.ar\/a\/wp-content\/uploads\/2020\/02\/santacecilia500-1ch.jpg\" alt=\"\" class=\"wp-image-687 alignleft size-full\" width=\"350\" height=\"214\" \/>Un pasado fuera de serie, un presente pujante y un porvenir abierto a las m\u00e1s nobles perspectivas, dan car\u00e1cter singular a la fisonom\u00eda de Mar del Plata, que ha sabido recoger del avance de los tiempos modernos lo que fuerza sus potencias naturales, sin desfigurar su propia personalidad.<o:p><\/o:p><\/p>\n<p>Don Patricio Peralta Ramos, fundador de Mar del Plata, que en el a\u00f1o 1860 adquiri\u00f3 de don Jos\u00e9 Coelho de Meyrelles tres estancias denominadas LAGUNA DE LOS PADRES, SAN JULIAN DE VIVORATA y ARMONIA, con un total de 136.422 hect\u00e1reas, en las que se hallaba comprendida la extensi\u00f3n destinada a la fundaci\u00f3n de nuestra ciudad, dispuso la erecci\u00f3n de una Capilla en la parte superior de la primitivamente denominada \u00abSierra de la Chacra\u00bb. Ese templo, inaugurado en 1873 fue puesto bajo la advocaci\u00f3n de la Virgen y M\u00e1rtir SANTA CECILIA, por llamarse Cecilia la esposa de don Patricio Peralta Ramos.<o:p><\/o:p><\/p>\n<p>La construcci\u00f3n estuvo a cargo de Don Francisco Beltrami, posiblemente el primer profesional del ramo que actu\u00f3 entonces, quien tambi\u00e9n levat\u00f3 en 1890 la Casa Municipal, durante la administraci\u00f3n del primer Intendente del Partido, don Fortunato de la Plaza.<o:p><\/o:p><\/p>\n<p>Este templo fue verdadera \u00abpiedra fundamental\u00bb de Mar del Plata, como sostuvo con todo acierto Monse\u00f1or Dr. Juan Mart\u00edn Zabala en ocasi\u00f3n de celebrarse las Bodas de Oro del Instituto Santa Cecilia, establecimiento educacional de verdadera gravitaci\u00f3n en la cultura marplatense a cargo de las Hermanas de Nuestra Se\u00f1ora del Huerto, anexo a la Capilla fundadora.<o:p><\/o:p><\/p>\n<p>No puede ponerse en duda que ese templo presidi\u00f3 el proceso de crecimiento de Mar del Plata, pues el Agrimensor don Carlos de Chapeaurouge que traz\u00f3 los planos del pueblo, fij\u00f3 el rumbo de las calles partiendo de frente a esa capilla, la construcci\u00f3n m\u00e1s importante del pueblo naciente.<o:p><\/o:p><\/p>\n<p>En su presentaci\u00f3n al Gobernador de la provincia don Mariano Acosta de fecha 14 de noviembre de 1873, el fundador de la ciudad don Patricio Peralta Ramos dec\u00eda: \u00abEste punto llamado a tan grande desenvolvimiento, es ya un pueblo: hay en \u00e9l un gran Saladero, cuyo costo primario fue de cuatro millones de pesos monedo corriente; hay un muelle de fierro que cost\u00f3 30.000 duros; hay un molino de agua que puede elaborar harina suficiente para las necesidades de la localidad; HAY UNA IGLESIA DE PIEDRA Y CAL CON TODO CUANTO ES REQUERIDO, QUE PUEDE CONTENER 400 PERSONAS, ERIGIDA RECIENTEMENTE EN PARROQUIA PROVISORIA Y ESTA ALLI EL SACERDOTE QUE DEBE REGENTEARLA.<o:p><\/o:p><\/p>\n<p>Caminito de tierra desdibujado, serpenteando entre las rocas, permit\u00eda llegar hasta la Capilla. Los fieles purificaban sus almas en comuni\u00f3n con el cielo antes de penetrar en el templo cuya campana repiqueteaba alegremente en las festividades religiosas y patrias y hasta un ca\u00f1oncito, extra\u00eddo de los restos del barco Alice, de Gran Breta\u00f1a, que se hundi\u00f3 frente a Punta Iglesia, permit\u00eda realizar disparos que entonces eran nuncio de fiesta.<o:p><\/o:p><\/p>\n<p>Desde el instante que se inaugura la Capilla SANTA CECILIA, se hilvana la historia de Mar del Plata; historia de piedra, de trabajo, de peligros, de realizaciones, con participaci\u00f3n activa de corrientes inmigratorias, todo lo que se traduce hoy en Mar del Plata, capital del turismo argentino.<o:p><\/o:p><\/p>\n<p>El 22 de noviembre de cada a\u00f1o se celebra jubilosamente el D\u00eda de la Patrona de Mar del Plata, SANTA CECILIA, patronato establecido en 1896 por el Arzobispado, y ratificado en 1897 por las autoridades locales.<o:p><\/o:p><\/p>\n<p>Ayer, en los comienzos, las inmediaciones de la Capilla Santa Cecilia se estacionaban los carruajes utilizados por las familias para su traslado a alguna distancia. Eran algo as\u00ed como el eslab\u00f3n intermedio entre las diligencias y los primeros autom\u00f3viles. All\u00ed, frente al primitivo templo, constitu\u00edan algo as\u00ed como una demostraci\u00f3n de fe de sus propietarios, recias figuras del pueblo. <\/p>\n<p> Hoy Mar del Plata se ha incorporado de lleno al ritmo de los tiempos sin renegar de lo antiguo. Por eso, mientras como una voz que nos llega desde el remoto pasado de nuestros abuelos la C\u00fapula de Santa Cecilia nos habla el viejo idioma con la lengua de bronce de su campana y en ese mismo idioma nos llama al recogimiento su toque de oraci\u00f3n, el tr\u00e1nsito ruidoso de la avenida Luro, de la calle San Mart\u00edn y otras cercanas arterias atruena el espacio con el estr\u00e9pito nervioso de su vida moderna, mientras asciende, en el aire ligero hasta la proximidad de las nubes, el atrevimiento de los rascacielos. <o:p><\/o:p><\/p>\n<p>Por decreto N\u00b0 793\/71 del P.E. de la Naci\u00f3n, se declara Monumento Hist\u00f3rico Nacional a la Capilla Santa Cecilia. <o:p><\/o:p><\/p>\n<p>[\/et_pb_text][et_pb_button button_url=\u00bbhttps:\/\/obispado-mdp.org.ar\/a\/diocesis\/patrimonio-arquitectonico-de-la-diocesis\/\u00bb button_text=\u00bbvolver\u00bb _builder_version=\u00bb3.18.9&#8243; custom_button=\u00bbon\u00bb button_font=\u00bb||||||||\u00bb button_icon=\u00bb%%27%%\u00bb button_icon_placement=\u00bbleft\u00bb][\/et_pb_button][\/et_pb_column][et_pb_column type=\u00bb1_4&#8243; _builder_version=\u00bb3.0.47&#8243; parallax=\u00bboff\u00bb parallax_method=\u00bbon\u00bb][et_pb_text _builder_version=\u00bb3.18.9&#8243; text_font=\u00bb||||||||\u00bb header_font=\u00bb||||||||\u00bb header_4_font=\u00bb||||||||\u00bb header_4_text_color=\u00bb#ffffff\u00bb background_color=\u00bb#0196ae\u00bb custom_margin=\u00bb0px|0px|0px|0px\u00bb custom_padding=\u00bb10px|10px|0px|20px\u00bb locked=\u00bboff\u00bb]<\/p>\n<h4><strong>PATRIMONIO<\/strong><\/h4>\n<p>[\/et_pb_text][dsm_menu title_bottom_gap=\u00bb8px\u00bb menu_id=\u00bb30&#8243; list_style_color=\u00bb#0196ae\u00bb _builder_version=\u00bb3.18.9&#8243; header_font=\u00bbGeorgia|700|||on|on||#0196ae|dotted\u00bb header_text_color=\u00bb#0196ae\u00bb background_color=\u00bbrgba(1,150,174,0.05)\u00bb custom_margin=\u00bb-10px|-10px|-10px|-10px\u00bb custom_padding=\u00bb20px|10px|10px|20px\u00bb custom_padding_last_edited=\u00bboff|desktop\u00bb][\/dsm_menu][\/et_pb_column][\/et_pb_row][\/et_pb_section]<\/p>\n","protected":false},"excerpt":{"rendered":"<p>[et_pb_section fb_built=\u00bb1&#8243; inner_shadow=\u00bbon\u00bb _builder_version=\u00bb3.18.9&#8243; background_color=\u00bb#0196ae\u00bb background_image=\u00bbhttps:\/\/obispado-mdp.org.ar\/a\/wp-content\/uploads\/2020\/02\/INSTITUCIONAL-FONDO-1.jpg\u00bb parallax=\u00bbon\u00bb mix_blend_mode=\u00bbmultiply\u00bb top_divider_flip=\u00bbvertical\u00bb bottom_divider_style=\u00bbcurve\u00bb bottom_divider_color=\u00bb#0196ae\u00bb bottom_divider_height=\u00bb11px\u00bb bottom_divider_arrangement=\u00bbabove_content\u00bb global_module=\u00bb79&#8243; saved_tabs=\u00bball\u00bb locked=\u00bboff\u00bb][et_pb_row _builder_version=\u00bb3.18.9&#8243;][et_pb_column type=\u00bb4_4&#8243; _builder_version=\u00bb3.18.9&#8243; parallax=\u00bboff\u00bb parallax_method=\u00bbon\u00bb][et_pb_text _builder_version=\u00bb3.18.9&#8243; header_font=\u00bb|600|||||||\u00bb header_text_color=\u00bb#ffffff\u00bb header_line_height=\u00bb0.9em\u00bb header_text_shadow_style=\u00bbpreset3&#8243;] Institucional [\/et_pb_text][\/et_pb_column][\/et_pb_row][\/et_pb_section][et_pb_section fb_built=\u00bb1&#8243; _builder_version=\u00bb3.18.9&#8243; background_color=\u00bb#0196ae\u00bb custom_padding=\u00bb0px||0px\u00bb global_module=\u00bb705&#8243; saved_tabs=\u00bball\u00bb][et_pb_row _builder_version=\u00bb3.18.9&#8243;][et_pb_column type=\u00bb4_4&#8243; _builder_version=\u00bb3.18.9&#8243; parallax=\u00bboff\u00bb parallax_method=\u00bbon\u00bb][et_pb_text _builder_version=\u00bb3.18.9&#8243; header_font=\u00bb||||||||\u00bb header_2_font=\u00bb|700|||||||\u00bb] PATRIMONIO ARQUIT\u00c9CTONICO DE LA DI\u00d3CESIS [\/et_pb_text][\/et_pb_column][\/et_pb_row][\/et_pb_section][et_pb_section fb_built=\u00bb1&#8243; _builder_version=\u00bb3.18.9&#8243; custom_margin=\u00bb0px||0px||true\u00bb][et_pb_row make_fullwidth=\u00bbon\u00bb _builder_version=\u00bb3.18.9&#8243; background_size=\u00bbinitial\u00bb background_position=\u00bbtop_left\u00bb [&hellip;]<\/p>\n","protected":false},"author":1,"featured_media":686,"parent":371,"menu_order":3,"comment_status":"closed","ping_status":"closed","template":"","meta":{"_et_pb_use_builder":"on","_et_pb_old_content":"<!-- wp:paragraph -->\n<p>Un pasado fuera de serie, un presente pujante y un porvenir abierto a las\nm\u00e1s nobles perspectivas, dan car\u00e1cter singular a la fisonom\u00eda de Mar del Plata,\nque ha sabido recoger del avance de los tiempos modernos lo que fuerza sus\npotencias naturales, sin desfigurar su propia personalidad.<\/p>\n<!-- \/wp:paragraph -->\n\n<!-- wp:paragraph -->\n<p>Don Patricio Peralta Ramos, fundador de Mar del Plata, que en el a\u00f1o 1860\nadquiri\u00f3 de don Jos\u00e9 Coelho de Meyrelles tres estancias denominadas LAGUNA DE\nLOS PADRES, SAN JULIAN DE VIVORATA y ARMONIA, con un total de 136.422\nhect\u00e1reas, en las que se hallaba comprendida la extensi\u00f3n destinada a la\nfundaci\u00f3n de nuestra ciudad, dispuso la erecci\u00f3n de una Capilla en la parte\nsuperior de la primitivamente denominada \"Sierra de la Chacra\". Ese\ntemplo, inaugurado en 1873 fue puesto bajo la advocaci\u00f3n de la Virgen y M\u00e1rtir\nSANTA CECILIA, por llamarse Cecilia la esposa de don Patricio Peralta Ramos.<\/p>\n<!-- \/wp:paragraph -->\n\n<!-- wp:paragraph -->\n<p>La construcci\u00f3n estuvo a cargo de Don Francisco Beltrami, posiblemente el\nprimer profesional del ramo que actu\u00f3 entonces, quien tambi\u00e9n levat\u00f3 en 1890 la\nCasa Municipal, durante la administraci\u00f3n del primer Intendente del Partido,\ndon Fortunato de la Plaza.<\/p>\n<!-- \/wp:paragraph -->\n\n<!-- wp:paragraph -->\n<p>Este templo fue verdadera \"piedra fundamental\" de Mar del Plata,\ncomo sostuvo con todo acierto Monse\u00f1or Dr. Juan Mart\u00edn Zabala en ocasi\u00f3n de\ncelebrarse las Bodas de Oro del Instituto Santa Cecilia, establecimiento\neducacional de verdadera gravitaci\u00f3n en la cultura marplatense a cargo de las\nHermanas de Nuestra Se\u00f1ora del Huerto, anexo a la Capilla fundadora.<\/p>\n<!-- \/wp:paragraph -->\n\n<!-- wp:paragraph -->\n<p>No puede ponerse en duda que ese templo presidi\u00f3 el proceso de crecimiento\nde Mar del Plata, pues el Agrimensor don Carlos de Chapeaurouge que traz\u00f3 los\nplanos del pueblo, fij\u00f3 el rumbo de las calles partiendo de frente a esa\ncapilla, la construcci\u00f3n m\u00e1s importante del pueblo naciente.<\/p>\n<!-- \/wp:paragraph -->\n\n<!-- wp:paragraph -->\n<p>En su presentaci\u00f3n al Gobernador de la provincia don Mariano Acosta de fecha\n14 de noviembre de 1873, el fundador de la ciudad don Patricio Peralta Ramos\ndec\u00eda: \"Este punto llamado a tan grande desenvolvimiento, es ya un pueblo:\nhay en \u00e9l un gran Saladero, cuyo costo primario fue de cuatro millones de pesos\nmonedo corriente; hay un muelle de fierro que cost\u00f3 30.000 duros; hay un molino\nde agua que puede elaborar harina suficiente para las necesidades de la localidad;\nHAY UNA IGLESIA DE PIEDRA Y CAL CON TODO CUANTO ES REQUERIDO, QUE PUEDE\nCONTENER 400 PERSONAS, ERIGIDA RECIENTEMENTE EN PARROQUIA PROVISORIA Y ESTA\nALLI EL SACERDOTE QUE DEBE REGENTEARLA.<\/p>\n<!-- \/wp:paragraph -->\n\n<!-- wp:paragraph -->\n<p>Caminito de tierra desdibujado, serpenteando entre las rocas, permit\u00eda\nllegar hasta la Capilla. Los fieles purificaban sus almas en comuni\u00f3n con el\ncielo antes de penetrar en el templo cuya campana repiqueteaba alegremente en\nlas festividades religiosas y patrias y hasta un ca\u00f1oncito, extra\u00eddo de los\nrestos del barco Alice, de Gran Breta\u00f1a, que se hundi\u00f3 frente a Punta Iglesia,\npermit\u00eda realizar disparos que entonces eran nuncio de fiesta.<\/p>\n<!-- \/wp:paragraph -->\n\n<!-- wp:paragraph -->\n<p>Desde el instante que se inaugura la Capilla SANTA CECILIA, se hilvana la\nhistoria de Mar del Plata; historia de piedra, de trabajo, de peligros, de\nrealizaciones, con participaci\u00f3n activa de corrientes inmigratorias, todo lo\nque se traduce hoy en Mar del Plata, capital del turismo argentino.<\/p>\n<!-- \/wp:paragraph -->\n\n<!-- wp:paragraph -->\n<p>El 22 de noviembre de cada a\u00f1o se celebra jubilosamente el D\u00eda de la Patrona\nde Mar del Plata, SANTA CECILIA, patronato establecido en 1896 por el\nArzobispado, y ratificado en 1897 por las autoridades locales.<\/p>\n<!-- \/wp:paragraph -->\n\n<!-- wp:paragraph -->\n<p>Ayer, en los comienzos, las inmediaciones de la Capilla Santa Cecilia se\nestacionaban los carruajes utilizados por las familias para su traslado a\nalguna distancia. Eran algo as\u00ed como el eslab\u00f3n intermedio entre las\ndiligencias y los primeros autom\u00f3viles. All\u00ed, frente al primitivo templo,\nconstitu\u00edan algo as\u00ed como una demostraci\u00f3n de fe de sus propietarios, recias\nfiguras del pueblo. <br>\n<br>\nHoy Mar del Plata se ha incorporado de lleno al ritmo de los tiempos sin\nrenegar de lo antiguo. Por eso, mientras como una voz que nos llega desde el\nremoto pasado de nuestros abuelos la C\u00fapula de Santa Cecilia nos habla el viejo\nidioma con la lengua de bronce de su campana y en ese mismo idioma nos llama al\nrecogimiento su toque de oraci\u00f3n, el tr\u00e1nsito ruidoso de la avenida Luro, de la\ncalle San Mart\u00edn y otras cercanas arterias atruena el espacio con el estr\u00e9pito\nnervioso de su vida moderna, mientras asciende, en el aire ligero hasta la\nproximidad de las nubes, el atrevimiento de los rascacielos. <\/p>\n<!-- \/wp:paragraph -->\n\n<!-- wp:paragraph -->\n<p>Por decreto N\u00b0 793\/71 del P.E. de la Naci\u00f3n, se declara Monumento Hist\u00f3rico\nNacional a la Capilla Santa Cecilia. <\/p>\n<!-- \/wp:paragraph -->","_et_gb_content_width":""},"aioseo_notices":[],"_links":{"self":[{"href":"https:\/\/www.obispado-mdp.org.ar\/a\/wp-json\/wp\/v2\/pages\/690"}],"collection":[{"href":"https:\/\/www.obispado-mdp.org.ar\/a\/wp-json\/wp\/v2\/pages"}],"about":[{"href":"https:\/\/www.obispado-mdp.org.ar\/a\/wp-json\/wp\/v2\/types\/page"}],"author":[{"embeddable":true,"href":"https:\/\/www.obispado-mdp.org.ar\/a\/wp-json\/wp\/v2\/users\/1"}],"replies":[{"embeddable":true,"href":"https:\/\/www.obispado-mdp.org.ar\/a\/wp-json\/wp\/v2\/comments?post=690"}],"version-history":[{"count":0,"href":"https:\/\/www.obispado-mdp.org.ar\/a\/wp-json\/wp\/v2\/pages\/690\/revisions"}],"up":[{"embeddable":true,"href":"https:\/\/www.obispado-mdp.org.ar\/a\/wp-json\/wp\/v2\/pages\/371"}],"wp:featuredmedia":[{"embeddable":true,"href":"https:\/\/www.obispado-mdp.org.ar\/a\/wp-json\/"}],"wp:attachment":[{"href":"https:\/\/www.obispado-mdp.org.ar\/a\/wp-json\/wp\/v2\/media?parent=690"}],"curies":[{"name":"wp","href":"https:\/\/api.w.org\/{rel}","templated":true}]}}