{"id":746,"date":"2020-02-22T23:52:23","date_gmt":"2020-02-23T02:52:23","guid":{"rendered":"http:\/\/www.obispado-mdp.org.ar\/a\/?page_id=746"},"modified":"2020-02-22T23:52:23","modified_gmt":"2020-02-23T02:52:23","slug":"reduccion-del-pilar","status":"publish","type":"page","link":"https:\/\/www.obispado-mdp.org.ar\/a\/diocesis\/patrimonio-arquitectonico-de-la-diocesis\/reduccion-del-pilar\/","title":{"rendered":"Reducci\u00f3n del Pilar"},"content":{"rendered":"<p>[et_pb_section fb_built=\u00bb1&#8243; inner_shadow=\u00bbon\u00bb _builder_version=\u00bb3.18.9&#8243; background_color=\u00bb#0196ae\u00bb background_image=\u00bbhttps:\/\/obispado-mdp.org.ar\/a\/wp-content\/uploads\/2020\/02\/INSTITUCIONAL-FONDO-1.jpg\u00bb parallax=\u00bbon\u00bb mix_blend_mode=\u00bbmultiply\u00bb top_divider_flip=\u00bbvertical\u00bb bottom_divider_style=\u00bbcurve\u00bb bottom_divider_color=\u00bb#0196ae\u00bb bottom_divider_height=\u00bb11px\u00bb bottom_divider_arrangement=\u00bbabove_content\u00bb global_module=\u00bb79&#8243; saved_tabs=\u00bball\u00bb locked=\u00bboff\u00bb][et_pb_row _builder_version=\u00bb3.18.9&#8243;][et_pb_column type=\u00bb4_4&#8243; _builder_version=\u00bb3.18.9&#8243; parallax=\u00bboff\u00bb parallax_method=\u00bbon\u00bb][et_pb_text _builder_version=\u00bb3.18.9&#8243; header_font=\u00bb|600|||||||\u00bb header_text_color=\u00bb#ffffff\u00bb header_line_height=\u00bb0.9em\u00bb header_text_shadow_style=\u00bbpreset3&#8243;]<\/p>\n<h1 style=\"text-align: center;\">Institucional<\/h1>\n<p>[\/et_pb_text][\/et_pb_column][\/et_pb_row][\/et_pb_section][et_pb_section fb_built=\u00bb1&#8243; _builder_version=\u00bb3.18.9&#8243; background_color=\u00bb#0196ae\u00bb custom_padding=\u00bb0px||0px\u00bb link_option_url=\u00bbhttps:\/\/obispado-mdp.org.ar\/a\/diocesis\/patrimonio-arquitectonico-de-la-diocesis\/\u00bb global_module=\u00bb705&#8243; saved_tabs=\u00bball\u00bb][et_pb_row _builder_version=\u00bb3.18.9&#8243;][et_pb_column type=\u00bb4_4&#8243; _builder_version=\u00bb3.18.9&#8243; parallax=\u00bboff\u00bb parallax_method=\u00bbon\u00bb][et_pb_text _builder_version=\u00bb3.18.9&#8243; header_font=\u00bb||||||||\u00bb header_2_font=\u00bb|700|||||||\u00bb]<\/p>\n<h3 style=\"text-align: center;\"><a href=\"https:\/\/obispado-mdp.org.ar\/a\/diocesis\/patrimonio-arquitectonico-de-la-diocesis\/\"><strong><span style=\"color: #ffffff;\">PATRIMONIO ARQUITECT\u00d3NICO DE LA DI\u00d3CESIS<\/span><\/strong><\/a><\/h3>\n<p>[\/et_pb_text][\/et_pb_column][\/et_pb_row][\/et_pb_section][et_pb_section fb_built=\u00bb1&#8243; _builder_version=\u00bb3.0.47&#8243;][et_pb_row make_fullwidth=\u00bbon\u00bb _builder_version=\u00bb3.18.9&#8243; background_size=\u00bbinitial\u00bb background_position=\u00bbtop_left\u00bb background_repeat=\u00bbrepeat\u00bb][et_pb_column type=\u00bb3_4&#8243; _builder_version=\u00bb3.0.47&#8243; parallax=\u00bboff\u00bb parallax_method=\u00bbon\u00bb][et_pb_text admin_label=\u00bbText\u00bb _builder_version=\u00bb3.18.9&#8243; header_font=\u00bb|700|||||||\u00bb header_text_color=\u00bb#0196ae\u00bb border_width_bottom=\u00bb1px\u00bb border_color_bottom=\u00bb#0196ae\u00bb]<\/p>\n<h1>Reducci\u00f3n del Pilar<\/h1>\n<p>[\/et_pb_text][et_pb_text _builder_version=\u00bb3.18.9&#8243; background_size=\u00bbinitial\u00bb background_position=\u00bbtop_left\u00bb background_repeat=\u00bbrepeat\u00bb]<\/p>\n<p><img loading=\"lazy\" src=\"https:\/\/obispado-mdp.org.ar\/a\/wp-content\/uploads\/2020\/02\/reduccion.jpg\" alt=\"\" class=\"wp-image-747 alignleft size-full\" width=\"400\" height=\"244\" \/>Mar del Plata es hoy un gran centro de actividades tur\u00edsticas y de intensa vida permanente, verdadero rumbo cierto de la voluntad colectiva de los argentinos. Pero tiene leg\u00edtimo orgullo de su historia y la recuerda con sugestionadora complacencia. Abriendo el antiguo cofre de recuerdos, vamos a destacar un acontecimiento memorable que inicia la cronolog\u00eda de la civilizaci\u00f3n en esta zona Sud-este de la provincia de Buenos Aires: la evangelizaci\u00f3n de los indios en la regi\u00f3n de Mar del Plata.<\/p>\n<p>Una sencilla Cruz presidi\u00f3 la admirable obra de catequizaci\u00f3n de los jesu\u00edtas quienes, venciendo dificultades de toda naturaleza, desarrollaron en este puesto de avanzada de la civilizaci\u00f3n en territorio dominado por los indios, una labor de extraordinarias proyecciones.<\/p>\n<p>Los pampas y serranos depusieron sus armas te\u00f1idas de rojo agrupando sus tolder\u00edas en esa Reducci\u00f3n de Nuestra Se\u00f1ora del Pilar, a cuyo frente actuaron los RR. PP. Cardiel, Falkner y Strobel. As\u00ed surgi\u00f3 la primera poblaci\u00f3n cristiana entre las inmensidades azul del Atl\u00e1ntico y verde de la pampa.<\/p>\n<p>En r\u00fastico sagrario aprendieron los naturales lo que es la s\u00edntesis de toda la teolog\u00eda, el Catecismo, que tiene sus ra\u00edces en la naturaleza humana y en la esencia divina, porque es la f\u00f3rmula natural y sobrenatural de las mutuas relaciones entre Dios y el hombre.<\/p>\n<p>El pr\u00f3logo de la fundaci\u00f3n de Mar de Plata se desarroll\u00f3 en esa Misi\u00f3n cat\u00f3lica y tuvo profundo acento de pac\u00edfica gesta, al conjuro de la palabra rectora de Jesu\u00edtas que predicaron entre los abor\u00edgene de igualdad de los destinos del hombre, con el prop\u00f3sito de preparar amaneceres m\u00e1s claros para la civilizaci\u00f3n, inspirados en los principios del Serm\u00f3n de la Monta\u00f1a.<\/p>\n<p><img loading=\"lazy\" src=\"https:\/\/obispado-mdp.org.ar\/a\/wp-content\/uploads\/2020\/02\/reduccion3.png\" alt=\"\" class=\"wp-image-774 alignleft size-full\" width=\"170\" height=\"120\" \/>La misi\u00f3n de fundar la reducci\u00f3n del Pilar en las inmediaciones del Volc\u00e1n (Balcarce) fue encomendada al Padre Jos\u00e9 Cardiel quien se traslad\u00f3 al lugar en compa\u00f1\u00eda del Padre Tom\u00e1s Falkner. El lugar dista 70 leguas de Buenos Aires y all\u00ed encontraron a fines de agosto de 1746 como 300 indios que \u00abmostraron gusto de que los form\u00e1ramos pueblo, aunque algunos se mostraban adversos a la cristiandad\u00bb. como afirma el Padre Cardiel en un informe. Cardiel era espa\u00f1ol, fervoroso. Falkner, ingl\u00e9s y flem\u00e1tico, pero ambos nacidos para lo heroico y dif\u00edcil. El nombre de la Reducci\u00f3n le fue impuesto por traer el Padre Cardiel una estampa de Nuestra Se\u00f1ora del Pilar.<\/p>\n<p>La Reducci\u00f3n del Pilar se levant\u00f3 a orillas de la Laguna \u00abLas Cabrillas\u00bb denominada en la actualidad \u00abLaguna de los Padres\u00bb.<\/p>\n<p>Los campos de la Reducci\u00f3n se extend\u00edan hasta el Atl\u00e1ntico entre los arroyos \u00abLa Tapera\u00bb y \u00abDel Barco\u00bb, o sea el per\u00edmetro actual de Mar del Plata.<\/p>\n<p>La Reducci\u00f3n ofrec\u00eda a los naturales campo propicio para el trabajo placentero e intervenci\u00f3n en la organizaci\u00f3n administrativa y policial.<\/p>\n<p>Adem\u00e1s del Catecismo, en charlas sencillas se destacaban las ventajas de vivir en determinados lugares, en comunidad, sujet\u00e1ndose a las leyes cristianas de respeto por todos, lo que hac\u00eda posible la mejor atenci\u00f3n de los enfermos, la distribuci\u00f3n de provisiones y el aprovechamiento del aprendizaje de labores manuales y de cultivos. Los exhortaban asimismo a la obediencia para con el rey y a sus representantes, tratando de apartarlos del camino del saqueo, del robo y del consumo de bebidas alcoh\u00f3licas.<\/p>\n<p>Entre las actividades laborales figuraba el cultivo del trigo, siendo esta poblaci\u00f3n la pionera en esta materia en el sud-este de la provincia.<\/p>\n<p>El cacique Felipe Yahati que se hab\u00eda retirado de la Reducci\u00f3n de la Concepci\u00f3n, a orillas del R\u00edo Salado, fue hecho prisionero en el pago de Luj\u00e1n y sentenciado a muerte por reiterados robos. Los Padres Jesuitas de Buenos Aires lograron su libertad y se incorpor\u00f3 a la Reducci\u00f3n del Pilar, que con ese contingente, los Tehuelches y otras tribus, reuni\u00f3 a unas mil doscientas almas.<\/p>\n<p>Se gestion\u00f3 entonces ante el gobierno de la provincia la categor\u00eda de Pueblo, lo que implicaba contar con Cabildo, organizaci\u00f3n administrativa y policial, semejante a la que en tiempo de la colonia reg\u00eda para las comunas.<\/p>\n<p>El 1\u00b0 de enero de 1751 qued\u00f3 constituido el Cabildo del Pueblo. El acta del primer comicio realizado en esta zona se encuentra en la Biblioteca Nacional, siendo un documento de gran valor hist\u00f3rico y muy poco conocido.<\/p>\n<p>Esta magn\u00edfica organizaci\u00f3n comunal se vio malograda poco despu\u00e9s por la amenaza de destrucci\u00f3n de la propia reducci\u00f3n por parte del cacique Cangapol, conocido por los espa\u00f1oles como el \u00abcacique bravo\u00bb, de estatura herc\u00falea, altanero, gran cacique de los Puelches y Pampas, desde el l\u00edmite del R\u00edo Salado hasta R\u00edo Negro.<\/p>\n<p>El pedido de soldados formulado al gobernador el 31 de junio de 1751 conforme a disposiciones reales para la defensa de las reducciones de indios no fue tomado en cuenta y el 1 de septiembre de ese a\u00f1o los misioneros y parte de los indios de la Reducci\u00f3n emprendieron la retirada hacia la reducci\u00f3n de la Concepci\u00f3n. Finaliz\u00f3 as\u00ed un notable esfuerzo civilizador, que pudo tener proyecciones insospechadas sobre la marcha de la naci\u00f3n, anticipando la conquista pac\u00edfica del desierto, que se vio dilatada por m\u00e1s de un siglo, demandando ingentes recursos y sangrientas luchas.<\/p>\n<p>El primer Congreso de Historia de los Pueblos de la Provincia de Buenos Aires reunido en La Plata el 28 de septiembre de 1950 declar\u00f3 LUGAR HISTORICO al paraje donde hab\u00eda sido habilitada la Reducci\u00f3n de Nuestra Se\u00f1ora del Pilar, a moci\u00f3n del delegado comunal marplatense, destacado historiador Escribano Don Julio C\u00e9sar Gasc\u00f3n. Por resoluci\u00f3n municipal se levant\u00f3 all\u00ed mismo, a orillas de la Laguna de los Padres, la r\u00e9plica de la Capilla y de tres ranchos, con muros de piedra y cercos de palo a pique, cont\u00e1ndose con el valioso y desinteresado asesoramiento del prestigioso escritor argentino R.P. Dr. Guillermo Furlong Cardiff S.J. uno de los grandes valores de la Iglesia de nuestra patria, que no abandon\u00f3 la investigaci\u00f3n hist\u00f3rica hasta el d\u00eda de su lamentada desaparici\u00f3n.<\/p>\n<p>Visite la web de la Reducci\u00f3n Jesu\u00edtica de Nuestra Se\u00f1ora del Pilar <a href=\"http:\/\/www.reducciondelpilar.com.ar\/\">www.reducciondelpilar.com.ar<\/a><\/p>\n<p><img loading=\"lazy\" src=\"https:\/\/obispado-mdp.org.ar\/a\/wp-content\/uploads\/2020\/02\/reduccion3.png\" alt=\"\" class=\"wp-image-774 alignleft size-full\" width=\"170\" height=\"120\" \/><\/p>\n<p>[\/et_pb_text][et_pb_button button_url=\u00bbhttps:\/\/obispado-mdp.org.ar\/a\/diocesis\/patrimonio-arquitectonico-de-la-diocesis\/\u00bb button_text=\u00bbvolver\u00bb _builder_version=\u00bb3.18.9&#8243; custom_button=\u00bbon\u00bb button_font=\u00bb||||||||\u00bb button_icon=\u00bb%%27%%\u00bb button_icon_placement=\u00bbleft\u00bb][\/et_pb_button][\/et_pb_column][et_pb_column type=\u00bb1_4&#8243; _builder_version=\u00bb3.0.47&#8243; parallax=\u00bboff\u00bb parallax_method=\u00bbon\u00bb][et_pb_text _builder_version=\u00bb3.18.9&#8243; text_font=\u00bb||||||||\u00bb header_font=\u00bb||||||||\u00bb header_4_font=\u00bb||||||||\u00bb header_4_text_color=\u00bb#ffffff\u00bb background_color=\u00bb#0196ae\u00bb custom_margin=\u00bb0px|0px|0px|0px\u00bb custom_padding=\u00bb10px|10px|0px|20px\u00bb locked=\u00bboff\u00bb]<\/p>\n<h4><strong>PATRIMONIO<\/strong><\/h4>\n<p>[\/et_pb_text][dsm_menu title_bottom_gap=\u00bb8px\u00bb menu_id=\u00bb30&#8243; list_style_color=\u00bb#0196ae\u00bb _builder_version=\u00bb3.18.9&#8243; header_font=\u00bbGeorgia|700|||on|on||#0196ae|dotted\u00bb header_text_color=\u00bb#0196ae\u00bb background_color=\u00bbrgba(1,150,174,0.05)\u00bb custom_margin=\u00bb-10px|-10px|-10px|-10px\u00bb custom_padding=\u00bb20px|10px|10px|20px\u00bb custom_padding_last_edited=\u00bboff|desktop\u00bb][\/dsm_menu][\/et_pb_column][\/et_pb_row][\/et_pb_section]<\/p>\n","protected":false},"excerpt":{"rendered":"<p>[et_pb_section fb_built=\u00bb1&#8243; inner_shadow=\u00bbon\u00bb _builder_version=\u00bb3.18.9&#8243; background_color=\u00bb#0196ae\u00bb background_image=\u00bbhttps:\/\/obispado-mdp.org.ar\/a\/wp-content\/uploads\/2020\/02\/INSTITUCIONAL-FONDO-1.jpg\u00bb parallax=\u00bbon\u00bb mix_blend_mode=\u00bbmultiply\u00bb top_divider_flip=\u00bbvertical\u00bb bottom_divider_style=\u00bbcurve\u00bb bottom_divider_color=\u00bb#0196ae\u00bb bottom_divider_height=\u00bb11px\u00bb bottom_divider_arrangement=\u00bbabove_content\u00bb global_module=\u00bb79&#8243; saved_tabs=\u00bball\u00bb locked=\u00bboff\u00bb][et_pb_row _builder_version=\u00bb3.18.9&#8243;][et_pb_column type=\u00bb4_4&#8243; _builder_version=\u00bb3.18.9&#8243; parallax=\u00bboff\u00bb parallax_method=\u00bbon\u00bb][et_pb_text _builder_version=\u00bb3.18.9&#8243; header_font=\u00bb|600|||||||\u00bb header_text_color=\u00bb#ffffff\u00bb header_line_height=\u00bb0.9em\u00bb header_text_shadow_style=\u00bbpreset3&#8243;] Institucional [\/et_pb_text][\/et_pb_column][\/et_pb_row][\/et_pb_section][et_pb_section fb_built=\u00bb1&#8243; _builder_version=\u00bb3.18.9&#8243; background_color=\u00bb#0196ae\u00bb custom_padding=\u00bb0px||0px\u00bb link_option_url=\u00bbhttps:\/\/obispado-mdp.org.ar\/a\/diocesis\/patrimonio-arquitectonico-de-la-diocesis\/\u00bb global_module=\u00bb705&#8243; saved_tabs=\u00bball\u00bb][et_pb_row _builder_version=\u00bb3.18.9&#8243;][et_pb_column type=\u00bb4_4&#8243; _builder_version=\u00bb3.18.9&#8243; parallax=\u00bboff\u00bb parallax_method=\u00bbon\u00bb][et_pb_text _builder_version=\u00bb3.18.9&#8243; header_font=\u00bb||||||||\u00bb header_2_font=\u00bb|700|||||||\u00bb] PATRIMONIO ARQUITECT\u00d3NICO DE LA DI\u00d3CESIS [\/et_pb_text][\/et_pb_column][\/et_pb_row][\/et_pb_section][et_pb_section fb_built=\u00bb1&#8243; _builder_version=\u00bb3.0.47&#8243;][et_pb_row make_fullwidth=\u00bbon\u00bb _builder_version=\u00bb3.18.9&#8243; background_size=\u00bbinitial\u00bb background_position=\u00bbtop_left\u00bb [&hellip;]<\/p>\n","protected":false},"author":1,"featured_media":747,"parent":371,"menu_order":6,"comment_status":"closed","ping_status":"closed","template":"","meta":{"_et_pb_use_builder":"on","_et_pb_old_content":"","_et_gb_content_width":""},"aioseo_notices":[],"_links":{"self":[{"href":"https:\/\/www.obispado-mdp.org.ar\/a\/wp-json\/wp\/v2\/pages\/746"}],"collection":[{"href":"https:\/\/www.obispado-mdp.org.ar\/a\/wp-json\/wp\/v2\/pages"}],"about":[{"href":"https:\/\/www.obispado-mdp.org.ar\/a\/wp-json\/wp\/v2\/types\/page"}],"author":[{"embeddable":true,"href":"https:\/\/www.obispado-mdp.org.ar\/a\/wp-json\/wp\/v2\/users\/1"}],"replies":[{"embeddable":true,"href":"https:\/\/www.obispado-mdp.org.ar\/a\/wp-json\/wp\/v2\/comments?post=746"}],"version-history":[{"count":0,"href":"https:\/\/www.obispado-mdp.org.ar\/a\/wp-json\/wp\/v2\/pages\/746\/revisions"}],"up":[{"embeddable":true,"href":"https:\/\/www.obispado-mdp.org.ar\/a\/wp-json\/wp\/v2\/pages\/371"}],"wp:featuredmedia":[{"embeddable":true,"href":"https:\/\/www.obispado-mdp.org.ar\/a\/wp-json\/"}],"wp:attachment":[{"href":"https:\/\/www.obispado-mdp.org.ar\/a\/wp-json\/wp\/v2\/media?parent=746"}],"curies":[{"name":"wp","href":"https:\/\/api.w.org\/{rel}","templated":true}]}}