{"id":84,"date":"2020-02-11T11:59:51","date_gmt":"2020-02-11T14:59:51","guid":{"rendered":"http:\/\/www.obispado-mdp.org.ar\/a\/?page_id=84"},"modified":"2025-08-13T10:24:47","modified_gmt":"2025-08-13T13:24:47","slug":"obispo","status":"publish","type":"page","link":"https:\/\/www.obispado-mdp.org.ar\/a\/diocesis\/obispo\/","title":{"rendered":"Obispo"},"content":{"rendered":"<p>[et_pb_section fb_built=\u00bb1&#8243; inner_shadow=\u00bbon\u00bb _builder_version=\u00bb3.18.9&#8243; background_color=\u00bb#0196ae\u00bb background_image=\u00bbhttps:\/\/obispado-mdp.org.ar\/a\/wp-content\/uploads\/2020\/02\/INSTITUCIONAL-FONDO-1.jpg\u00bb parallax=\u00bbon\u00bb mix_blend_mode=\u00bbmultiply\u00bb top_divider_flip=\u00bbvertical\u00bb bottom_divider_style=\u00bbcurve\u00bb bottom_divider_color=\u00bb#0196ae\u00bb bottom_divider_height=\u00bb11px\u00bb bottom_divider_arrangement=\u00bbabove_content\u00bb global_module=\u00bb79&#8243; saved_tabs=\u00bball\u00bb locked=\u00bboff\u00bb][et_pb_row _builder_version=\u00bb3.25&#8243;][et_pb_column type=\u00bb4_4&#8243; _builder_version=\u00bb3.25&#8243; custom_padding=\u00bb|||\u00bb custom_padding__hover=\u00bb|||\u00bb][et_pb_text _builder_version=\u00bb3.27.4&#8243; header_font=\u00bb|600|||||||\u00bb header_text_color=\u00bb#ffffff\u00bb header_line_height=\u00bb0.9em\u00bb header_text_shadow_style=\u00bbpreset3&#8243;]<\/p>\n<h1 style=\"text-align: center;\">Institucional<\/h1>\n<p>[\/et_pb_text][\/et_pb_column][\/et_pb_row][\/et_pb_section][et_pb_section fb_built=\u00bb1&#8243; _builder_version=\u00bb3.22&#8243; custom_margin=\u00bb0px|0px|0px|0px\u00bb custom_padding=\u00bb0px|0px|0px|0px\u00bb locked=\u00bboff\u00bb][et_pb_row column_structure=\u00bb3_4,1_4&#8243; use_custom_gutter=\u00bbon\u00bb gutter_width=\u00bb2&#8243; make_equal=\u00bbon\u00bb _builder_version=\u00bb4.4.8&#8243; width=\u00bb90%\u00bb max_width=\u00bb90%\u00bb use_custom_width=\u00bbon\u00bb width_unit=\u00bboff\u00bb custom_width_percent=\u00bb90%\u00bb][et_pb_column type=\u00bb3_4&#8243; _builder_version=\u00bb3.25&#8243; custom_padding=\u00bb|||\u00bb custom_padding__hover=\u00bb|||\u00bb][et_pb_text admin_label=\u00bbText\u00bb _builder_version=\u00bb3.27.4&#8243; header_font=\u00bb|700|||||||\u00bb header_text_color=\u00bb#0196ae\u00bb border_width_bottom=\u00bb1px\u00bb border_color_bottom=\u00bb#0196ae\u00bb locked=\u00bboff\u00bb]<\/p>\n<h1>Obispo Diocesano<\/h1>\n<h3>S. E. R. Mons. Dr. Ernesto Giobando sj<\/h3>\n<p>[\/et_pb_text][et_pb_text admin_label=\u00bbText\u00bb _builder_version=\u00bb4.4.8&#8243; header_font=\u00bb|700|||||||\u00bb header_text_color=\u00bb#0196ae\u00bb border_color_bottom=\u00bb#0196ae\u00bb locked=\u00bboff\u00bb]<img loading=\"lazy\" src=\"https:\/\/www.obispado-mdp.org.ar\/a\/wp-content\/uploads\/2025\/08\/retrato-giobano.png\" alt=\"\" class=\"wp-image-272 alignleft size-full\" width=\"179\" height=\"218\" \/>Ernesto Giobando, religioso jesuita nacido en Santa Fe el 13 de diciembre de 1959, ingres\u00f3 a los 18 a\u00f1os a la Compa\u00f1\u00eda de Jes\u00fas, siendo admitido por el entonces superior provincial, Jorge Bergoglio sj -luego papa Francisco- quien fue su formador.<\/p>\n<p>El ahora Obispo de Mar del Plata <strong>fue ordenado sacerdote el 17 de noviembre de 1990<\/strong> en el Colegio M\u00e1ximo, de San Miguel, y vivi\u00f3 gran parte de su ministerio sacerdotal en la ciudad de Buenos Aires, donde desempe\u00f1\u00f3 distintos oficios pastorales tales como encargado del \u00c1rea de Adultos Mayores de la arquidi\u00f3cesis porte\u00f1a, superior de la comunidad y rector de la Iglesia Regina Martyrum (del barrio de Congreso), y director nacional del Apostolado de la Oraci\u00f3n.<\/p>\n<p><strong>Monse\u00f1or Giobando es adem\u00e1s doctor en teolog\u00eda por la Universidad del Salvador,<\/strong> con especializaci\u00f3n en matrimonio y familia, pastoral que ocup\u00f3 gran parte de su ministerio, particularmente desde la predicaci\u00f3n de retiros a novios y matrimonios.<\/p>\n<p>Si bien en marzo de 2013 fue destinado a Montevideo (Uruguay) como superior de la comunidad Sagrada Familia, fue breve el desempe\u00f1o de ese oficio ya que el 5 de marzo de 2014 el papa Francisco lo nombr\u00f3 obispo titular de Appiaria y auxiliar de Buenos Aires, recibiendo la<strong> ordenaci\u00f3n episcopal el 3 de mayo de 2014.<\/strong><\/p>\n<p>Como obispo auxiliar de Buenos Aires, tuvo a su cargo la Vicar\u00eda de la zona Flores, y tambi\u00e9n fue responsable de las Vicar\u00edas de Ni\u00f1os y de Educaci\u00f3n, adem\u00e1s del \u00c1rea de Consagrados.<\/p>\n<p>El 17 de enero de 2024 asumi\u00f3 como administrador apost\u00f3lico de Mar del Plata, mientras que el 12 de diciembre de 2024 fue nombrado por el Santo Padre Francisco como Obispo Diocesano, iniciando su ministerio en esta Sede Episcopal el 22 de febrero de 2025. <strong>Su lema es \u201cVayan y prediquen el Evangelio\u201d,<\/strong> tomado del cap\u00edtulo 16 del Evangelio seg\u00fan San Marcos.[\/et_pb_text][et_pb_text _builder_version=\u00bb4.4.8&#8243; header_font=\u00bb||||||||\u00bb header_text_color=\u00bb#0196ae\u00bb custom_padding=\u00bb||0px|||\u00bb]<\/p>\n<p>&nbsp;<\/p>\n<h4><span style=\"color: #16559e; font-size: 22px;\"><b style=\"font-family: Montserrat, Helvetica, Arial, Lucida, sans-serif;\">Escudo Episcopal de Mons. Ernesto Giobando sj<\/b><\/span><\/h4>\n<p><img loading=\"lazy\" src=\"https:\/\/www.obispado-mdp.org.ar\/a\/wp-content\/uploads\/2025\/08\/escudo.png\" alt=\"\" class=\"wp-image-272 alignleft size-full\" width=\"179\" height=\"218\" \/> <span style=\"font-weight: 400;\">Blas\u00f3n cl\u00e1sico de un solo campo contiene dos figuras, una superior con el sello caracter\u00edstico de la Compa\u00f1\u00eda de Jes\u00fas, aunque su procedencia data del s. XIV. Las letras IHS significan el nombre de Jes\u00fas, los tres clavos representan su pasi\u00f3n y la cruz sobre la letra H fue a\u00f1adida por San Ignacio de Loyola (s. XVI) en la mayor\u00eda de sus cartas y documentos. <\/span><\/p>\n<p><span style=\"font-weight: 400;\">Los rayos y el color dorado manifiestan a Jesucristo Vivo y Resucitado, Sol de Salvaci\u00f3n en el domingo sin ocaso. En la figura de abajo se representa, en color plateado, las dos letras iniciales del Ave Mar\u00eda, las primeras palabras del \u00e1ngel Gabriel dichas a la Virgen: \u201c\u00a1Al\u00e9grate Mar\u00eda, llena de gracia\u201d! (Lc 1, 28). <\/span><\/p>\n<p><span style=\"font-weight: 400;\">La luna bajo sus pies y la corona sobre su cabeza, evocan el texto del Apocalipsis (12, 1). Este monograma jesuita se encuentra en la parte superior en el marco del cuadro de Nuestra Se\u00f1ora de los Milagros, que se venera en la Iglesia del Colegio de la Inmaculada Concepci\u00f3n de la Compa\u00f1\u00eda de Jes\u00fas, en la ciudad de Santa Fe de la Vera Cruz (Argentina). De dicho Colegio Mons. Giobando es exalumno y a los pies del cuadro milagroso de Nuestra Se\u00f1ora recibe su vocaci\u00f3n jesuita. <\/span><\/p>\n<p><span style=\"font-weight: 400;\">El color azul representa la tierra y el agua (r\u00edos y mares), signo del caminar y navegar mar adentro de nuestro Pueblo Fiel hacia su Se\u00f1or bajo el manto de Mar\u00eda, nuestra Madre. <\/span><\/p>\n<p><span style=\"font-weight: 400;\">El b\u00e1culo detr\u00e1s del escudo es figura del cayado del Buen Pastor y es un dibujo fiel del b\u00e1culo del Obispo, que fue realizado con madera de lapacho santafecino.<\/span><\/p>\n<p><span style=\"font-weight: 400;\">Las palabras del Evangelio de Marcos (16, 15): <strong>\u201cVayan y prediquen el Evangelio\u201d<\/strong>, son las que inspiran la actitud, el contenido y el fin del misionero enviado por Jes\u00fas.\u00a0<\/span><\/p>\n<p><span style=\"font-weight: 400;\"><\/span><\/p>\n<p><span style=\"font-weight: 400;\"><\/span><\/p>\n<p><span style=\"font-weight: 400;\"><\/span><\/p>\n<p>[\/et_pb_text][\/et_pb_column][et_pb_column type=\u00bb1_4&#8243; _builder_version=\u00bb3.25&#8243; custom_padding=\u00bb|||\u00bb custom_padding__hover=\u00bb|||\u00bb][et_pb_text _builder_version=\u00bb3.27.4&#8243; text_font=\u00bb||||||||\u00bb header_font=\u00bb||||||||\u00bb header_4_font=\u00bb||||||||\u00bb header_4_text_color=\u00bb#ffffff\u00bb background_color=\u00bb#0196ae\u00bb custom_margin=\u00bb0px|0px|0px|0px\u00bb custom_padding=\u00bb10px|10px|0px|20px\u00bb]<\/p>\n<h4><strong>INSTITUCIONAL<\/strong><\/h4>\n<p>[\/et_pb_text][dsm_menu title_bottom_gap=\u00bb8px\u00bb menu_id=\u00bb54&#8243; list_style_color=\u00bb#0196ae\u00bb _builder_version=\u00bb4.4.8&#8243; header_font=\u00bbGeorgia|700|||on|on||#0196ae|dotted\u00bb header_text_color=\u00bb#0196ae\u00bb background_color=\u00bbrgba(1,150,174,0.05)\u00bb custom_margin=\u00bb-10px|-10px|-10px|-10px\u00bb custom_padding=\u00bb20px|10px|10px|20px\u00bb custom_padding_last_edited=\u00bboff|desktop\u00bb][\/dsm_menu][\/et_pb_column][\/et_pb_row][\/et_pb_section][et_pb_section fb_built=\u00bb1&#8243; fullwidth=\u00bbon\u00bb _builder_version=\u00bb4.4.8&#8243;][\/et_pb_section]<\/p>\n","protected":false},"excerpt":{"rendered":"<p>[et_pb_section fb_built=\u00bb1&#8243; inner_shadow=\u00bbon\u00bb _builder_version=\u00bb3.18.9&#8243; background_color=\u00bb#0196ae\u00bb background_image=\u00bbhttps:\/\/obispado-mdp.org.ar\/a\/wp-content\/uploads\/2020\/02\/INSTITUCIONAL-FONDO-1.jpg\u00bb parallax=\u00bbon\u00bb mix_blend_mode=\u00bbmultiply\u00bb top_divider_flip=\u00bbvertical\u00bb bottom_divider_style=\u00bbcurve\u00bb bottom_divider_color=\u00bb#0196ae\u00bb bottom_divider_height=\u00bb11px\u00bb bottom_divider_arrangement=\u00bbabove_content\u00bb global_module=\u00bb79&#8243; saved_tabs=\u00bball\u00bb locked=\u00bboff\u00bb][et_pb_row _builder_version=\u00bb3.25&#8243;][et_pb_column type=\u00bb4_4&#8243; _builder_version=\u00bb3.25&#8243; custom_padding=\u00bb|||\u00bb custom_padding__hover=\u00bb|||\u00bb][et_pb_text _builder_version=\u00bb3.27.4&#8243; header_font=\u00bb|600|||||||\u00bb header_text_color=\u00bb#ffffff\u00bb header_line_height=\u00bb0.9em\u00bb header_text_shadow_style=\u00bbpreset3&#8243;] Institucional [\/et_pb_text][\/et_pb_column][\/et_pb_row][\/et_pb_section][et_pb_section fb_built=\u00bb1&#8243; _builder_version=\u00bb3.22&#8243; custom_margin=\u00bb0px|0px|0px|0px\u00bb custom_padding=\u00bb0px|0px|0px|0px\u00bb locked=\u00bboff\u00bb][et_pb_row column_structure=\u00bb3_4,1_4&#8243; use_custom_gutter=\u00bbon\u00bb gutter_width=\u00bb2&#8243; make_equal=\u00bbon\u00bb _builder_version=\u00bb4.4.8&#8243; width=\u00bb90%\u00bb max_width=\u00bb90%\u00bb use_custom_width=\u00bbon\u00bb width_unit=\u00bboff\u00bb custom_width_percent=\u00bb90%\u00bb][et_pb_column type=\u00bb3_4&#8243; _builder_version=\u00bb3.25&#8243; custom_padding=\u00bb|||\u00bb custom_padding__hover=\u00bb|||\u00bb][et_pb_text admin_label=\u00bbText\u00bb _builder_version=\u00bb3.27.4&#8243; header_font=\u00bb|700|||||||\u00bb header_text_color=\u00bb#0196ae\u00bb border_width_bottom=\u00bb1px\u00bb border_color_bottom=\u00bb#0196ae\u00bb locked=\u00bboff\u00bb] Obispo [&hellip;]<\/p>\n","protected":false},"author":1,"featured_media":45653,"parent":62,"menu_order":0,"comment_status":"closed","ping_status":"closed","template":"","meta":{"_et_pb_use_builder":"on","_et_pb_old_content":"","_et_gb_content_width":""},"aioseo_notices":[],"_links":{"self":[{"href":"https:\/\/www.obispado-mdp.org.ar\/a\/wp-json\/wp\/v2\/pages\/84"}],"collection":[{"href":"https:\/\/www.obispado-mdp.org.ar\/a\/wp-json\/wp\/v2\/pages"}],"about":[{"href":"https:\/\/www.obispado-mdp.org.ar\/a\/wp-json\/wp\/v2\/types\/page"}],"author":[{"embeddable":true,"href":"https:\/\/www.obispado-mdp.org.ar\/a\/wp-json\/wp\/v2\/users\/1"}],"replies":[{"embeddable":true,"href":"https:\/\/www.obispado-mdp.org.ar\/a\/wp-json\/wp\/v2\/comments?post=84"}],"version-history":[{"count":10,"href":"https:\/\/www.obispado-mdp.org.ar\/a\/wp-json\/wp\/v2\/pages\/84\/revisions"}],"predecessor-version":[{"id":47070,"href":"https:\/\/www.obispado-mdp.org.ar\/a\/wp-json\/wp\/v2\/pages\/84\/revisions\/47070"}],"up":[{"embeddable":true,"href":"https:\/\/www.obispado-mdp.org.ar\/a\/wp-json\/wp\/v2\/pages\/62"}],"wp:featuredmedia":[{"embeddable":true,"href":"https:\/\/www.obispado-mdp.org.ar\/a\/wp-json\/wp\/v2\/media\/45653"}],"wp:attachment":[{"href":"https:\/\/www.obispado-mdp.org.ar\/a\/wp-json\/wp\/v2\/media?parent=84"}],"curies":[{"name":"wp","href":"https:\/\/api.w.org\/{rel}","templated":true}]}}